{"id":10456,"date":"2025-09-23T07:42:05","date_gmt":"2025-09-23T05:42:05","guid":{"rendered":"https:\/\/www3.blomqvistplantskola.com\/?page_id=10456"},"modified":"2026-03-23T12:21:18","modified_gmt":"2026-03-23T10:21:18","slug":"pioner","status":"publish","type":"page","link":"https:\/\/www3.blomqvistplantskola.com\/fi\/pioner\/","title":{"rendered":"Pionit"},"content":{"rendered":"<p><div class=\"fusion-fullwidth fullwidth-box fusion-builder-row-1 fusion-flex-container has-pattern-background has-mask-background nonhundred-percent-fullwidth non-hundred-percent-height-scrolling\" style=\"--awb-border-radius-top-left:0px;--awb-border-radius-top-right:0px;--awb-border-radius-bottom-right:0px;--awb-border-radius-bottom-left:0px;--awb-padding-bottom:100px;--awb-flex-wrap:wrap;\" ><div class=\"fusion-builder-row fusion-row fusion-flex-align-items-flex-start fusion-flex-justify-content-center fusion-flex-content-wrap\" style=\"max-width:1248px;margin-left: calc(-4% \/ 2 );margin-right: calc(-4% \/ 2 );\"><div class=\"fusion-layout-column fusion_builder_column fusion-builder-column-0 fusion_builder_column_1_2 1_2 fusion-flex-column\" style=\"--awb-bg-size:cover;--awb-width-large:50%;--awb-margin-top-large:0px;--awb-spacing-right-large:3.84%;--awb-margin-bottom-large:20px;--awb-spacing-left-large:3.84%;--awb-width-medium:50%;--awb-order-medium:0;--awb-spacing-right-medium:3.84%;--awb-spacing-left-medium:3.84%;--awb-width-small:100%;--awb-order-small:0;--awb-spacing-right-small:1.92%;--awb-spacing-left-small:1.92%;\"><div class=\"fusion-column-wrapper fusion-column-has-shadow fusion-flex-justify-content-flex-start fusion-content-layout-column\"><div class=\"fusion-text fusion-text-1\"><p><b>KYSYTYT ROCKII \/ GANSU MUDAN PIONIOT<br \/>\nVALIKOITU RAJALLINEN M\u00c4\u00c4R\u00c4<\/b><\/p>\n<p>Upeat, talvenkest\u00e4v\u00e4t \"keisarilliset pionit\" suoraan Kiinasta. Rockii pionit ovat paljon talvenkest\u00e4v\u00e4mpi\u00e4 kuin tavallinen P. suffroticosa, jota tavallisimmin myyd\u00e4\u00e4n pensas\/puu pionina. Hieno voimakas tuoksu ja useimmiten lautasenkokoiset suuret kukat, jonka ansiosta ovat todellisia \"pakko saada\" -kasveja puutarhassa. N\u00e4m\u00e4 on vartettu ruohovartiseen pionin juurakkoon, mik\u00e4 antaa niille hyv\u00e4n talvenkeston. Istutetaan syv\u00e4\u00e4n ja hyvin l\u00e4p\u00e4isev\u00e4\u00e4n maahan.<\/p>\n<\/div><\/div><\/div><\/div><\/div><div class=\"fusion-fullwidth fullwidth-box fusion-builder-row-2 fusion-flex-container nonhundred-percent-fullwidth non-hundred-percent-height-scrolling\" style=\"--awb-border-radius-top-left:0px;--awb-border-radius-top-right:0px;--awb-border-radius-bottom-right:0px;--awb-border-radius-bottom-left:0px;--awb-flex-wrap:wrap;\" ><div class=\"fusion-builder-row fusion-row fusion-flex-align-items-flex-start fusion-flex-content-wrap\" style=\"max-width:1248px;margin-left: calc(-4% \/ 2 );margin-right: calc(-4% \/ 2 );\"><div class=\"fusion-layout-column fusion_builder_column fusion-builder-column-1 fusion_builder_column_1_1 1_1 fusion-flex-column\" style=\"--awb-bg-blend:overlay;--awb-bg-size:cover;--awb-width-large:100%;--awb-margin-top-large:0px;--awb-spacing-right-large:1.92%;--awb-margin-bottom-large:0px;--awb-spacing-left-large:1.92%;--awb-width-medium:100%;--awb-spacing-right-medium:1.92%;--awb-spacing-left-medium:1.92%;--awb-width-small:100%;--awb-spacing-right-small:1.92%;--awb-spacing-left-small:1.92%;\"><div class=\"fusion-column-wrapper fusion-flex-justify-content-flex-start fusion-content-layout-column\"><div class=\"fusion-woo-product-grid fusion-product-archive fusion-woo-product-grid-1\"><ul class=\"products products-4\"><li class=\"product type-product post-11129 status-publish first instock product_cat-pioner has-post-thumbnail taxable shipping-taxable purchasable product-type-simple product-grid-view\">\n\t<div class=\"fusion-product-wrapper\">\n<a href=\"https:\/\/www3.blomqvistplantskola.com\/fi\/product\/rockii-buskpion-gansu-modan-gruppen-paeonia-rockii-cheng-xin\/\" class=\"product-images\" aria-label=\"Rockii-buskpion &#8211; Gansu Modan gruppen Paeonia Rockii `Cheng Xin\u00b4\">\n\n<div class=\"featured-image\">\n\t\t<img decoding=\"async\" width=\"500\" height=\"500\" src=\"https:\/\/www3.blomqvistplantskola.com\/wp-content\/uploads\/2026\/03\/Cheng-Xin-500x500.jpg\" class=\"attachment-woocommerce_thumbnail size-woocommerce_thumbnail wp-post-image\" alt=\"\" srcset=\"https:\/\/www3.blomqvistplantskola.com\/wp-content\/uploads\/2026\/03\/Cheng-Xin-12x12.jpg 12w, https:\/\/www3.blomqvistplantskola.com\/wp-content\/uploads\/2026\/03\/Cheng-Xin-66x66.jpg 66w, https:\/\/www3.blomqvistplantskola.com\/wp-content\/uploads\/2026\/03\/Cheng-Xin-150x150.jpg 150w, https:\/\/www3.blomqvistplantskola.com\/wp-content\/uploads\/2026\/03\/Cheng-Xin-200x200.jpg 200w, https:\/\/www3.blomqvistplantskola.com\/wp-content\/uploads\/2026\/03\/Cheng-Xin-300x300.jpg 300w, https:\/\/www3.blomqvistplantskola.com\/wp-content\/uploads\/2026\/03\/Cheng-Xin-400x400.jpg 400w, https:\/\/www3.blomqvistplantskola.com\/wp-content\/uploads\/2026\/03\/Cheng-Xin-500x500.jpg 500w, https:\/\/www3.blomqvistplantskola.com\/wp-content\/uploads\/2026\/03\/Cheng-Xin.jpg 553w\" sizes=\"(max-width: 500px) 100vw, 500px\" \/>\n\t\t\t\t\t\t<div class=\"cart-loading\"><i class=\"awb-icon-spinner\" aria-hidden=\"true\"><\/i><\/div>\n\t\t\t<\/div>\n<\/a>\n<div class=\"fusion-product-content\">\n\t<div class=\"product-details\">\n\t\t<div class=\"product-details-container\">\n<h3 class=\"product-title\">\n\t<a href=\"https:\/\/www3.blomqvistplantskola.com\/fi\/product\/rockii-buskpion-gansu-modan-gruppen-paeonia-rockii-cheng-xin\/\">\n\t\t<b>Rockii -pensaspioni - Gansu Modan ryhm\u00e4 <\/b><br>Paeonia Rockii `Cheng Xin\u00b4\t<\/a>\n<\/h3>\n<div class=\"fusion-price-rating\">\n\n\t<span class=\"price\"><span class=\"woocommerce-Price-amount amount\"><bdi>68,00&nbsp;<span class=\"woocommerce-Price-currencySymbol\">&euro;<\/span><\/bdi><\/span><\/span>\n\t\t<\/div>\n\t<\/div>\n<\/div>\n\n\n\t<div class=\"product-buttons\">\n\t\t<div class=\"fusion-content-sep sep-double sep-solid\"><\/div>\n\t\t<div class=\"product-buttons-container clearfix\">\n<a href=\"\/fi\/wp-json\/wp\/v2\/pages\/10456?add-to-cart=11129\"  data-quantity=\"1\" class=\"button product_type_simple add_to_cart_button ajax_add_to_cart\" data-product_id=\"11129\" data-product_sku=\"\" aria-label=\"Lis\u00e4\u00e4 ostoskoriin: \u201cRockii-buskpion - Gansu Modan gruppen Paeonia Rockii `Cheng Xin\u00b4\u201d\" rel=\"nofollow\" data-no-translation=\"\" data-trp-gettext=\"\" data-no-translation-aria-label=\"\">Lis\u00e4\u00e4 ostoskoriin<\/a>\n<a href=\"https:\/\/www3.blomqvistplantskola.com\/fi\/product\/rockii-buskpion-gansu-modan-gruppen-paeonia-rockii-cheng-xin\/\" class=\"show_details_button\">\n\tDetails<\/a>\n\n\n\t<\/div>\n\t<\/div>\n\n\t<\/div> <\/div>\n<\/li>\n<li class=\"product type-product post-11124 status-publish instock product_cat-pioner has-post-thumbnail taxable shipping-taxable purchasable product-type-simple product-grid-view\">\n\t<div class=\"fusion-product-wrapper\">\n<a href=\"https:\/\/www3.blomqvistplantskola.com\/fi\/product\/rockii-buskpion-gansu-modan-gruppen-paeonia-rockii-he-pin-hong-xiu-qiu\/\" class=\"product-images\" aria-label=\"Rockii-buskpion &#8211; Gansu Modan gruppen Paeonia Rockii `He Pin Hong Xiu Qiu\u00b4\">\n\n<div class=\"featured-image\">\n\t\t<img decoding=\"async\" width=\"500\" height=\"428\" src=\"https:\/\/www3.blomqvistplantskola.com\/wp-content\/uploads\/2026\/03\/He-Pin-Hong-Xiu-Qui-500x428.jpg\" class=\"attachment-woocommerce_thumbnail size-woocommerce_thumbnail wp-post-image\" alt=\"\" srcset=\"https:\/\/www3.blomqvistplantskola.com\/wp-content\/uploads\/2026\/03\/He-Pin-Hong-Xiu-Qui-14x12.jpg 14w, https:\/\/www3.blomqvistplantskola.com\/wp-content\/uploads\/2026\/03\/He-Pin-Hong-Xiu-Qui-200x171.jpg 200w, https:\/\/www3.blomqvistplantskola.com\/wp-content\/uploads\/2026\/03\/He-Pin-Hong-Xiu-Qui-300x257.jpg 300w, https:\/\/www3.blomqvistplantskola.com\/wp-content\/uploads\/2026\/03\/He-Pin-Hong-Xiu-Qui-400x342.jpg 400w, https:\/\/www3.blomqvistplantskola.com\/wp-content\/uploads\/2026\/03\/He-Pin-Hong-Xiu-Qui-500x428.jpg 500w, https:\/\/www3.blomqvistplantskola.com\/wp-content\/uploads\/2026\/03\/He-Pin-Hong-Xiu-Qui-600x514.jpg 600w, https:\/\/www3.blomqvistplantskola.com\/wp-content\/uploads\/2026\/03\/He-Pin-Hong-Xiu-Qui.jpg 701w\" sizes=\"(max-width: 500px) 100vw, 500px\" \/>\n\t\t\t\t\t\t<div class=\"cart-loading\"><i class=\"awb-icon-spinner\" aria-hidden=\"true\"><\/i><\/div>\n\t\t\t<\/div>\n<\/a>\n<div class=\"fusion-product-content\">\n\t<div class=\"product-details\">\n\t\t<div class=\"product-details-container\">\n<h3 class=\"product-title\">\n\t<a href=\"https:\/\/www3.blomqvistplantskola.com\/fi\/product\/rockii-buskpion-gansu-modan-gruppen-paeonia-rockii-he-pin-hong-xiu-qiu\/\">\n\t\t<b>Rockii -pensaspioni - Gansu Modan ryhm\u00e4 <\/b><br>Paeonia Rockii `He Pin Hong Xiu Qiu\u00b4\t<\/a>\n<\/h3>\n<div class=\"fusion-price-rating\">\n\n\t<span class=\"price\"><span class=\"woocommerce-Price-amount amount\"><bdi>68,00&nbsp;<span class=\"woocommerce-Price-currencySymbol\">&euro;<\/span><\/bdi><\/span><\/span>\n\t\t<\/div>\n\t<\/div>\n<\/div>\n\n\n\t<div class=\"product-buttons\">\n\t\t<div class=\"fusion-content-sep sep-double sep-solid\"><\/div>\n\t\t<div class=\"product-buttons-container clearfix\">\n<a href=\"\/fi\/wp-json\/wp\/v2\/pages\/10456?add-to-cart=11124\"  data-quantity=\"1\" class=\"button product_type_simple add_to_cart_button ajax_add_to_cart\" data-product_id=\"11124\" data-product_sku=\"\" aria-label=\"Lis\u00e4\u00e4 ostoskoriin: \u201cRockii-buskpion - Gansu Modan gruppen Paeonia Rockii `He Pin Hong Xiu Qiu\u00b4\u201d\" rel=\"nofollow\" data-no-translation=\"\" data-trp-gettext=\"\" data-no-translation-aria-label=\"\">Lis\u00e4\u00e4 ostoskoriin<\/a>\n<a href=\"https:\/\/www3.blomqvistplantskola.com\/fi\/product\/rockii-buskpion-gansu-modan-gruppen-paeonia-rockii-he-pin-hong-xiu-qiu\/\" class=\"show_details_button\">\n\tDetails<\/a>\n\n\n\t<\/div>\n\t<\/div>\n\n\t<\/div> <\/div>\n<\/li>\n<li class=\"product type-product post-11369 status-publish instock product_cat-pioner has-post-thumbnail taxable shipping-taxable purchasable product-type-simple product-grid-view\">\n\t<div class=\"fusion-product-wrapper\">\n<a href=\"https:\/\/www3.blomqvistplantskola.com\/fi\/product\/rockii-buskpion-gansu-modan-gruppen-paeonia-rockii-hong-guan-yin-xian\/\" class=\"product-images\" aria-label=\"Rockii-buskpion &#8211; Gansu Modan gruppen Paeonia Rockii `Hong Guan Yin Xian\u00b4\">\n\n<div class=\"featured-image\">\n\t\t<img decoding=\"async\" width=\"500\" height=\"417\" src=\"https:\/\/www3.blomqvistplantskola.com\/wp-content\/uploads\/2026\/03\/Hong-Xian-Nv-500x417.jpg\" class=\"attachment-woocommerce_thumbnail size-woocommerce_thumbnail wp-post-image\" alt=\"\" srcset=\"https:\/\/www3.blomqvistplantskola.com\/wp-content\/uploads\/2026\/03\/Hong-Xian-Nv-14x12.jpg 14w, https:\/\/www3.blomqvistplantskola.com\/wp-content\/uploads\/2026\/03\/Hong-Xian-Nv-200x167.jpg 200w, https:\/\/www3.blomqvistplantskola.com\/wp-content\/uploads\/2026\/03\/Hong-Xian-Nv-300x250.jpg 300w, https:\/\/www3.blomqvistplantskola.com\/wp-content\/uploads\/2026\/03\/Hong-Xian-Nv-400x333.jpg 400w, https:\/\/www3.blomqvistplantskola.com\/wp-content\/uploads\/2026\/03\/Hong-Xian-Nv-500x417.jpg 500w, https:\/\/www3.blomqvistplantskola.com\/wp-content\/uploads\/2026\/03\/Hong-Xian-Nv-600x500.jpg 600w, https:\/\/www3.blomqvistplantskola.com\/wp-content\/uploads\/2026\/03\/Hong-Xian-Nv-700x583.jpg 700w, https:\/\/www3.blomqvistplantskola.com\/wp-content\/uploads\/2026\/03\/Hong-Xian-Nv-768x640.jpg 768w, https:\/\/www3.blomqvistplantskola.com\/wp-content\/uploads\/2026\/03\/Hong-Xian-Nv-800x667.jpg 800w, https:\/\/www3.blomqvistplantskola.com\/wp-content\/uploads\/2026\/03\/Hong-Xian-Nv.jpg 990w\" sizes=\"(max-width: 500px) 100vw, 500px\" \/>\n\t\t\t\t\t\t<div class=\"cart-loading\"><i class=\"awb-icon-spinner\" aria-hidden=\"true\"><\/i><\/div>\n\t\t\t<\/div>\n<\/a>\n<div class=\"fusion-product-content\">\n\t<div class=\"product-details\">\n\t\t<div class=\"product-details-container\">\n<h3 class=\"product-title\">\n\t<a href=\"https:\/\/www3.blomqvistplantskola.com\/fi\/product\/rockii-buskpion-gansu-modan-gruppen-paeonia-rockii-hong-guan-yin-xian\/\">\n\t\t<b>Rockii -pensaspioni - Gansu Modan ryhm\u00e4 <\/b><br>Paeonia Rockii `Hong Guan Yin Xian\u00b4\t<\/a>\n<\/h3>\n<div class=\"fusion-price-rating\">\n\n\t<span class=\"price\"><span class=\"woocommerce-Price-amount amount\"><bdi>68,00&nbsp;<span class=\"woocommerce-Price-currencySymbol\">&euro;<\/span><\/bdi><\/span><\/span>\n\t\t<\/div>\n\t<\/div>\n<\/div>\n\n\n\t<div class=\"product-buttons\">\n\t\t<div class=\"fusion-content-sep sep-double sep-solid\"><\/div>\n\t\t<div class=\"product-buttons-container clearfix\">\n<a href=\"\/fi\/wp-json\/wp\/v2\/pages\/10456?add-to-cart=11369\"  data-quantity=\"1\" class=\"button product_type_simple add_to_cart_button ajax_add_to_cart\" data-product_id=\"11369\" data-product_sku=\"\" aria-label=\"Lis\u00e4\u00e4 ostoskoriin: \u201cRockii-buskpion - Gansu Modan gruppen Paeonia Rockii `Hong Guan Yin Xian\u00b4\u201d\" rel=\"nofollow\" data-no-translation=\"\" data-trp-gettext=\"\" data-no-translation-aria-label=\"\">Lis\u00e4\u00e4 ostoskoriin<\/a>\n<a href=\"https:\/\/www3.blomqvistplantskola.com\/fi\/product\/rockii-buskpion-gansu-modan-gruppen-paeonia-rockii-hong-guan-yin-xian\/\" class=\"show_details_button\">\n\tDetails<\/a>\n\n\n\t<\/div>\n\t<\/div>\n\n\t<\/div> <\/div>\n<\/li>\n<li class=\"product type-product post-11368 status-publish last instock product_cat-pioner has-post-thumbnail taxable shipping-taxable purchasable product-type-simple product-grid-view\">\n\t<div class=\"fusion-product-wrapper\">\n<a href=\"https:\/\/www3.blomqvistplantskola.com\/fi\/product\/rockii-buskpion-gansu-modan-gruppen-paeonia-rockii-hong-lou-cha-cui\/\" class=\"product-images\" aria-label=\"Rockii-buskpion &#8211; Gansu Modan gruppen Paeonia Rockii `Hong Lou Cha Cui\u00b4\">\n\n<div class=\"featured-image\">\n\t\t<img decoding=\"async\" width=\"500\" height=\"500\" src=\"https:\/\/www3.blomqvistplantskola.com\/wp-content\/uploads\/2026\/03\/HongLouChaCui-500x500.jpg\" class=\"attachment-woocommerce_thumbnail size-woocommerce_thumbnail wp-post-image\" alt=\"\" srcset=\"https:\/\/www3.blomqvistplantskola.com\/wp-content\/uploads\/2026\/03\/HongLouChaCui-12x12.jpg 12w, https:\/\/www3.blomqvistplantskola.com\/wp-content\/uploads\/2026\/03\/HongLouChaCui-66x66.jpg 66w, https:\/\/www3.blomqvistplantskola.com\/wp-content\/uploads\/2026\/03\/HongLouChaCui-150x150.jpg 150w, https:\/\/www3.blomqvistplantskola.com\/wp-content\/uploads\/2026\/03\/HongLouChaCui-200x200.jpg 200w, https:\/\/www3.blomqvistplantskola.com\/wp-content\/uploads\/2026\/03\/HongLouChaCui-300x300.jpg 300w, https:\/\/www3.blomqvistplantskola.com\/wp-content\/uploads\/2026\/03\/HongLouChaCui-400x400.jpg 400w, https:\/\/www3.blomqvistplantskola.com\/wp-content\/uploads\/2026\/03\/HongLouChaCui-500x500.jpg 500w, https:\/\/www3.blomqvistplantskola.com\/wp-content\/uploads\/2026\/03\/HongLouChaCui-600x600.jpg 600w, https:\/\/www3.blomqvistplantskola.com\/wp-content\/uploads\/2026\/03\/HongLouChaCui-700x700.jpg 700w, https:\/\/www3.blomqvistplantskola.com\/wp-content\/uploads\/2026\/03\/HongLouChaCui-768x768.jpg 768w, https:\/\/www3.blomqvistplantskola.com\/wp-content\/uploads\/2026\/03\/HongLouChaCui-800x800.jpg 800w, https:\/\/www3.blomqvistplantskola.com\/wp-content\/uploads\/2026\/03\/HongLouChaCui-1024x1024.jpg 1024w, https:\/\/www3.blomqvistplantskola.com\/wp-content\/uploads\/2026\/03\/HongLouChaCui.jpg 1080w\" sizes=\"(max-width: 500px) 100vw, 500px\" \/>\n\t\t\t\t\t\t<div class=\"cart-loading\"><i class=\"awb-icon-spinner\" aria-hidden=\"true\"><\/i><\/div>\n\t\t\t<\/div>\n<\/a>\n<div class=\"fusion-product-content\">\n\t<div class=\"product-details\">\n\t\t<div class=\"product-details-container\">\n<h3 class=\"product-title\">\n\t<a href=\"https:\/\/www3.blomqvistplantskola.com\/fi\/product\/rockii-buskpion-gansu-modan-gruppen-paeonia-rockii-hong-lou-cha-cui\/\">\n\t\t<b>Rockii -pensaspioni - Gansu Modan ryhm\u00e4 <\/b><br>Paeonia Rockii `Hong Lou Cha Cui\u00b4\t<\/a>\n<\/h3>\n<div class=\"fusion-price-rating\">\n\n\t<span class=\"price\"><span class=\"woocommerce-Price-amount amount\"><bdi>68,00&nbsp;<span class=\"woocommerce-Price-currencySymbol\">&euro;<\/span><\/bdi><\/span><\/span>\n\t\t<\/div>\n\t<\/div>\n<\/div>\n\n\n\t<div class=\"product-buttons\">\n\t\t<div class=\"fusion-content-sep sep-double sep-solid\"><\/div>\n\t\t<div class=\"product-buttons-container clearfix\">\n<a href=\"\/fi\/wp-json\/wp\/v2\/pages\/10456?add-to-cart=11368\"  data-quantity=\"1\" class=\"button product_type_simple add_to_cart_button ajax_add_to_cart\" data-product_id=\"11368\" data-product_sku=\"\" aria-label=\"Lis\u00e4\u00e4 ostoskoriin: \u201cRockii-buskpion - Gansu Modan gruppen Paeonia Rockii `Hong Lou Cha Cui\u00b4\u201d\" rel=\"nofollow\" data-no-translation=\"\" data-trp-gettext=\"\" data-no-translation-aria-label=\"\">Lis\u00e4\u00e4 ostoskoriin<\/a>\n<a href=\"https:\/\/www3.blomqvistplantskola.com\/fi\/product\/rockii-buskpion-gansu-modan-gruppen-paeonia-rockii-hong-lou-cha-cui\/\" class=\"show_details_button\">\n\tDetails<\/a>\n\n\n\t<\/div>\n\t<\/div>\n\n\t<\/div> <\/div>\n<\/li>\n<li class=\"product type-product post-11126 status-publish first instock product_cat-pioner has-post-thumbnail taxable shipping-taxable purchasable product-type-simple product-grid-view\">\n\t<div class=\"fusion-product-wrapper\">\n<a href=\"https:\/\/www3.blomqvistplantskola.com\/fi\/product\/rockii-buskpion-gansu-modan-gruppen-paeonia-rockii-jin-cheng-hong\/\" class=\"product-images\" aria-label=\"Rockii-buskpion &#8211; Gansu Modan gruppen Paeonia Rockii `Jin Cheng Hong\u00b4\">\n\n<div class=\"featured-image\">\n\t\t<img decoding=\"async\" width=\"500\" height=\"506\" src=\"https:\/\/www3.blomqvistplantskola.com\/wp-content\/uploads\/2026\/03\/Jin-Cheng-Hong-500x506.jpg\" class=\"attachment-woocommerce_thumbnail size-woocommerce_thumbnail wp-post-image\" alt=\"\" srcset=\"https:\/\/www3.blomqvistplantskola.com\/wp-content\/uploads\/2026\/03\/Jin-Cheng-Hong-12x12.jpg 12w, https:\/\/www3.blomqvistplantskola.com\/wp-content\/uploads\/2026\/03\/Jin-Cheng-Hong-66x66.jpg 66w, https:\/\/www3.blomqvistplantskola.com\/wp-content\/uploads\/2026\/03\/Jin-Cheng-Hong-200x202.jpg 200w, https:\/\/www3.blomqvistplantskola.com\/wp-content\/uploads\/2026\/03\/Jin-Cheng-Hong-296x300.jpg 296w, https:\/\/www3.blomqvistplantskola.com\/wp-content\/uploads\/2026\/03\/Jin-Cheng-Hong-400x405.jpg 400w, https:\/\/www3.blomqvistplantskola.com\/wp-content\/uploads\/2026\/03\/Jin-Cheng-Hong-500x506.jpg 500w, https:\/\/www3.blomqvistplantskola.com\/wp-content\/uploads\/2026\/03\/Jin-Cheng-Hong-600x607.jpg 600w, https:\/\/www3.blomqvistplantskola.com\/wp-content\/uploads\/2026\/03\/Jin-Cheng-Hong-700x709.jpg 700w, https:\/\/www3.blomqvistplantskola.com\/wp-content\/uploads\/2026\/03\/Jin-Cheng-Hong-768x777.jpg 768w, https:\/\/www3.blomqvistplantskola.com\/wp-content\/uploads\/2026\/03\/Jin-Cheng-Hong-800x810.jpg 800w, https:\/\/www3.blomqvistplantskola.com\/wp-content\/uploads\/2026\/03\/Jin-Cheng-Hong-1012x1024.jpg 1012w, https:\/\/www3.blomqvistplantskola.com\/wp-content\/uploads\/2026\/03\/Jin-Cheng-Hong-1200x1215.jpg 1200w, https:\/\/www3.blomqvistplantskola.com\/wp-content\/uploads\/2026\/03\/Jin-Cheng-Hong.jpg 1306w\" sizes=\"(max-width: 500px) 100vw, 500px\" \/>\n\t\t\t\t\t\t<div class=\"cart-loading\"><i class=\"awb-icon-spinner\" aria-hidden=\"true\"><\/i><\/div>\n\t\t\t<\/div>\n<\/a>\n<div class=\"fusion-product-content\">\n\t<div class=\"product-details\">\n\t\t<div class=\"product-details-container\">\n<h3 class=\"product-title\">\n\t<a href=\"https:\/\/www3.blomqvistplantskola.com\/fi\/product\/rockii-buskpion-gansu-modan-gruppen-paeonia-rockii-jin-cheng-hong\/\">\n\t\t<b>Rockii -pensaspioni - Gansu Modan ryhm\u00e4 <\/b><br>Paeonia Rockii `Jin Cheng Hong\u00b4\t<\/a>\n<\/h3>\n<div class=\"fusion-price-rating\">\n\n\t<span class=\"price\"><span class=\"woocommerce-Price-amount amount\"><bdi>68,00&nbsp;<span class=\"woocommerce-Price-currencySymbol\">&euro;<\/span><\/bdi><\/span><\/span>\n\t\t<\/div>\n\t<\/div>\n<\/div>\n\n\n\t<div class=\"product-buttons\">\n\t\t<div class=\"fusion-content-sep sep-double sep-solid\"><\/div>\n\t\t<div class=\"product-buttons-container clearfix\">\n<a href=\"\/fi\/wp-json\/wp\/v2\/pages\/10456?add-to-cart=11126\"  data-quantity=\"1\" class=\"button product_type_simple add_to_cart_button ajax_add_to_cart\" data-product_id=\"11126\" data-product_sku=\"\" aria-label=\"Lis\u00e4\u00e4 ostoskoriin: \u201cRockii-buskpion - Gansu Modan gruppen Paeonia Rockii `Jin Cheng Hong\u00b4\u201d\" rel=\"nofollow\" data-no-translation=\"\" data-trp-gettext=\"\" data-no-translation-aria-label=\"\">Lis\u00e4\u00e4 ostoskoriin<\/a>\n<a href=\"https:\/\/www3.blomqvistplantskola.com\/fi\/product\/rockii-buskpion-gansu-modan-gruppen-paeonia-rockii-jin-cheng-hong\/\" class=\"show_details_button\">\n\tDetails<\/a>\n\n\n\t<\/div>\n\t<\/div>\n\n\t<\/div> <\/div>\n<\/li>\n<li class=\"product type-product post-11128 status-publish instock product_cat-pioner has-post-thumbnail taxable shipping-taxable purchasable product-type-simple product-grid-view\">\n\t<div class=\"fusion-product-wrapper\">\n<a href=\"https:\/\/www3.blomqvistplantskola.com\/fi\/product\/rockii-buskpion-gansu-modan-gruppen-paeonia-rockii-li-xiang\/\" class=\"product-images\" aria-label=\"Rockii-buskpion &#8211; Gansu Modan gruppen Paeonia Rockii `Li Xiang\u00b4\">\n\n<div class=\"featured-image\">\n\t\t<img decoding=\"async\" width=\"465\" height=\"410\" src=\"https:\/\/www3.blomqvistplantskola.com\/wp-content\/uploads\/2026\/03\/Li-Xiang-1.jpg\" class=\"attachment-woocommerce_thumbnail size-woocommerce_thumbnail wp-post-image\" alt=\"\" srcset=\"https:\/\/www3.blomqvistplantskola.com\/wp-content\/uploads\/2026\/03\/Li-Xiang-1-14x12.jpg 14w, https:\/\/www3.blomqvistplantskola.com\/wp-content\/uploads\/2026\/03\/Li-Xiang-1-200x176.jpg 200w, https:\/\/www3.blomqvistplantskola.com\/wp-content\/uploads\/2026\/03\/Li-Xiang-1-300x265.jpg 300w, https:\/\/www3.blomqvistplantskola.com\/wp-content\/uploads\/2026\/03\/Li-Xiang-1-400x353.jpg 400w, https:\/\/www3.blomqvistplantskola.com\/wp-content\/uploads\/2026\/03\/Li-Xiang-1.jpg 465w\" sizes=\"(max-width: 465px) 100vw, 465px\" \/>\n\t\t\t\t\t\t<div class=\"cart-loading\"><i class=\"awb-icon-spinner\" aria-hidden=\"true\"><\/i><\/div>\n\t\t\t<\/div>\n<\/a>\n<div class=\"fusion-product-content\">\n\t<div class=\"product-details\">\n\t\t<div class=\"product-details-container\">\n<h3 class=\"product-title\">\n\t<a href=\"https:\/\/www3.blomqvistplantskola.com\/fi\/product\/rockii-buskpion-gansu-modan-gruppen-paeonia-rockii-li-xiang\/\">\n\t\t<b>Rockii -pensaspioni - Gansu Modan ryhm\u00e4 <\/b><br>Paeonia Rockii `Li Xiang\u00b4\t<\/a>\n<\/h3>\n<div class=\"fusion-price-rating\">\n\n\t<span class=\"price\"><span class=\"woocommerce-Price-amount amount\"><bdi>68,00&nbsp;<span class=\"woocommerce-Price-currencySymbol\">&euro;<\/span><\/bdi><\/span><\/span>\n\t\t<\/div>\n\t<\/div>\n<\/div>\n\n\n\t<div class=\"product-buttons\">\n\t\t<div class=\"fusion-content-sep sep-double sep-solid\"><\/div>\n\t\t<div class=\"product-buttons-container clearfix\">\n<a href=\"\/fi\/wp-json\/wp\/v2\/pages\/10456?add-to-cart=11128\"  data-quantity=\"1\" class=\"button product_type_simple add_to_cart_button ajax_add_to_cart\" data-product_id=\"11128\" data-product_sku=\"\" aria-label=\"Lis\u00e4\u00e4 ostoskoriin: \u201cRockii-buskpion - Gansu Modan gruppen Paeonia Rockii `Li Xiang\u00b4\u201d\" rel=\"nofollow\" data-no-translation=\"\" data-trp-gettext=\"\" data-no-translation-aria-label=\"\">Lis\u00e4\u00e4 ostoskoriin<\/a>\n<a href=\"https:\/\/www3.blomqvistplantskola.com\/fi\/product\/rockii-buskpion-gansu-modan-gruppen-paeonia-rockii-li-xiang\/\" class=\"show_details_button\">\n\tDetails<\/a>\n\n\n\t<\/div>\n\t<\/div>\n\n\t<\/div> <\/div>\n<\/li>\n<\/ul><div class=\"fusion-woo-product-grid-pagination fusion-clearfix\"><\/div><\/div><\/div><\/div><\/div><\/div><\/p>","protected":false},"excerpt":{"rendered":"","protected":false},"author":6,"featured_media":0,"parent":0,"menu_order":0,"comment_status":"closed","ping_status":"closed","template":"","meta":{"footnotes":""},"class_list":["post-10456","page","type-page","status-publish","hentry"],"_links":{"self":[{"href":"https:\/\/www3.blomqvistplantskola.com\/fi\/wp-json\/wp\/v2\/pages\/10456","targetHints":{"allow":["GET"]}}],"collection":[{"href":"https:\/\/www3.blomqvistplantskola.com\/fi\/wp-json\/wp\/v2\/pages"}],"about":[{"href":"https:\/\/www3.blomqvistplantskola.com\/fi\/wp-json\/wp\/v2\/types\/page"}],"author":[{"embeddable":true,"href":"https:\/\/www3.blomqvistplantskola.com\/fi\/wp-json\/wp\/v2\/users\/6"}],"replies":[{"embeddable":true,"href":"https:\/\/www3.blomqvistplantskola.com\/fi\/wp-json\/wp\/v2\/comments?post=10456"}],"version-history":[{"count":11,"href":"https:\/\/www3.blomqvistplantskola.com\/fi\/wp-json\/wp\/v2\/pages\/10456\/revisions"}],"predecessor-version":[{"id":11179,"href":"https:\/\/www3.blomqvistplantskola.com\/fi\/wp-json\/wp\/v2\/pages\/10456\/revisions\/11179"}],"wp:attachment":[{"href":"https:\/\/www3.blomqvistplantskola.com\/fi\/wp-json\/wp\/v2\/media?parent=10456"}],"curies":[{"name":"wp","href":"https:\/\/api.w.org\/{rel}","templated":true}]}}