{"id":11060,"date":"2026-03-16T10:12:33","date_gmt":"2026-03-16T08:12:33","guid":{"rendered":"https:\/\/www3.blomqvistplantskola.com\/?page_id=11060"},"modified":"2026-03-16T10:15:49","modified_gmt":"2026-03-16T08:15:49","slug":"persikor","status":"publish","type":"page","link":"https:\/\/www3.blomqvistplantskola.com\/fi\/persikor\/","title":{"rendered":"Persikat ym."},"content":{"rendered":"<p><div class=\"fusion-fullwidth fullwidth-box fusion-builder-row-1 fusion-flex-container has-pattern-background has-mask-background nonhundred-percent-fullwidth non-hundred-percent-height-scrolling\" style=\"--awb-border-radius-top-left:0px;--awb-border-radius-top-right:0px;--awb-border-radius-bottom-right:0px;--awb-border-radius-bottom-left:0px;--awb-padding-bottom:55px;--awb-flex-wrap:wrap;\" ><div class=\"fusion-builder-row fusion-row fusion-flex-align-items-flex-start fusion-flex-content-wrap\" style=\"max-width:1248px;margin-left: calc(-4% \/ 2 );margin-right: calc(-4% \/ 2 );\"><div class=\"fusion-layout-column fusion_builder_column fusion-builder-column-0 fusion_builder_column_1_1 1_1 fusion-flex-column\" style=\"--awb-bg-size:cover;--awb-width-large:100%;--awb-margin-top-large:0px;--awb-spacing-right-large:1.92%;--awb-margin-bottom-large:20px;--awb-spacing-left-large:1.92%;--awb-width-medium:100%;--awb-order-medium:0;--awb-spacing-right-medium:1.92%;--awb-spacing-left-medium:1.92%;--awb-width-small:100%;--awb-order-small:0;--awb-spacing-right-small:1.92%;--awb-spacing-left-small:1.92%;\"><div class=\"fusion-column-wrapper fusion-column-has-shadow fusion-flex-justify-content-flex-start fusion-content-layout-column\"><\/div><\/div><\/div><\/div><div class=\"fusion-fullwidth fullwidth-box fusion-builder-row-2 fusion-flex-container has-pattern-background has-mask-background nonhundred-percent-fullwidth non-hundred-percent-height-scrolling\" style=\"--awb-border-radius-top-left:0px;--awb-border-radius-top-right:0px;--awb-border-radius-bottom-right:0px;--awb-border-radius-bottom-left:0px;--awb-flex-wrap:wrap;\" ><div class=\"fusion-builder-row fusion-row fusion-flex-align-items-flex-start fusion-flex-content-wrap\" style=\"max-width:1248px;margin-left: calc(-4% \/ 2 );margin-right: calc(-4% \/ 2 );\"><div class=\"fusion-layout-column fusion_builder_column fusion-builder-column-1 fusion_builder_column_1_1 1_1 fusion-flex-column\" style=\"--awb-bg-size:cover;--awb-width-large:100%;--awb-margin-top-large:0px;--awb-spacing-right-large:1.92%;--awb-margin-bottom-large:20px;--awb-spacing-left-large:1.92%;--awb-width-medium:100%;--awb-order-medium:0;--awb-spacing-right-medium:1.92%;--awb-spacing-left-medium:1.92%;--awb-width-small:100%;--awb-order-small:0;--awb-spacing-right-small:1.92%;--awb-spacing-left-small:1.92%;\"><div class=\"fusion-column-wrapper fusion-column-has-shadow fusion-flex-justify-content-flex-start fusion-content-layout-column\"><div class=\"fusion-woo-product-grid fusion-product-archive fusion-woo-product-grid-1 has-load-more\"><ul class=\"products products-4 fusion-products-container-infinite\" data-pages=\"1\"><li class=\"product type-product post-9146 status-publish first instock product_cat-parontrad product_cat-persikor taxable shipping-taxable purchasable product-type-simple product-grid-view\">\n\t<div class=\"fusion-product-wrapper\">\n<a href=\"https:\/\/www3.blomqvistplantskola.com\/fi\/product\/early-shu-spo-pyrus-pyrifolia\/\" class=\"product-images\" aria-label=\"Early Shu (sp\u00f6) Pyrus pyrifolia\">\n\n<div class=\"featured-image\">\n\t\t<img decoding=\"async\" width=\"500\" height=\"500\" src=\"https:\/\/www3.blomqvistplantskola.com\/wp-content\/uploads\/woocommerce-placeholder-500x500.png\" class=\"woocommerce-placeholder wp-post-image\" alt=\"Paikanvaraus\" srcset=\"https:\/\/www3.blomqvistplantskola.com\/wp-content\/uploads\/woocommerce-placeholder-150x150.png 150w, https:\/\/www3.blomqvistplantskola.com\/wp-content\/uploads\/woocommerce-placeholder-200x200.png 200w, https:\/\/www3.blomqvistplantskola.com\/wp-content\/uploads\/woocommerce-placeholder-300x300.png 300w, https:\/\/www3.blomqvistplantskola.com\/wp-content\/uploads\/woocommerce-placeholder-500x500.png 500w, https:\/\/www3.blomqvistplantskola.com\/wp-content\/uploads\/woocommerce-placeholder-700x700.png 700w, https:\/\/www3.blomqvistplantskola.com\/wp-content\/uploads\/woocommerce-placeholder-768x768.png 768w, https:\/\/www3.blomqvistplantskola.com\/wp-content\/uploads\/woocommerce-placeholder-1024x1024.png 1024w, https:\/\/www3.blomqvistplantskola.com\/wp-content\/uploads\/woocommerce-placeholder.png 1200w\" sizes=\"(max-width: 500px) 100vw, 500px\" data-no-translation-alt=\"\" \/>\n\t\t\t\t\t\t<div class=\"cart-loading\"><i class=\"awb-icon-spinner\" aria-hidden=\"true\"><\/i><\/div>\n\t\t\t<\/div>\n<\/a>\n<div class=\"fusion-product-content\">\n\t<div class=\"product-details\">\n\t\t<div class=\"product-details-container\">\n<h3 class=\"product-title\">\n\t<a href=\"https:\/\/www3.blomqvistplantskola.com\/fi\/product\/early-shu-spo-pyrus-pyrifolia\/\">\n\t\t<b>Early Shu (piiskataimi) <\/b><br>Pyrus pyrifolia\t<\/a>\n<\/h3>\n<div class=\"fusion-price-rating\">\n\n\t<span class=\"price\"><span class=\"woocommerce-Price-amount amount\"><bdi>28,00&nbsp;<span class=\"woocommerce-Price-currencySymbol\">&euro;<\/span><\/bdi><\/span><\/span>\n\t\t<\/div>\n\t<\/div>\n<\/div>\n\n\n\t<div class=\"product-buttons\">\n\t\t<div class=\"fusion-content-sep sep-double sep-solid\"><\/div>\n\t\t<div class=\"product-buttons-container clearfix\">\n<a href=\"\/fi\/wp-json\/wp\/v2\/pages\/11060?add-to-cart=9146\"  data-quantity=\"1\" class=\"button product_type_simple add_to_cart_button ajax_add_to_cart\" data-product_id=\"9146\" data-product_sku=\"\" aria-label=\"Lis\u00e4\u00e4 ostoskoriin: \u201cEarly Shu (sp\u00f6) Pyrus pyrifolia\u201d\" rel=\"nofollow\" data-no-translation=\"\" data-trp-gettext=\"\" data-no-translation-aria-label=\"\">Lis\u00e4\u00e4 ostoskoriin<\/a>\n<a href=\"https:\/\/www3.blomqvistplantskola.com\/fi\/product\/early-shu-spo-pyrus-pyrifolia\/\" class=\"show_details_button\">\n\tDetails<\/a>\n\n\n\t<\/div>\n\t<\/div>\n\n\t<\/div> <\/div>\n<\/li>\n<li class=\"product type-product post-9145 status-publish instock product_cat-parontrad product_cat-persikor taxable shipping-taxable purchasable product-type-simple product-grid-view\">\n\t<div class=\"fusion-product-wrapper\">\n<a href=\"https:\/\/www3.blomqvistplantskola.com\/fi\/product\/hosuispopyrus-pyrifolia\/\" class=\"product-images\" aria-label=\"Hosui(sp\u00f6)Pyrus pyrifolia\">\n\n<div class=\"featured-image\">\n\t\t<img decoding=\"async\" width=\"500\" height=\"500\" src=\"https:\/\/www3.blomqvistplantskola.com\/wp-content\/uploads\/woocommerce-placeholder-500x500.png\" class=\"woocommerce-placeholder wp-post-image\" alt=\"Paikanvaraus\" srcset=\"https:\/\/www3.blomqvistplantskola.com\/wp-content\/uploads\/woocommerce-placeholder-150x150.png 150w, https:\/\/www3.blomqvistplantskola.com\/wp-content\/uploads\/woocommerce-placeholder-200x200.png 200w, https:\/\/www3.blomqvistplantskola.com\/wp-content\/uploads\/woocommerce-placeholder-300x300.png 300w, https:\/\/www3.blomqvistplantskola.com\/wp-content\/uploads\/woocommerce-placeholder-500x500.png 500w, https:\/\/www3.blomqvistplantskola.com\/wp-content\/uploads\/woocommerce-placeholder-700x700.png 700w, https:\/\/www3.blomqvistplantskola.com\/wp-content\/uploads\/woocommerce-placeholder-768x768.png 768w, https:\/\/www3.blomqvistplantskola.com\/wp-content\/uploads\/woocommerce-placeholder-1024x1024.png 1024w, https:\/\/www3.blomqvistplantskola.com\/wp-content\/uploads\/woocommerce-placeholder.png 1200w\" sizes=\"(max-width: 500px) 100vw, 500px\" data-no-translation-alt=\"\" \/>\n\t\t\t\t\t\t<div class=\"cart-loading\"><i class=\"awb-icon-spinner\" aria-hidden=\"true\"><\/i><\/div>\n\t\t\t<\/div>\n<\/a>\n<div class=\"fusion-product-content\">\n\t<div class=\"product-details\">\n\t\t<div class=\"product-details-container\">\n<h3 class=\"product-title\">\n\t<a href=\"https:\/\/www3.blomqvistplantskola.com\/fi\/product\/hosuispopyrus-pyrifolia\/\">\n\t\t<b>Hosui<\/b>(piiskataimi)<br>Pyrus pyrifolia\t<\/a>\n<\/h3>\n<div class=\"fusion-price-rating\">\n\n\t<span class=\"price\"><span class=\"woocommerce-Price-amount amount\"><bdi>28,00&nbsp;<span class=\"woocommerce-Price-currencySymbol\">&euro;<\/span><\/bdi><\/span><\/span>\n\t\t<\/div>\n\t<\/div>\n<\/div>\n\n\n\t<div class=\"product-buttons\">\n\t\t<div class=\"fusion-content-sep sep-double sep-solid\"><\/div>\n\t\t<div class=\"product-buttons-container clearfix\">\n<a href=\"\/fi\/wp-json\/wp\/v2\/pages\/11060?add-to-cart=9145\"  data-quantity=\"1\" class=\"button product_type_simple add_to_cart_button ajax_add_to_cart\" data-product_id=\"9145\" data-product_sku=\"\" aria-label=\"Lis\u00e4\u00e4 ostoskoriin: \u201cHosui(sp\u00f6)Pyrus pyrifolia\u201d\" rel=\"nofollow\" data-no-translation=\"\" data-trp-gettext=\"\" data-no-translation-aria-label=\"\">Lis\u00e4\u00e4 ostoskoriin<\/a>\n<a href=\"https:\/\/www3.blomqvistplantskola.com\/fi\/product\/hosuispopyrus-pyrifolia\/\" class=\"show_details_button\">\n\tDetails<\/a>\n\n\n\t<\/div>\n\t<\/div>\n\n\t<\/div> <\/div>\n<\/li>\n<li class=\"product type-product post-7043 status-publish instock product_cat-persikor has-post-thumbnail taxable shipping-taxable purchasable product-type-simple product-grid-view\">\n\t<div class=\"fusion-product-wrapper\">\n<a href=\"https:\/\/www3.blomqvistplantskola.com\/fi\/product\/frost-spoprunus-persica\/\" class=\"product-images\" aria-label=\"Frost (sp\u00f6)Prunus persica\">\n\n<div class=\"featured-image\">\n\t\t<img decoding=\"async\" width=\"500\" height=\"382\" src=\"https:\/\/www3.blomqvistplantskola.com\/wp-content\/uploads\/2023\/11\/Frost-500x382.jpg\" class=\"attachment-woocommerce_thumbnail size-woocommerce_thumbnail wp-post-image\" alt=\"\" srcset=\"https:\/\/www3.blomqvistplantskola.com\/wp-content\/uploads\/2023\/11\/Frost-16x12.jpg 16w, https:\/\/www3.blomqvistplantskola.com\/wp-content\/uploads\/2023\/11\/Frost-200x153.jpg 200w, https:\/\/www3.blomqvistplantskola.com\/wp-content\/uploads\/2023\/11\/Frost-300x229.jpg 300w, https:\/\/www3.blomqvistplantskola.com\/wp-content\/uploads\/2023\/11\/Frost-400x305.jpg 400w, https:\/\/www3.blomqvistplantskola.com\/wp-content\/uploads\/2023\/11\/Frost-500x382.jpg 500w, https:\/\/www3.blomqvistplantskola.com\/wp-content\/uploads\/2023\/11\/Frost-600x458.jpg 600w, https:\/\/www3.blomqvistplantskola.com\/wp-content\/uploads\/2023\/11\/Frost-700x535.jpg 700w, https:\/\/www3.blomqvistplantskola.com\/wp-content\/uploads\/2023\/11\/Frost-768x586.jpg 768w, https:\/\/www3.blomqvistplantskola.com\/wp-content\/uploads\/2023\/11\/Frost-800x611.jpg 800w, https:\/\/www3.blomqvistplantskola.com\/wp-content\/uploads\/2023\/11\/Frost-1024x782.jpg 1024w, https:\/\/www3.blomqvistplantskola.com\/wp-content\/uploads\/2023\/11\/Frost-1200x916.jpg 1200w, https:\/\/www3.blomqvistplantskola.com\/wp-content\/uploads\/2023\/11\/Frost-1536x1173.jpg 1536w\" sizes=\"(max-width: 500px) 100vw, 500px\" \/>\n\t\t\t\t\t\t<div class=\"cart-loading\"><i class=\"awb-icon-spinner\" aria-hidden=\"true\"><\/i><\/div>\n\t\t\t<\/div>\n<\/a>\n<div class=\"fusion-product-content\">\n\t<div class=\"product-details\">\n\t\t<div class=\"product-details-container\">\n<h3 class=\"product-title\">\n\t<a href=\"https:\/\/www3.blomqvistplantskola.com\/fi\/product\/frost-spoprunus-persica\/\">\n\t\t<b>Frost <\/b>(piiskataimi)<br>Prunus persica\t<\/a>\n<\/h3>\n<div class=\"fusion-price-rating\">\n\n\t<span class=\"price\"><span class=\"woocommerce-Price-amount amount\"><bdi>38,00&nbsp;<span class=\"woocommerce-Price-currencySymbol\">&euro;<\/span><\/bdi><\/span><\/span>\n\t\t<\/div>\n\t<\/div>\n<\/div>\n\n\n\t<div class=\"product-buttons\">\n\t\t<div class=\"fusion-content-sep sep-double sep-solid\"><\/div>\n\t\t<div class=\"product-buttons-container clearfix\">\n<a href=\"\/fi\/wp-json\/wp\/v2\/pages\/11060?add-to-cart=7043\"  data-quantity=\"1\" class=\"button product_type_simple add_to_cart_button ajax_add_to_cart\" data-product_id=\"7043\" data-product_sku=\"\" aria-label=\"Lis\u00e4\u00e4 ostoskoriin: \u201cFrost (sp\u00f6)Prunus persica\u201d\" rel=\"nofollow\" data-no-translation=\"\" data-trp-gettext=\"\" data-no-translation-aria-label=\"\">Lis\u00e4\u00e4 ostoskoriin<\/a>\n<a href=\"https:\/\/www3.blomqvistplantskola.com\/fi\/product\/frost-spoprunus-persica\/\" class=\"show_details_button\">\n\tDetails<\/a>\n\n\n\t<\/div>\n\t<\/div>\n\n\t<\/div> <\/div>\n<\/li>\n<li class=\"product type-product post-10932 status-publish last instock product_cat-persikor taxable shipping-taxable purchasable product-type-simple product-grid-view\">\n\t<div class=\"fusion-product-wrapper\">\n<a href=\"https:\/\/www3.blomqvistplantskola.com\/fi\/product\/hargrand-spoprunus-persica\/\" class=\"product-images\" aria-label=\"Hargrand (sp\u00f6)Prunus persica\">\n\n<div class=\"featured-image\">\n\t\t<img decoding=\"async\" width=\"500\" height=\"500\" src=\"https:\/\/www3.blomqvistplantskola.com\/wp-content\/uploads\/woocommerce-placeholder-500x500.png\" class=\"woocommerce-placeholder wp-post-image\" alt=\"Paikanvaraus\" srcset=\"https:\/\/www3.blomqvistplantskola.com\/wp-content\/uploads\/woocommerce-placeholder-150x150.png 150w, https:\/\/www3.blomqvistplantskola.com\/wp-content\/uploads\/woocommerce-placeholder-200x200.png 200w, https:\/\/www3.blomqvistplantskola.com\/wp-content\/uploads\/woocommerce-placeholder-300x300.png 300w, https:\/\/www3.blomqvistplantskola.com\/wp-content\/uploads\/woocommerce-placeholder-500x500.png 500w, https:\/\/www3.blomqvistplantskola.com\/wp-content\/uploads\/woocommerce-placeholder-700x700.png 700w, https:\/\/www3.blomqvistplantskola.com\/wp-content\/uploads\/woocommerce-placeholder-768x768.png 768w, https:\/\/www3.blomqvistplantskola.com\/wp-content\/uploads\/woocommerce-placeholder-1024x1024.png 1024w, https:\/\/www3.blomqvistplantskola.com\/wp-content\/uploads\/woocommerce-placeholder.png 1200w\" sizes=\"(max-width: 500px) 100vw, 500px\" data-no-translation-alt=\"\" \/>\n\t\t\t\t\t\t<div class=\"cart-loading\"><i class=\"awb-icon-spinner\" aria-hidden=\"true\"><\/i><\/div>\n\t\t\t<\/div>\n<\/a>\n<div class=\"fusion-product-content\">\n\t<div class=\"product-details\">\n\t\t<div class=\"product-details-container\">\n<h3 class=\"product-title\">\n\t<a href=\"https:\/\/www3.blomqvistplantskola.com\/fi\/product\/hargrand-spoprunus-persica\/\">\n\t\t<b>Hargrand <\/b>(piiskataimi)<br>Prunus persica\t<\/a>\n<\/h3>\n<div class=\"fusion-price-rating\">\n\n\t<span class=\"price\"><span class=\"woocommerce-Price-amount amount\"><bdi>38,00&nbsp;<span class=\"woocommerce-Price-currencySymbol\">&euro;<\/span><\/bdi><\/span><\/span>\n\t\t<\/div>\n\t<\/div>\n<\/div>\n\n\n\t<div class=\"product-buttons\">\n\t\t<div class=\"fusion-content-sep sep-double sep-solid\"><\/div>\n\t\t<div class=\"product-buttons-container clearfix\">\n<a href=\"\/fi\/wp-json\/wp\/v2\/pages\/11060?add-to-cart=10932\"  data-quantity=\"1\" class=\"button product_type_simple add_to_cart_button ajax_add_to_cart\" data-product_id=\"10932\" data-product_sku=\"\" aria-label=\"Lis\u00e4\u00e4 ostoskoriin: \u201cHargrand (sp\u00f6)Prunus persica\u201d\" rel=\"nofollow\" data-no-translation=\"\" data-trp-gettext=\"\" data-no-translation-aria-label=\"\">Lis\u00e4\u00e4 ostoskoriin<\/a>\n<a href=\"https:\/\/www3.blomqvistplantskola.com\/fi\/product\/hargrand-spoprunus-persica\/\" class=\"show_details_button\">\n\tDetails<\/a>\n\n\n\t<\/div>\n\t<\/div>\n\n\t<\/div> <\/div>\n<\/li>\n<li class=\"product type-product post-7044 status-publish first instock product_cat-persikor has-post-thumbnail taxable shipping-taxable purchasable product-type-simple product-grid-view\">\n\t<div class=\"fusion-product-wrapper\">\n<a href=\"https:\/\/www3.blomqvistplantskola.com\/fi\/product\/rigaspoprunus-persica\/\" class=\"product-images\" aria-label=\"Riga(sp\u00f6)Prunus persica\">\n\n<div class=\"featured-image\">\n\t\t<img decoding=\"async\" width=\"500\" height=\"339\" src=\"https:\/\/www3.blomqvistplantskola.com\/wp-content\/uploads\/2023\/11\/Riga-persika-500x339.jpg\" class=\"attachment-woocommerce_thumbnail size-woocommerce_thumbnail wp-post-image\" alt=\"\" srcset=\"https:\/\/www3.blomqvistplantskola.com\/wp-content\/uploads\/2023\/11\/Riga-persika-18x12.jpg 18w, https:\/\/www3.blomqvistplantskola.com\/wp-content\/uploads\/2023\/11\/Riga-persika-200x135.jpg 200w, https:\/\/www3.blomqvistplantskola.com\/wp-content\/uploads\/2023\/11\/Riga-persika-300x203.jpg 300w, https:\/\/www3.blomqvistplantskola.com\/wp-content\/uploads\/2023\/11\/Riga-persika-400x271.jpg 400w, https:\/\/www3.blomqvistplantskola.com\/wp-content\/uploads\/2023\/11\/Riga-persika-500x339.jpg 500w, https:\/\/www3.blomqvistplantskola.com\/wp-content\/uploads\/2023\/11\/Riga-persika-600x406.jpg 600w, https:\/\/www3.blomqvistplantskola.com\/wp-content\/uploads\/2023\/11\/Riga-persika-700x474.jpg 700w, https:\/\/www3.blomqvistplantskola.com\/wp-content\/uploads\/2023\/11\/Riga-persika-768x520.jpg 768w, https:\/\/www3.blomqvistplantskola.com\/wp-content\/uploads\/2023\/11\/Riga-persika-800x542.jpg 800w, https:\/\/www3.blomqvistplantskola.com\/wp-content\/uploads\/2023\/11\/Riga-persika-1024x694.jpg 1024w, https:\/\/www3.blomqvistplantskola.com\/wp-content\/uploads\/2023\/11\/Riga-persika-1200x813.jpg 1200w, https:\/\/www3.blomqvistplantskola.com\/wp-content\/uploads\/2023\/11\/Riga-persika-1536x1040.jpg 1536w\" sizes=\"(max-width: 500px) 100vw, 500px\" \/>\n\t\t\t\t\t\t<div class=\"cart-loading\"><i class=\"awb-icon-spinner\" aria-hidden=\"true\"><\/i><\/div>\n\t\t\t<\/div>\n<\/a>\n<div class=\"fusion-product-content\">\n\t<div class=\"product-details\">\n\t\t<div class=\"product-details-container\">\n<h3 class=\"product-title\">\n\t<a href=\"https:\/\/www3.blomqvistplantskola.com\/fi\/product\/rigaspoprunus-persica\/\">\n\t\t<b>Riga<\/b>(piiskataimi)<br>Prunus persica\t<\/a>\n<\/h3>\n<div class=\"fusion-price-rating\">\n\n\t<span class=\"price\"><span class=\"woocommerce-Price-amount amount\"><bdi>38,00&nbsp;<span class=\"woocommerce-Price-currencySymbol\">&euro;<\/span><\/bdi><\/span><\/span>\n\t\t<\/div>\n\t<\/div>\n<\/div>\n\n\n\t<div class=\"product-buttons\">\n\t\t<div class=\"fusion-content-sep sep-double sep-solid\"><\/div>\n\t\t<div class=\"product-buttons-container clearfix\">\n<a href=\"\/fi\/wp-json\/wp\/v2\/pages\/11060?add-to-cart=7044\"  data-quantity=\"1\" class=\"button product_type_simple add_to_cart_button ajax_add_to_cart\" data-product_id=\"7044\" data-product_sku=\"\" aria-label=\"Lis\u00e4\u00e4 ostoskoriin: \u201cRiga(sp\u00f6)Prunus persica\u201d\" rel=\"nofollow\" data-no-translation=\"\" data-trp-gettext=\"\" data-no-translation-aria-label=\"\">Lis\u00e4\u00e4 ostoskoriin<\/a>\n<a href=\"https:\/\/www3.blomqvistplantskola.com\/fi\/product\/rigaspoprunus-persica\/\" class=\"show_details_button\">\n\tDetails<\/a>\n\n\n\t<\/div>\n\t<\/div>\n\n\t<\/div> <\/div>\n<\/li>\n<li class=\"product type-product post-9184 status-publish instock product_cat-barvaxter product_cat-lovtrad product_cat-persikor has-post-thumbnail taxable shipping-taxable purchasable product-type-simple product-grid-view\">\n\t<div class=\"fusion-product-wrapper\">\n<a href=\"https:\/\/www3.blomqvistplantskola.com\/fi\/product\/granatnaja-sposorbus\/\" class=\"product-images\" aria-label=\"S\u00f6tr\u00f6nn (sp\u00f6)Sorbus `Granatnaja\u00b4\">\n\n<div class=\"featured-image\">\n\t\t<img decoding=\"async\" width=\"500\" height=\"384\" src=\"https:\/\/www3.blomqvistplantskola.com\/wp-content\/uploads\/2025\/03\/Sorbus-Granatnaja-1-500x384.jpg\" class=\"attachment-woocommerce_thumbnail size-woocommerce_thumbnail wp-post-image\" alt=\"\" srcset=\"https:\/\/www3.blomqvistplantskola.com\/wp-content\/uploads\/2025\/03\/Sorbus-Granatnaja-1-16x12.jpg 16w, https:\/\/www3.blomqvistplantskola.com\/wp-content\/uploads\/2025\/03\/Sorbus-Granatnaja-1-200x154.jpg 200w, https:\/\/www3.blomqvistplantskola.com\/wp-content\/uploads\/2025\/03\/Sorbus-Granatnaja-1-300x231.jpg 300w, https:\/\/www3.blomqvistplantskola.com\/wp-content\/uploads\/2025\/03\/Sorbus-Granatnaja-1-400x307.jpg 400w, https:\/\/www3.blomqvistplantskola.com\/wp-content\/uploads\/2025\/03\/Sorbus-Granatnaja-1-500x384.jpg 500w, https:\/\/www3.blomqvistplantskola.com\/wp-content\/uploads\/2025\/03\/Sorbus-Granatnaja-1-600x461.jpg 600w, https:\/\/www3.blomqvistplantskola.com\/wp-content\/uploads\/2025\/03\/Sorbus-Granatnaja-1-700x538.jpg 700w, https:\/\/www3.blomqvistplantskola.com\/wp-content\/uploads\/2025\/03\/Sorbus-Granatnaja-1-768x590.jpg 768w, https:\/\/www3.blomqvistplantskola.com\/wp-content\/uploads\/2025\/03\/Sorbus-Granatnaja-1-800x615.jpg 800w, https:\/\/www3.blomqvistplantskola.com\/wp-content\/uploads\/2025\/03\/Sorbus-Granatnaja-1.jpg 1024w\" sizes=\"(max-width: 500px) 100vw, 500px\" \/>\n\t\t\t\t\t\t<div class=\"cart-loading\"><i class=\"awb-icon-spinner\" aria-hidden=\"true\"><\/i><\/div>\n\t\t\t<\/div>\n<\/a>\n<div class=\"fusion-product-content\">\n\t<div class=\"product-details\">\n\t\t<div class=\"product-details-container\">\n<h3 class=\"product-title\">\n\t<a href=\"https:\/\/www3.blomqvistplantskola.com\/fi\/product\/granatnaja-sposorbus\/\">\n\t\t<b>Makeapihlaja <\/b>(piiskataimi)<br>Sorbus `Granatnaja\u00b4\t<\/a>\n<\/h3>\n<div class=\"fusion-price-rating\">\n\n\t<span class=\"price\"><span class=\"woocommerce-Price-amount amount\"><bdi>28,00&nbsp;<span class=\"woocommerce-Price-currencySymbol\">&euro;<\/span><\/bdi><\/span><\/span>\n\t\t<\/div>\n\t<\/div>\n<\/div>\n\n\n\t<div class=\"product-buttons\">\n\t\t<div class=\"fusion-content-sep sep-double sep-solid\"><\/div>\n\t\t<div class=\"product-buttons-container clearfix\">\n<a href=\"\/fi\/wp-json\/wp\/v2\/pages\/11060?add-to-cart=9184\"  data-quantity=\"1\" class=\"button product_type_simple add_to_cart_button ajax_add_to_cart\" data-product_id=\"9184\" data-product_sku=\"\" aria-label=\"Lis\u00e4\u00e4 ostoskoriin: \u201cS\u00f6tr\u00f6nn (sp\u00f6)Sorbus `Granatnaja\u00b4\u201d\" rel=\"nofollow\" data-no-translation=\"\" data-trp-gettext=\"\" data-no-translation-aria-label=\"\">Lis\u00e4\u00e4 ostoskoriin<\/a>\n<a href=\"https:\/\/www3.blomqvistplantskola.com\/fi\/product\/granatnaja-sposorbus\/\" class=\"show_details_button\">\n\tDetails<\/a>\n\n\n\t<\/div>\n\t<\/div>\n\n\t<\/div> <\/div>\n<\/li>\n<\/ul><div class=\"fusion-woo-product-grid-pagination fusion-clearfix infinite-scroll infinite-scroll-hide\"><\/div><\/div><\/div><\/div><\/div><\/div><\/p>","protected":false},"excerpt":{"rendered":"","protected":false},"author":1,"featured_media":0,"parent":0,"menu_order":0,"comment_status":"closed","ping_status":"closed","template":"","meta":{"footnotes":""},"class_list":["post-11060","page","type-page","status-publish","hentry"],"_links":{"self":[{"href":"https:\/\/www3.blomqvistplantskola.com\/fi\/wp-json\/wp\/v2\/pages\/11060","targetHints":{"allow":["GET"]}}],"collection":[{"href":"https:\/\/www3.blomqvistplantskola.com\/fi\/wp-json\/wp\/v2\/pages"}],"about":[{"href":"https:\/\/www3.blomqvistplantskola.com\/fi\/wp-json\/wp\/v2\/types\/page"}],"author":[{"embeddable":true,"href":"https:\/\/www3.blomqvistplantskola.com\/fi\/wp-json\/wp\/v2\/users\/1"}],"replies":[{"embeddable":true,"href":"https:\/\/www3.blomqvistplantskola.com\/fi\/wp-json\/wp\/v2\/comments?post=11060"}],"version-history":[{"count":2,"href":"https:\/\/www3.blomqvistplantskola.com\/fi\/wp-json\/wp\/v2\/pages\/11060\/revisions"}],"predecessor-version":[{"id":11062,"href":"https:\/\/www3.blomqvistplantskola.com\/fi\/wp-json\/wp\/v2\/pages\/11060\/revisions\/11062"}],"wp:attachment":[{"href":"https:\/\/www3.blomqvistplantskola.com\/fi\/wp-json\/wp\/v2\/media?parent=11060"}],"curies":[{"name":"wp","href":"https:\/\/api.w.org\/{rel}","templated":true}]}}