{"id":3913,"date":"2025-08-29T13:14:17","date_gmt":"2025-08-29T11:14:17","guid":{"rendered":"https:\/\/www3.blomqvistplantskola.com\/?page_id=3913"},"modified":"2026-03-13T10:59:23","modified_gmt":"2026-03-13T08:59:23","slug":"korsbarstrad","status":"publish","type":"page","link":"https:\/\/www3.blomqvistplantskola.com\/fi\/korsbarstrad\/","title":{"rendered":"Kirsikkapuut"},"content":{"rendered":"<p><div class=\"fusion-fullwidth fullwidth-box fusion-builder-row-1 fusion-flex-container has-pattern-background has-mask-background nonhundred-percent-fullwidth non-hundred-percent-height-scrolling\" style=\"--awb-border-radius-top-left:0px;--awb-border-radius-top-right:0px;--awb-border-radius-bottom-right:0px;--awb-border-radius-bottom-left:0px;--awb-flex-wrap:wrap;\" ><div class=\"fusion-builder-row fusion-row fusion-flex-align-items-flex-start fusion-flex-content-wrap\" style=\"max-width:1248px;margin-left: calc(-4% \/ 2 );margin-right: calc(-4% \/ 2 );\"><div class=\"fusion-layout-column fusion_builder_column fusion-builder-column-0 fusion_builder_column_1_1 1_1 fusion-flex-column\" style=\"--awb-bg-size:cover;--awb-width-large:100%;--awb-margin-top-large:0px;--awb-spacing-right-large:1.92%;--awb-margin-bottom-large:20px;--awb-spacing-left-large:1.92%;--awb-width-medium:100%;--awb-order-medium:0;--awb-spacing-right-medium:1.92%;--awb-spacing-left-medium:1.92%;--awb-width-small:100%;--awb-order-small:0;--awb-spacing-right-small:1.92%;--awb-spacing-left-small:1.92%;\"><div class=\"fusion-column-wrapper fusion-column-has-shadow fusion-flex-justify-content-flex-start fusion-content-layout-column\"><div class=\"fusion-woo-product-grid fusion-product-archive fusion-woo-product-grid-1\"><ul class=\"products products-4\"><li class=\"product type-product post-6747 status-publish first instock product_cat-korsbarstrad has-post-thumbnail taxable shipping-taxable purchasable product-type-simple product-grid-view\">\n\t<div class=\"fusion-product-wrapper\">\n<a href=\"https:\/\/www3.blomqvistplantskola.com\/fi\/product\/brianskaja-rozovaja-ymprisprunus-avium-kopia\/\" class=\"product-images\" aria-label=\"Brianskaja rozovaja (sp\u00f6)Prunus avium\">\n\n<div class=\"featured-image\">\n\t\t<img decoding=\"async\" width=\"500\" height=\"335\" src=\"https:\/\/www3.blomqvistplantskola.com\/wp-content\/uploads\/2023\/11\/Brjanskaja-500x335.jpg\" class=\"attachment-woocommerce_thumbnail size-woocommerce_thumbnail wp-post-image\" alt=\"\" srcset=\"https:\/\/www3.blomqvistplantskola.com\/wp-content\/uploads\/2023\/11\/Brjanskaja-18x12.jpg 18w, https:\/\/www3.blomqvistplantskola.com\/wp-content\/uploads\/2023\/11\/Brjanskaja-200x134.jpg 200w, https:\/\/www3.blomqvistplantskola.com\/wp-content\/uploads\/2023\/11\/Brjanskaja-300x201.jpg 300w, https:\/\/www3.blomqvistplantskola.com\/wp-content\/uploads\/2023\/11\/Brjanskaja-400x268.jpg 400w, https:\/\/www3.blomqvistplantskola.com\/wp-content\/uploads\/2023\/11\/Brjanskaja-500x335.jpg 500w, https:\/\/www3.blomqvistplantskola.com\/wp-content\/uploads\/2023\/11\/Brjanskaja-600x402.jpg 600w, https:\/\/www3.blomqvistplantskola.com\/wp-content\/uploads\/2023\/11\/Brjanskaja-700x469.jpg 700w, https:\/\/www3.blomqvistplantskola.com\/wp-content\/uploads\/2023\/11\/Brjanskaja-768x514.jpg 768w, https:\/\/www3.blomqvistplantskola.com\/wp-content\/uploads\/2023\/11\/Brjanskaja-800x536.jpg 800w, https:\/\/www3.blomqvistplantskola.com\/wp-content\/uploads\/2023\/11\/Brjanskaja-1024x685.jpg 1024w, https:\/\/www3.blomqvistplantskola.com\/wp-content\/uploads\/2023\/11\/Brjanskaja-1200x803.jpg 1200w, https:\/\/www3.blomqvistplantskola.com\/wp-content\/uploads\/2023\/11\/Brjanskaja-1536x1028.jpg 1536w\" sizes=\"(max-width: 500px) 100vw, 500px\" \/>\n\t\t\t\t\t\t<div class=\"cart-loading\"><i class=\"awb-icon-spinner\" aria-hidden=\"true\"><\/i><\/div>\n\t\t\t<\/div>\n<\/a>\n<div class=\"fusion-product-content\">\n\t<div class=\"product-details\">\n\t\t<div class=\"product-details-container\">\n<h3 class=\"product-title\">\n\t<a href=\"https:\/\/www3.blomqvistplantskola.com\/fi\/product\/brianskaja-rozovaja-ymprisprunus-avium-kopia\/\">\n\t\t<b>Brianskaja rozovaja <\/b>(piiskataimi)<br>Prunus avium\t<\/a>\n<\/h3>\n<div class=\"fusion-price-rating\">\n\n\t<span class=\"price\"><span class=\"woocommerce-Price-amount amount\"><bdi>28,00&nbsp;<span class=\"woocommerce-Price-currencySymbol\">&euro;<\/span><\/bdi><\/span><\/span>\n\t\t<\/div>\n\t<\/div>\n<\/div>\n\n\n\t<div class=\"product-buttons\">\n\t\t<div class=\"fusion-content-sep sep-double sep-solid\"><\/div>\n\t\t<div class=\"product-buttons-container clearfix\">\n<a href=\"\/fi\/wp-json\/wp\/v2\/pages\/3913?add-to-cart=6747\"  data-quantity=\"1\" class=\"button product_type_simple add_to_cart_button ajax_add_to_cart\" data-product_id=\"6747\" data-product_sku=\"\" aria-label=\"Lis\u00e4\u00e4 ostoskoriin: \u201cBrianskaja rozovaja (sp\u00f6)Prunus avium\u201d\" rel=\"nofollow\" data-no-translation=\"\" data-trp-gettext=\"\" data-no-translation-aria-label=\"\">Lis\u00e4\u00e4 ostoskoriin<\/a>\n<a href=\"https:\/\/www3.blomqvistplantskola.com\/fi\/product\/brianskaja-rozovaja-ymprisprunus-avium-kopia\/\" class=\"show_details_button\">\n\tDetails<\/a>\n\n\n\t<\/div>\n\t<\/div>\n\n\t<\/div> <\/div>\n<\/li>\n<li class=\"product type-product post-9149 status-publish instock product_cat-korsbarstrad taxable shipping-taxable purchasable product-type-simple product-grid-view\">\n\t<div class=\"fusion-product-wrapper\">\n<a href=\"https:\/\/www3.blomqvistplantskola.com\/fi\/product\/rauhala-spoprunus-cerasus\/\" class=\"product-images\" aria-label=\"Rauhala (sp\u00f6)Prunus cerasus\">\n\n<div class=\"featured-image\">\n\t\t<img decoding=\"async\" width=\"500\" height=\"500\" src=\"https:\/\/www3.blomqvistplantskola.com\/wp-content\/uploads\/woocommerce-placeholder-500x500.png\" class=\"woocommerce-placeholder wp-post-image\" alt=\"Paikanvaraus\" srcset=\"https:\/\/www3.blomqvistplantskola.com\/wp-content\/uploads\/woocommerce-placeholder-150x150.png 150w, https:\/\/www3.blomqvistplantskola.com\/wp-content\/uploads\/woocommerce-placeholder-200x200.png 200w, https:\/\/www3.blomqvistplantskola.com\/wp-content\/uploads\/woocommerce-placeholder-300x300.png 300w, https:\/\/www3.blomqvistplantskola.com\/wp-content\/uploads\/woocommerce-placeholder-500x500.png 500w, https:\/\/www3.blomqvistplantskola.com\/wp-content\/uploads\/woocommerce-placeholder-700x700.png 700w, https:\/\/www3.blomqvistplantskola.com\/wp-content\/uploads\/woocommerce-placeholder-768x768.png 768w, https:\/\/www3.blomqvistplantskola.com\/wp-content\/uploads\/woocommerce-placeholder-1024x1024.png 1024w, https:\/\/www3.blomqvistplantskola.com\/wp-content\/uploads\/woocommerce-placeholder.png 1200w\" sizes=\"(max-width: 500px) 100vw, 500px\" data-no-translation-alt=\"\" \/>\n\t\t\t\t\t\t<div class=\"cart-loading\"><i class=\"awb-icon-spinner\" aria-hidden=\"true\"><\/i><\/div>\n\t\t\t<\/div>\n<\/a>\n<div class=\"fusion-product-content\">\n\t<div class=\"product-details\">\n\t\t<div class=\"product-details-container\">\n<h3 class=\"product-title\">\n\t<a href=\"https:\/\/www3.blomqvistplantskola.com\/fi\/product\/rauhala-spoprunus-cerasus\/\">\n\t\t<b>Rauhala <\/b>(piiskataimi)<br>Prunus cerasus\t<\/a>\n<\/h3>\n<div class=\"fusion-price-rating\">\n\n\t<span class=\"price\"><span class=\"woocommerce-Price-amount amount\"><bdi>26,00&nbsp;<span class=\"woocommerce-Price-currencySymbol\">&euro;<\/span><\/bdi><\/span><\/span>\n\t\t<\/div>\n\t<\/div>\n<\/div>\n\n\n\t<div class=\"product-buttons\">\n\t\t<div class=\"fusion-content-sep sep-double sep-solid\"><\/div>\n\t\t<div class=\"product-buttons-container clearfix\">\n<a href=\"\/fi\/wp-json\/wp\/v2\/pages\/3913?add-to-cart=9149\"  data-quantity=\"1\" class=\"button product_type_simple add_to_cart_button ajax_add_to_cart\" data-product_id=\"9149\" data-product_sku=\"\" aria-label=\"Lis\u00e4\u00e4 ostoskoriin: \u201cRauhala (sp\u00f6)Prunus cerasus\u201d\" rel=\"nofollow\" data-no-translation=\"\" data-trp-gettext=\"\" data-no-translation-aria-label=\"\">Lis\u00e4\u00e4 ostoskoriin<\/a>\n<a href=\"https:\/\/www3.blomqvistplantskola.com\/fi\/product\/rauhala-spoprunus-cerasus\/\" class=\"show_details_button\">\n\tDetails<\/a>\n\n\n\t<\/div>\n\t<\/div>\n\n\t<\/div> <\/div>\n<\/li>\n<li class=\"product type-product post-8102 status-publish instock product_cat-barvaxter product_cat-korsbarstrad has-post-thumbnail taxable shipping-taxable purchasable product-type-simple product-grid-view\">\n\t<div class=\"fusion-product-wrapper\">\n<a href=\"https:\/\/www3.blomqvistplantskola.com\/fi\/product\/buskkorsbar-prunus-cerasus-kurtshatovskaja\/\" class=\"product-images\" aria-label=\"Buskk\u00f6rsb\u00e4r Prunus cerasus `Kurtshatovskaja\u00b4\">\n\n<div class=\"featured-image\">\n\t\t<img decoding=\"async\" width=\"261\" height=\"237\" src=\"https:\/\/www3.blomqvistplantskola.com\/wp-content\/uploads\/2024\/09\/Prunus.jpg\" class=\"attachment-woocommerce_thumbnail size-woocommerce_thumbnail wp-post-image\" alt=\"\" srcset=\"https:\/\/www3.blomqvistplantskola.com\/wp-content\/uploads\/2024\/09\/Prunus-13x12.jpg 13w, https:\/\/www3.blomqvistplantskola.com\/wp-content\/uploads\/2024\/09\/Prunus-200x182.jpg 200w, https:\/\/www3.blomqvistplantskola.com\/wp-content\/uploads\/2024\/09\/Prunus.jpg 261w\" sizes=\"(max-width: 261px) 100vw, 261px\" \/>\n\t\t\t\t\t\t<div class=\"cart-loading\"><i class=\"awb-icon-spinner\" aria-hidden=\"true\"><\/i><\/div>\n\t\t\t<\/div>\n<\/a>\n<div class=\"fusion-product-content\">\n\t<div class=\"product-details\">\n\t\t<div class=\"product-details-container\">\n<h3 class=\"product-title\">\n\t<a href=\"https:\/\/www3.blomqvistplantskola.com\/fi\/product\/buskkorsbar-prunus-cerasus-kurtshatovskaja\/\">\n\t\t<b>Pensaskirsikka <\/b><br>Prunus cerasus `Kurtshatovskaja\u00b4\t<\/a>\n<\/h3>\n<div class=\"fusion-price-rating\">\n\n\t<span class=\"price\"><span class=\"woocommerce-Price-amount amount\"><bdi>32,00&nbsp;<span class=\"woocommerce-Price-currencySymbol\">&euro;<\/span><\/bdi><\/span><\/span>\n\t\t<\/div>\n\t<\/div>\n<\/div>\n\n\n\t<div class=\"product-buttons\">\n\t\t<div class=\"fusion-content-sep sep-double sep-solid\"><\/div>\n\t\t<div class=\"product-buttons-container clearfix\">\n<a href=\"\/fi\/wp-json\/wp\/v2\/pages\/3913?add-to-cart=8102\"  data-quantity=\"1\" class=\"button product_type_simple add_to_cart_button ajax_add_to_cart\" data-product_id=\"8102\" data-product_sku=\"\" aria-label=\"Lis\u00e4\u00e4 ostoskoriin: \u201cBuskk\u00f6rsb\u00e4r Prunus cerasus `Kurtshatovskaja\u00b4\u201d\" rel=\"nofollow\" data-no-translation=\"\" data-trp-gettext=\"\" data-no-translation-aria-label=\"\">Lis\u00e4\u00e4 ostoskoriin<\/a>\n<a href=\"https:\/\/www3.blomqvistplantskola.com\/fi\/product\/buskkorsbar-prunus-cerasus-kurtshatovskaja\/\" class=\"show_details_button\">\n\tDetails<\/a>\n\n\n\t<\/div>\n\t<\/div>\n\n\t<\/div> <\/div>\n<\/li>\n<li class=\"product type-product post-10411 status-publish last instock product_cat-frukttrad product_cat-korsbarstrad has-post-thumbnail taxable shipping-taxable purchasable product-type-simple product-grid-view\">\n\t<div class=\"fusion-product-wrapper\">\n<a href=\"https:\/\/www3.blomqvistplantskola.com\/fi\/product\/choklad-buskkorsbarspoprunus-cerasus-chokoladnaja\/\" class=\"product-images\" aria-label=\"Choklad Buskk\u00f6rsb\u00e4r(ungsp\u00f6)Prunus cerasus `Chokoladnaja\u00b4\">\n\n<div class=\"featured-image crossfade-images\">\n\t<img decoding=\"async\" width=\"500\" height=\"830\" src=\"https:\/\/www3.blomqvistplantskola.com\/wp-content\/uploads\/2025\/09\/Choko-ungplant-p9-500x830.jpg\" class=\"hover-image\" alt=\"\" srcset=\"https:\/\/www3.blomqvistplantskola.com\/wp-content\/uploads\/2025\/09\/Choko-ungplant-p9-7x12.jpg 7w, https:\/\/www3.blomqvistplantskola.com\/wp-content\/uploads\/2025\/09\/Choko-ungplant-p9-181x300.jpg 181w, https:\/\/www3.blomqvistplantskola.com\/wp-content\/uploads\/2025\/09\/Choko-ungplant-p9-200x332.jpg 200w, https:\/\/www3.blomqvistplantskola.com\/wp-content\/uploads\/2025\/09\/Choko-ungplant-p9-400x664.jpg 400w, https:\/\/www3.blomqvistplantskola.com\/wp-content\/uploads\/2025\/09\/Choko-ungplant-p9-500x830.jpg 500w, https:\/\/www3.blomqvistplantskola.com\/wp-content\/uploads\/2025\/09\/Choko-ungplant-p9-600x996.jpg 600w, https:\/\/www3.blomqvistplantskola.com\/wp-content\/uploads\/2025\/09\/Choko-ungplant-p9-617x1024.jpg 617w, https:\/\/www3.blomqvistplantskola.com\/wp-content\/uploads\/2025\/09\/Choko-ungplant-p9-700x1162.jpg 700w, https:\/\/www3.blomqvistplantskola.com\/wp-content\/uploads\/2025\/09\/Choko-ungplant-p9-768x1275.jpg 768w, https:\/\/www3.blomqvistplantskola.com\/wp-content\/uploads\/2025\/09\/Choko-ungplant-p9-800x1328.jpg 800w, https:\/\/www3.blomqvistplantskola.com\/wp-content\/uploads\/2025\/09\/Choko-ungplant-p9-926x1536.jpg 926w, https:\/\/www3.blomqvistplantskola.com\/wp-content\/uploads\/2025\/09\/Choko-ungplant-p9-1200x1991.jpg 1200w, https:\/\/www3.blomqvistplantskola.com\/wp-content\/uploads\/2025\/09\/Choko-ungplant-p9-1234x2048.jpg 1234w, https:\/\/www3.blomqvistplantskola.com\/wp-content\/uploads\/2025\/09\/Choko-ungplant-p9.jpg 1501w\" sizes=\"(max-width: 500px) 100vw, 500px\" \/>\t<img decoding=\"async\" width=\"500\" height=\"375\" src=\"https:\/\/www3.blomqvistplantskola.com\/wp-content\/uploads\/2022\/03\/Chokladkorsbar_wtr-1000x750-1-500x375.jpg\" class=\"attachment-woocommerce_thumbnail size-woocommerce_thumbnail wp-post-image\" alt=\"\" srcset=\"https:\/\/www3.blomqvistplantskola.com\/wp-content\/uploads\/2022\/03\/Chokladkorsbar_wtr-1000x750-1-16x12.jpg 16w, https:\/\/www3.blomqvistplantskola.com\/wp-content\/uploads\/2022\/03\/Chokladkorsbar_wtr-1000x750-1-300x225.jpg 300w, https:\/\/www3.blomqvistplantskola.com\/wp-content\/uploads\/2022\/03\/Chokladkorsbar_wtr-1000x750-1-500x375.jpg 500w, https:\/\/www3.blomqvistplantskola.com\/wp-content\/uploads\/2022\/03\/Chokladkorsbar_wtr-1000x750-1-700x525.jpg 700w, https:\/\/www3.blomqvistplantskola.com\/wp-content\/uploads\/2022\/03\/Chokladkorsbar_wtr-1000x750-1-768x576.jpg 768w, https:\/\/www3.blomqvistplantskola.com\/wp-content\/uploads\/2022\/03\/Chokladkorsbar_wtr-1000x750-1-800x600.jpg 800w, https:\/\/www3.blomqvistplantskola.com\/wp-content\/uploads\/2022\/03\/Chokladkorsbar_wtr-1000x750-1.jpg 1000w\" sizes=\"(max-width: 500px) 100vw, 500px\" \/>\n\t\t\t\t\t\t<div class=\"cart-loading\"><i class=\"awb-icon-spinner\" aria-hidden=\"true\"><\/i><\/div>\n\t\t\t<\/div>\n<\/a>\n<div class=\"fusion-product-content\">\n\t<div class=\"product-details\">\n\t\t<div class=\"product-details-container\">\n<h3 class=\"product-title\">\n\t<a href=\"https:\/\/www3.blomqvistplantskola.com\/fi\/product\/choklad-buskkorsbarspoprunus-cerasus-chokoladnaja\/\">\n\t\t<b>Suklaakirsikka<\/b>(ungsp\u00f6)<br>Prunus cerasus `Chokoladnaja\u00b4\t<\/a>\n<\/h3>\n<div class=\"fusion-price-rating\">\n\n\t<span class=\"price\"><span class=\"woocommerce-Price-amount amount\"><bdi>23,50&nbsp;<span class=\"woocommerce-Price-currencySymbol\">&euro;<\/span><\/bdi><\/span><\/span>\n\t\t<\/div>\n\t<\/div>\n<\/div>\n\n\n\t<div class=\"product-buttons\">\n\t\t<div class=\"fusion-content-sep sep-double sep-solid\"><\/div>\n\t\t<div class=\"product-buttons-container clearfix\">\n<a href=\"\/fi\/wp-json\/wp\/v2\/pages\/3913?add-to-cart=10411\"  data-quantity=\"1\" class=\"button product_type_simple add_to_cart_button ajax_add_to_cart\" data-product_id=\"10411\" data-product_sku=\"\" aria-label=\"Lis\u00e4\u00e4 ostoskoriin: \u201cChoklad Buskk\u00f6rsb\u00e4r(ungsp\u00f6)Prunus cerasus `Chokoladnaja\u00b4\u201d\" rel=\"nofollow\" data-no-translation=\"\" data-trp-gettext=\"\" data-no-translation-aria-label=\"\">Lis\u00e4\u00e4 ostoskoriin<\/a>\n<a href=\"https:\/\/www3.blomqvistplantskola.com\/fi\/product\/choklad-buskkorsbarspoprunus-cerasus-chokoladnaja\/\" class=\"show_details_button\">\n\tDetails<\/a>\n\n\n\t<\/div>\n\t<\/div>\n\n\t<\/div> <\/div>\n<\/li>\n<\/ul><div class=\"fusion-woo-product-grid-pagination fusion-clearfix\"><\/div><\/div><\/div><\/div><\/div><\/div><div class=\"fusion-fullwidth fullwidth-box fusion-builder-row-2 fusion-flex-container has-pattern-background has-mask-background nonhundred-percent-fullwidth non-hundred-percent-height-scrolling\" style=\"--awb-border-radius-top-left:0px;--awb-border-radius-top-right:0px;--awb-border-radius-bottom-right:0px;--awb-border-radius-bottom-left:0px;--awb-padding-bottom:55px;--awb-flex-wrap:wrap;\" ><div class=\"fusion-builder-row fusion-row fusion-flex-align-items-flex-start fusion-flex-content-wrap\" style=\"max-width:1248px;margin-left: calc(-4% \/ 2 );margin-right: calc(-4% \/ 2 );\"><div class=\"fusion-layout-column fusion_builder_column fusion-builder-column-1 fusion_builder_column_1_1 1_1 fusion-flex-column\" style=\"--awb-bg-size:cover;--awb-width-large:100%;--awb-margin-top-large:0px;--awb-spacing-right-large:1.92%;--awb-margin-bottom-large:20px;--awb-spacing-left-large:1.92%;--awb-width-medium:100%;--awb-order-medium:0;--awb-spacing-right-medium:1.92%;--awb-spacing-left-medium:1.92%;--awb-width-small:100%;--awb-order-small:0;--awb-spacing-right-small:1.92%;--awb-spacing-left-small:1.92%;\"><div class=\"fusion-column-wrapper fusion-column-has-shadow fusion-flex-justify-content-flex-start fusion-content-layout-column\"><div class=\"fusion-text fusion-text-1\"><p style=\"text-align: center;\"><span style=\"font-size: 14pt;\"><strong>Piiskataimia, joiden perusrunko Prunus avium 'Alkavo', ellei toisin mainita.<\/strong><\/span><\/p>\n<\/div><\/div><\/div><\/div><\/div><\/p>","protected":false},"excerpt":{"rendered":"","protected":false},"author":1,"featured_media":0,"parent":0,"menu_order":0,"comment_status":"closed","ping_status":"closed","template":"","meta":{"footnotes":""},"class_list":["post-3913","page","type-page","status-publish","hentry"],"_links":{"self":[{"href":"https:\/\/www3.blomqvistplantskola.com\/fi\/wp-json\/wp\/v2\/pages\/3913","targetHints":{"allow":["GET"]}}],"collection":[{"href":"https:\/\/www3.blomqvistplantskola.com\/fi\/wp-json\/wp\/v2\/pages"}],"about":[{"href":"https:\/\/www3.blomqvistplantskola.com\/fi\/wp-json\/wp\/v2\/types\/page"}],"author":[{"embeddable":true,"href":"https:\/\/www3.blomqvistplantskola.com\/fi\/wp-json\/wp\/v2\/users\/1"}],"replies":[{"embeddable":true,"href":"https:\/\/www3.blomqvistplantskola.com\/fi\/wp-json\/wp\/v2\/comments?post=3913"}],"version-history":[{"count":19,"href":"https:\/\/www3.blomqvistplantskola.com\/fi\/wp-json\/wp\/v2\/pages\/3913\/revisions"}],"predecessor-version":[{"id":10952,"href":"https:\/\/www3.blomqvistplantskola.com\/fi\/wp-json\/wp\/v2\/pages\/3913\/revisions\/10952"}],"wp:attachment":[{"href":"https:\/\/www3.blomqvistplantskola.com\/fi\/wp-json\/wp\/v2\/media?parent=3913"}],"curies":[{"name":"wp","href":"https:\/\/api.w.org\/{rel}","templated":true}]}}