{"id":4034,"date":"2025-08-29T13:14:17","date_gmt":"2025-08-29T11:14:17","guid":{"rendered":"https:\/\/www3.blomqvistplantskola.com\/?page_id=4034"},"modified":"2026-03-13T11:46:34","modified_gmt":"2026-03-13T09:46:34","slug":"hackplant","status":"publish","type":"page","link":"https:\/\/www3.blomqvistplantskola.com\/fi\/hackplant\/","title":{"rendered":"Aitataimet"},"content":{"rendered":"<div class=\"fusion-fullwidth fullwidth-box fusion-builder-row-1 fusion-flex-container nonhundred-percent-fullwidth non-hundred-percent-height-scrolling\" style=\"--awb-border-radius-top-left:0px;--awb-border-radius-top-right:0px;--awb-border-radius-bottom-right:0px;--awb-border-radius-bottom-left:0px;--awb-flex-wrap:wrap;\" ><div class=\"fusion-builder-row fusion-row fusion-flex-align-items-flex-start fusion-flex-content-wrap\" style=\"max-width:1248px;margin-left: calc(-4% \/ 2 );margin-right: calc(-4% \/ 2 );\"><div class=\"fusion-layout-column fusion_builder_column fusion-builder-column-0 fusion_builder_column_1_1 1_1 fusion-flex-column\" style=\"--awb-bg-size:cover;--awb-width-large:100%;--awb-margin-top-large:0px;--awb-spacing-right-large:1.92%;--awb-margin-bottom-large:0px;--awb-spacing-left-large:1.92%;--awb-width-medium:100%;--awb-spacing-right-medium:1.92%;--awb-spacing-left-medium:1.92%;--awb-width-small:100%;--awb-spacing-right-small:1.92%;--awb-spacing-left-small:1.92%;\"><div class=\"fusion-column-wrapper fusion-flex-justify-content-flex-start fusion-content-layout-column\"><div class=\"fusion-woo-product-grid fusion-product-archive fusion-woo-product-grid-1\"><ul class=\"products products-4\"><li class=\"product type-product post-9217 status-publish first instock product_cat-hackplant product_cat-paketerbjudanden product_cat-prydnadsbuskar has-post-thumbnail sale taxable shipping-taxable purchasable product-type-simple product-grid-view\">\n\t<div class=\"fusion-product-wrapper\">\n<a href=\"https:\/\/www3.blomqvistplantskola.com\/fi\/product\/aronia-hack-popularaste-hackvaxtenaronia-prunifolia-25-st\/\" class=\"product-images\" aria-label=\"ARONIA h\u00e4ck &#8211; popul\u00e4raste h\u00e4ckv\u00e4xtenAronia prunifolia (25 st)\">\n<div class=\"fusion-woo-badges-wrapper\">\n\n\t<span class=\"onsale\">Sale!<\/span>\n\t<\/div><div class=\"featured-image crossfade-images\">\n\t<img decoding=\"async\" width=\"500\" height=\"333\" src=\"https:\/\/www3.blomqvistplantskola.com\/wp-content\/uploads\/2022\/03\/Aronia-hb-scaled-500x333.jpg\" class=\"hover-image\" alt=\"\" srcset=\"https:\/\/www3.blomqvistplantskola.com\/wp-content\/uploads\/2022\/03\/Aronia-hb-18x12.jpg 18w, https:\/\/www3.blomqvistplantskola.com\/wp-content\/uploads\/2022\/03\/Aronia-hb-300x200.jpg 300w, https:\/\/www3.blomqvistplantskola.com\/wp-content\/uploads\/2022\/03\/Aronia-hb-scaled-500x333.jpg 500w, https:\/\/www3.blomqvistplantskola.com\/wp-content\/uploads\/2022\/03\/Aronia-hb-scaled-700x467.jpg 700w, https:\/\/www3.blomqvistplantskola.com\/wp-content\/uploads\/2022\/03\/Aronia-hb-768x512.jpg 768w, https:\/\/www3.blomqvistplantskola.com\/wp-content\/uploads\/2022\/03\/Aronia-hb-scaled-800x533.jpg 800w, https:\/\/www3.blomqvistplantskola.com\/wp-content\/uploads\/2022\/03\/Aronia-hb-1024x683.jpg 1024w, https:\/\/www3.blomqvistplantskola.com\/wp-content\/uploads\/2022\/03\/Aronia-hb-1536x1024.jpg 1536w\" sizes=\"(max-width: 500px) 100vw, 500px\" \/>\t<img decoding=\"async\" width=\"500\" height=\"375\" src=\"https:\/\/www3.blomqvistplantskola.com\/wp-content\/uploads\/2022\/03\/Den-mest-populara-hackvaxten-ARONIA-HACK-500x375.jpg\" class=\"attachment-woocommerce_thumbnail size-woocommerce_thumbnail wp-post-image\" alt=\"\" srcset=\"https:\/\/www3.blomqvistplantskola.com\/wp-content\/uploads\/2022\/03\/Den-mest-populara-hackvaxten-ARONIA-HACK-16x12.jpg 16w, https:\/\/www3.blomqvistplantskola.com\/wp-content\/uploads\/2022\/03\/Den-mest-populara-hackvaxten-ARONIA-HACK-300x225.jpg 300w, https:\/\/www3.blomqvistplantskola.com\/wp-content\/uploads\/2022\/03\/Den-mest-populara-hackvaxten-ARONIA-HACK-500x375.jpg 500w, https:\/\/www3.blomqvistplantskola.com\/wp-content\/uploads\/2022\/03\/Den-mest-populara-hackvaxten-ARONIA-HACK-700x525.jpg 700w, https:\/\/www3.blomqvistplantskola.com\/wp-content\/uploads\/2022\/03\/Den-mest-populara-hackvaxten-ARONIA-HACK-768x576.jpg 768w, https:\/\/www3.blomqvistplantskola.com\/wp-content\/uploads\/2022\/03\/Den-mest-populara-hackvaxten-ARONIA-HACK-800x600.jpg 800w, https:\/\/www3.blomqvistplantskola.com\/wp-content\/uploads\/2022\/03\/Den-mest-populara-hackvaxten-ARONIA-HACK.jpg 1000w\" sizes=\"(max-width: 500px) 100vw, 500px\" \/>\n\t\t\t\t\t\t<div class=\"cart-loading\"><i class=\"awb-icon-spinner\" aria-hidden=\"true\"><\/i><\/div>\n\t\t\t<\/div>\n<\/a>\n<div class=\"fusion-product-content\">\n\t<div class=\"product-details\">\n\t\t<div class=\"product-details-container\">\n<h3 class=\"product-title\">\n\t<a href=\"https:\/\/www3.blomqvistplantskola.com\/fi\/product\/aronia-hack-popularaste-hackvaxtenaronia-prunifolia-25-st\/\">\n\t\t<b>ARONIA aita <br>- suosituin aitakasvi<\/b><br>Aronia prunifolia (25 kpl)\t<\/a>\n<\/h3>\n<div class=\"fusion-price-rating\">\n\n\t<span class=\"price\"><del aria-hidden=\"true\"><span class=\"woocommerce-Price-amount amount\"><bdi>62,00&nbsp;<span class=\"woocommerce-Price-currencySymbol\">&euro;<\/span><\/bdi><\/span><\/del> <span class=\"screen-reader-text\" data-no-translation=\"\" data-trp-gettext=\"\">Alkuper\u00e4inen hinta oli: 62,00&nbsp;&euro;.<\/span><ins aria-hidden=\"true\"><span class=\"woocommerce-Price-amount amount\"><bdi>50,00&nbsp;<span class=\"woocommerce-Price-currencySymbol\">&euro;<\/span><\/bdi><\/span><\/ins><span class=\"screen-reader-text\" data-no-translation=\"\" data-trp-gettext=\"\">Nykyinen hinta on: 50,00&nbsp;&euro;.<\/span><\/span>\n\t\t<\/div>\n\t<\/div>\n<\/div>\n\n\n\t<div class=\"product-buttons\">\n\t\t<div class=\"fusion-content-sep sep-double sep-solid\"><\/div>\n\t\t<div class=\"product-buttons-container clearfix\">\n<a href=\"\/fi\/wp-json\/wp\/v2\/pages\/4034?add-to-cart=9217\"  data-quantity=\"1\" class=\"button product_type_simple add_to_cart_button ajax_add_to_cart\" data-product_id=\"9217\" data-product_sku=\"\" aria-label=\"Lis\u00e4\u00e4 ostoskoriin: \u201cARONIA h\u00e4ck - popul\u00e4raste h\u00e4ckv\u00e4xtenAronia prunifolia (25 st)\u201d\" rel=\"nofollow\" data-no-translation=\"\" data-trp-gettext=\"\" data-no-translation-aria-label=\"\">Lis\u00e4\u00e4 ostoskoriin<\/a>\n<a href=\"https:\/\/www3.blomqvistplantskola.com\/fi\/product\/aronia-hack-popularaste-hackvaxtenaronia-prunifolia-25-st\/\" class=\"show_details_button\">\n\tDetails<\/a>\n\n\n\t<\/div>\n\t<\/div>\n\n\t<\/div> <\/div>\n<\/li>\n<li class=\"product type-product post-9218 status-publish instock product_cat-hackplant product_cat-paketerbjudanden product_cat-prydnadsbuskar has-post-thumbnail sale taxable shipping-taxable purchasable product-type-simple product-grid-view\">\n\t<div class=\"fusion-product-wrapper\">\n<a href=\"https:\/\/www3.blomqvistplantskola.com\/fi\/product\/svartaronia-5-st-p9aronia-prunifolia-a-melanocarpa\/\" class=\"product-images\" aria-label=\"Svartaronia 5 st, P11Aronia prunifolia (A. melanocarpa)\">\n<div class=\"fusion-woo-badges-wrapper\">\n\n\t<span class=\"onsale\">Sale!<\/span>\n\t<\/div><div class=\"featured-image crossfade-images\">\n\t<img decoding=\"async\" width=\"500\" height=\"357\" src=\"https:\/\/www3.blomqvistplantskola.com\/wp-content\/uploads\/2025\/03\/Aronia-blom1-500x357.jpg\" class=\"hover-image\" alt=\"\" srcset=\"https:\/\/www3.blomqvistplantskola.com\/wp-content\/uploads\/2025\/03\/Aronia-blom1-18x12.jpg 18w, https:\/\/www3.blomqvistplantskola.com\/wp-content\/uploads\/2025\/03\/Aronia-blom1-200x143.jpg 200w, https:\/\/www3.blomqvistplantskola.com\/wp-content\/uploads\/2025\/03\/Aronia-blom1-300x214.jpg 300w, https:\/\/www3.blomqvistplantskola.com\/wp-content\/uploads\/2025\/03\/Aronia-blom1-400x285.jpg 400w, https:\/\/www3.blomqvistplantskola.com\/wp-content\/uploads\/2025\/03\/Aronia-blom1-500x357.jpg 500w, https:\/\/www3.blomqvistplantskola.com\/wp-content\/uploads\/2025\/03\/Aronia-blom1-600x428.jpg 600w, https:\/\/www3.blomqvistplantskola.com\/wp-content\/uploads\/2025\/03\/Aronia-blom1-700x499.jpg 700w, https:\/\/www3.blomqvistplantskola.com\/wp-content\/uploads\/2025\/03\/Aronia-blom1-768x548.jpg 768w, https:\/\/www3.blomqvistplantskola.com\/wp-content\/uploads\/2025\/03\/Aronia-blom1-800x571.jpg 800w, https:\/\/www3.blomqvistplantskola.com\/wp-content\/uploads\/2025\/03\/Aronia-blom1-1024x730.jpg 1024w, https:\/\/www3.blomqvistplantskola.com\/wp-content\/uploads\/2025\/03\/Aronia-blom1-1200x856.jpg 1200w, https:\/\/www3.blomqvistplantskola.com\/wp-content\/uploads\/2025\/03\/Aronia-blom1.jpg 1447w\" sizes=\"(max-width: 500px) 100vw, 500px\" \/>\t<img decoding=\"async\" width=\"500\" height=\"333\" src=\"https:\/\/www3.blomqvistplantskola.com\/wp-content\/uploads\/2022\/03\/Aronia-hb-scaled-500x333.jpg\" class=\"attachment-woocommerce_thumbnail size-woocommerce_thumbnail wp-post-image\" alt=\"\" srcset=\"https:\/\/www3.blomqvistplantskola.com\/wp-content\/uploads\/2022\/03\/Aronia-hb-18x12.jpg 18w, https:\/\/www3.blomqvistplantskola.com\/wp-content\/uploads\/2022\/03\/Aronia-hb-300x200.jpg 300w, https:\/\/www3.blomqvistplantskola.com\/wp-content\/uploads\/2022\/03\/Aronia-hb-scaled-500x333.jpg 500w, https:\/\/www3.blomqvistplantskola.com\/wp-content\/uploads\/2022\/03\/Aronia-hb-scaled-700x467.jpg 700w, https:\/\/www3.blomqvistplantskola.com\/wp-content\/uploads\/2022\/03\/Aronia-hb-768x512.jpg 768w, https:\/\/www3.blomqvistplantskola.com\/wp-content\/uploads\/2022\/03\/Aronia-hb-scaled-800x533.jpg 800w, https:\/\/www3.blomqvistplantskola.com\/wp-content\/uploads\/2022\/03\/Aronia-hb-1024x683.jpg 1024w, https:\/\/www3.blomqvistplantskola.com\/wp-content\/uploads\/2022\/03\/Aronia-hb-1536x1024.jpg 1536w\" sizes=\"(max-width: 500px) 100vw, 500px\" \/>\n\t\t\t\t\t\t<div class=\"cart-loading\"><i class=\"awb-icon-spinner\" aria-hidden=\"true\"><\/i><\/div>\n\t\t\t<\/div>\n<\/a>\n<div class=\"fusion-product-content\">\n\t<div class=\"product-details\">\n\t\t<div class=\"product-details-container\">\n<h3 class=\"product-title\">\n\t<a href=\"https:\/\/www3.blomqvistplantskola.com\/fi\/product\/svartaronia-5-st-p9aronia-prunifolia-a-melanocarpa\/\">\n\t\t<b>Musta-aronia 5 kpl P11<\/b><br>Aronia prunifolia (A. melanocarpa)\t<\/a>\n<\/h3>\n<div class=\"fusion-price-rating\">\n\n\t<span class=\"price\"><del aria-hidden=\"true\"><span class=\"woocommerce-Price-amount amount\"><bdi>27,50&nbsp;<span class=\"woocommerce-Price-currencySymbol\">&euro;<\/span><\/bdi><\/span><\/del> <span class=\"screen-reader-text\" data-no-translation=\"\" data-trp-gettext=\"\">Alkuper\u00e4inen hinta oli: 27,50&nbsp;&euro;.<\/span><ins aria-hidden=\"true\"><span class=\"woocommerce-Price-amount amount\"><bdi>22,00&nbsp;<span class=\"woocommerce-Price-currencySymbol\">&euro;<\/span><\/bdi><\/span><\/ins><span class=\"screen-reader-text\" data-no-translation=\"\" data-trp-gettext=\"\">Nykyinen hinta on: 22,00&nbsp;&euro;.<\/span><\/span>\n\t\t<\/div>\n\t<\/div>\n<\/div>\n\n\n\t<div class=\"product-buttons\">\n\t\t<div class=\"fusion-content-sep sep-double sep-solid\"><\/div>\n\t\t<div class=\"product-buttons-container clearfix\">\n<a href=\"\/fi\/wp-json\/wp\/v2\/pages\/4034?add-to-cart=9218\"  data-quantity=\"1\" class=\"button product_type_simple add_to_cart_button ajax_add_to_cart\" data-product_id=\"9218\" data-product_sku=\"\" aria-label=\"Lis\u00e4\u00e4 ostoskoriin: \u201cSvartaronia 5 st, P11Aronia prunifolia (A. melanocarpa)\u201d\" rel=\"nofollow\" data-no-translation=\"\" data-trp-gettext=\"\" data-no-translation-aria-label=\"\">Lis\u00e4\u00e4 ostoskoriin<\/a>\n<a href=\"https:\/\/www3.blomqvistplantskola.com\/fi\/product\/svartaronia-5-st-p9aronia-prunifolia-a-melanocarpa\/\" class=\"show_details_button\">\n\tDetails<\/a>\n\n\n\t<\/div>\n\t<\/div>\n\n\t<\/div> <\/div>\n<\/li>\n<\/ul><div class=\"fusion-woo-product-grid-pagination fusion-clearfix\"><\/div><\/div><\/div><\/div><\/div><\/div>","protected":false},"excerpt":{"rendered":"","protected":false},"author":1,"featured_media":0,"parent":0,"menu_order":0,"comment_status":"closed","ping_status":"closed","template":"","meta":{"footnotes":""},"class_list":["post-4034","page","type-page","status-publish","hentry"],"_links":{"self":[{"href":"https:\/\/www3.blomqvistplantskola.com\/fi\/wp-json\/wp\/v2\/pages\/4034","targetHints":{"allow":["GET"]}}],"collection":[{"href":"https:\/\/www3.blomqvistplantskola.com\/fi\/wp-json\/wp\/v2\/pages"}],"about":[{"href":"https:\/\/www3.blomqvistplantskola.com\/fi\/wp-json\/wp\/v2\/types\/page"}],"author":[{"embeddable":true,"href":"https:\/\/www3.blomqvistplantskola.com\/fi\/wp-json\/wp\/v2\/users\/1"}],"replies":[{"embeddable":true,"href":"https:\/\/www3.blomqvistplantskola.com\/fi\/wp-json\/wp\/v2\/comments?post=4034"}],"version-history":[{"count":16,"href":"https:\/\/www3.blomqvistplantskola.com\/fi\/wp-json\/wp\/v2\/pages\/4034\/revisions"}],"predecessor-version":[{"id":10995,"href":"https:\/\/www3.blomqvistplantskola.com\/fi\/wp-json\/wp\/v2\/pages\/4034\/revisions\/10995"}],"wp:attachment":[{"href":"https:\/\/www3.blomqvistplantskola.com\/fi\/wp-json\/wp\/v2\/media?parent=4034"}],"curies":[{"name":"wp","href":"https:\/\/api.w.org\/{rel}","templated":true}]}}