{"id":4045,"date":"2025-08-29T13:14:17","date_gmt":"2025-08-29T11:14:17","guid":{"rendered":"https:\/\/www3.blomqvistplantskola.com\/?page_id=4045"},"modified":"2026-01-05T16:01:37","modified_gmt":"2026-01-05T14:01:37","slug":"bocker","status":"publish","type":"page","link":"https:\/\/www3.blomqvistplantskola.com\/fi\/bocker\/","title":{"rendered":"B\u00f6cker"},"content":{"rendered":"<p><div class=\"fusion-fullwidth fullwidth-box fusion-builder-row-1 fusion-flex-container has-pattern-background has-mask-background nonhundred-percent-fullwidth non-hundred-percent-height-scrolling\" style=\"--awb-border-radius-top-left:0px;--awb-border-radius-top-right:0px;--awb-border-radius-bottom-right:0px;--awb-border-radius-bottom-left:0px;--awb-flex-wrap:wrap;\" ><div class=\"fusion-builder-row fusion-row fusion-flex-align-items-flex-start fusion-flex-justify-content-center fusion-flex-content-wrap\" style=\"max-width:1248px;margin-left: calc(-4% \/ 2 );margin-right: calc(-4% \/ 2 );\"><div class=\"fusion-layout-column fusion_builder_column fusion-builder-column-0 fusion_builder_column_1_2 1_2 fusion-flex-column\" style=\"--awb-bg-size:cover;--awb-width-large:50%;--awb-margin-top-large:0px;--awb-spacing-right-large:3.84%;--awb-margin-bottom-large:20px;--awb-spacing-left-large:3.84%;--awb-width-medium:50%;--awb-order-medium:0;--awb-spacing-right-medium:3.84%;--awb-spacing-left-medium:3.84%;--awb-width-small:100%;--awb-order-small:0;--awb-spacing-right-small:1.92%;--awb-spacing-left-small:1.92%;\"><div class=\"fusion-column-wrapper fusion-column-has-shadow fusion-flex-justify-content-flex-start fusion-content-layout-column\"><div class=\"fusion-text fusion-text-1\"><p style=\"text-align: center;\">Opi lis\u00e4\u00e4 puutarhamaailmasta Leif Blomqvistin tyk\u00e4ttyjen kirjojen avulla.<\/p>\n<\/div><\/div><\/div><\/div><\/div><div class=\"fusion-fullwidth fullwidth-box fusion-builder-row-2 fusion-flex-container nonhundred-percent-fullwidth non-hundred-percent-height-scrolling\" style=\"--awb-border-radius-top-left:0px;--awb-border-radius-top-right:0px;--awb-border-radius-bottom-right:0px;--awb-border-radius-bottom-left:0px;--awb-flex-wrap:wrap;\" ><div class=\"fusion-builder-row fusion-row fusion-flex-align-items-flex-start fusion-flex-content-wrap\" style=\"max-width:1248px;margin-left: calc(-4% \/ 2 );margin-right: calc(-4% \/ 2 );\"><div class=\"fusion-layout-column fusion_builder_column fusion-builder-column-1 fusion_builder_column_1_1 1_1 fusion-flex-column\" style=\"--awb-bg-size:cover;--awb-width-large:100%;--awb-margin-top-large:0px;--awb-spacing-right-large:1.92%;--awb-margin-bottom-large:0px;--awb-spacing-left-large:1.92%;--awb-width-medium:100%;--awb-spacing-right-medium:1.92%;--awb-spacing-left-medium:1.92%;--awb-width-small:100%;--awb-spacing-right-small:1.92%;--awb-spacing-left-small:1.92%;\"><div class=\"fusion-column-wrapper fusion-flex-justify-content-flex-start fusion-content-layout-column\"><div class=\"fusion-woo-product-grid fusion-product-archive fusion-woo-product-grid-1\"><ul class=\"products products-4\"><li class=\"product type-product post-6392 status-publish first instock product_cat-bocker has-post-thumbnail sale taxable shipping-taxable purchasable product-type-simple product-grid-view\">\n\t<div class=\"fusion-product-wrapper\">\n<a href=\"https:\/\/www3.blomqvistplantskola.com\/fi\/product\/pohjoisen-ruusut\/\" class=\"product-images\" aria-label=\"Pohjoisen ruusut\">\n<div class=\"fusion-woo-badges-wrapper\">\n\n\t<span class=\"onsale\">Sale!<\/span>\n\t<\/div><div class=\"featured-image\">\n\t\t<img decoding=\"async\" width=\"160\" height=\"113\" src=\"https:\/\/www3.blomqvistplantskola.com\/wp-content\/uploads\/2023\/11\/book_pohjoisenruusut_small.jpg\" class=\"attachment-woocommerce_thumbnail size-woocommerce_thumbnail wp-post-image\" alt=\"\" srcset=\"https:\/\/www3.blomqvistplantskola.com\/wp-content\/uploads\/2023\/11\/book_pohjoisenruusut_small-18x12.jpg 18w, https:\/\/www3.blomqvistplantskola.com\/wp-content\/uploads\/2023\/11\/book_pohjoisenruusut_small.jpg 160w\" sizes=\"(max-width: 160px) 100vw, 160px\" \/>\n\t\t\t\t\t\t<div class=\"cart-loading\"><i class=\"awb-icon-spinner\" aria-hidden=\"true\"><\/i><\/div>\n\t\t\t<\/div>\n<\/a>\n<div class=\"fusion-product-content\">\n\t<div class=\"product-details\">\n\t\t<div class=\"product-details-container\">\n<h3 class=\"product-title\">\n\t<a href=\"https:\/\/www3.blomqvistplantskola.com\/fi\/product\/pohjoisen-ruusut\/\">\n\t\t<b>Pohjoisen ruusut<\/b>\t<\/a>\n<\/h3>\n<div class=\"fusion-price-rating\">\n\n\t<span class=\"price\"><del aria-hidden=\"true\"><span class=\"woocommerce-Price-amount amount\"><bdi>25,00&nbsp;<span class=\"woocommerce-Price-currencySymbol\">&euro;<\/span><\/bdi><\/span><\/del> <span class=\"screen-reader-text\" data-no-translation=\"\" data-trp-gettext=\"\">Alkuper\u00e4inen hinta oli: 25,00&nbsp;&euro;.<\/span><ins aria-hidden=\"true\"><span class=\"woocommerce-Price-amount amount\"><bdi>15,00&nbsp;<span class=\"woocommerce-Price-currencySymbol\">&euro;<\/span><\/bdi><\/span><\/ins><span class=\"screen-reader-text\" data-no-translation=\"\" data-trp-gettext=\"\">Nykyinen hinta on: 15,00&nbsp;&euro;.<\/span><\/span>\n\t\t<\/div>\n\t<\/div>\n<\/div>\n\n\n\t<div class=\"product-buttons\">\n\t\t<div class=\"fusion-content-sep sep-double sep-solid\"><\/div>\n\t\t<div class=\"product-buttons-container clearfix\">\n<a href=\"\/fi\/wp-json\/wp\/v2\/pages\/4045?add-to-cart=6392\"  data-quantity=\"1\" class=\"button product_type_simple add_to_cart_button ajax_add_to_cart\" data-product_id=\"6392\" data-product_sku=\"\" aria-label=\"Lis\u00e4\u00e4 ostoskoriin: \u201cPohjoisen ruusut\u201d\" rel=\"nofollow\" data-no-translation=\"\" data-trp-gettext=\"\" data-no-translation-aria-label=\"\">Lis\u00e4\u00e4 ostoskoriin<\/a>\n<a href=\"https:\/\/www3.blomqvistplantskola.com\/fi\/product\/pohjoisen-ruusut\/\" class=\"show_details_button\">\n\tDetails<\/a>\n\n\n\t<\/div>\n\t<\/div>\n\n\t<\/div> <\/div>\n<\/li>\n<li class=\"product type-product post-10657 status-publish instock product_cat-bocker has-post-thumbnail sale taxable shipping-taxable purchasable product-type-simple product-grid-view\">\n\t<div class=\"fusion-product-wrapper\">\n<a href=\"https:\/\/www3.blomqvistplantskola.com\/fi\/product\/puutarhan-marjat\/\" class=\"product-images\" aria-label=\"Puutarhan marjat\">\n<div class=\"fusion-woo-badges-wrapper\">\n\n\t<span class=\"onsale\">Sale!<\/span>\n\t<\/div><div class=\"featured-image\">\n\t\t<img decoding=\"async\" width=\"246\" height=\"368\" src=\"https:\/\/www3.blomqvistplantskola.com\/wp-content\/uploads\/2023\/11\/infbook2_nostar.jpg\" class=\"attachment-woocommerce_thumbnail size-woocommerce_thumbnail wp-post-image\" alt=\"\" srcset=\"https:\/\/www3.blomqvistplantskola.com\/wp-content\/uploads\/2023\/11\/infbook2_nostar-8x12.jpg 8w, https:\/\/www3.blomqvistplantskola.com\/wp-content\/uploads\/2023\/11\/infbook2_nostar-200x299.jpg 200w, https:\/\/www3.blomqvistplantskola.com\/wp-content\/uploads\/2023\/11\/infbook2_nostar-201x300.jpg 201w, https:\/\/www3.blomqvistplantskola.com\/wp-content\/uploads\/2023\/11\/infbook2_nostar.jpg 246w\" sizes=\"(max-width: 246px) 100vw, 246px\" \/>\n\t\t\t\t\t\t<div class=\"cart-loading\"><i class=\"awb-icon-spinner\" aria-hidden=\"true\"><\/i><\/div>\n\t\t\t<\/div>\n<\/a>\n<div class=\"fusion-product-content\">\n\t<div class=\"product-details\">\n\t\t<div class=\"product-details-container\">\n<h3 class=\"product-title\">\n\t<a href=\"https:\/\/www3.blomqvistplantskola.com\/fi\/product\/puutarhan-marjat\/\">\n\t\t<b>Puutarhan marjat<\/b>\t<\/a>\n<\/h3>\n<div class=\"fusion-price-rating\">\n\n\t<span class=\"price\"><del aria-hidden=\"true\"><span class=\"woocommerce-Price-amount amount\"><bdi>25,00&nbsp;<span class=\"woocommerce-Price-currencySymbol\">&euro;<\/span><\/bdi><\/span><\/del> <span class=\"screen-reader-text\" data-no-translation=\"\" data-trp-gettext=\"\">Alkuper\u00e4inen hinta oli: 25,00&nbsp;&euro;.<\/span><ins aria-hidden=\"true\"><span class=\"woocommerce-Price-amount amount\"><bdi>15,00&nbsp;<span class=\"woocommerce-Price-currencySymbol\">&euro;<\/span><\/bdi><\/span><\/ins><span class=\"screen-reader-text\" data-no-translation=\"\" data-trp-gettext=\"\">Nykyinen hinta on: 15,00&nbsp;&euro;.<\/span><\/span>\n\t\t<\/div>\n\t<\/div>\n<\/div>\n\n\n\t<div class=\"product-buttons\">\n\t\t<div class=\"fusion-content-sep sep-double sep-solid\"><\/div>\n\t\t<div class=\"product-buttons-container clearfix\">\n<a href=\"\/fi\/wp-json\/wp\/v2\/pages\/4045?add-to-cart=10657\"  data-quantity=\"1\" class=\"button product_type_simple add_to_cart_button ajax_add_to_cart\" data-product_id=\"10657\" data-product_sku=\"\" aria-label=\"Lis\u00e4\u00e4 ostoskoriin: \u201cPuutarhan marjat\u201d\" rel=\"nofollow\" data-no-translation=\"\" data-trp-gettext=\"\" data-no-translation-aria-label=\"\">Lis\u00e4\u00e4 ostoskoriin<\/a>\n<a href=\"https:\/\/www3.blomqvistplantskola.com\/fi\/product\/puutarhan-marjat\/\" class=\"show_details_button\">\n\tDetails<\/a>\n\n\n\t<\/div>\n\t<\/div>\n\n\t<\/div> <\/div>\n<\/li>\n<li class=\"product type-product post-9362 status-publish instock product_cat-bocker has-post-thumbnail taxable shipping-taxable purchasable product-type-simple product-grid-view\">\n\t<div class=\"fusion-product-wrapper\">\n<a href=\"https:\/\/www3.blomqvistplantskola.com\/fi\/product\/herbert-hallonmask\/\" class=\"product-images\" aria-label=\"Herbert hallonmask\">\n\n<div class=\"featured-image crossfade-images\">\n\t<img decoding=\"async\" width=\"500\" height=\"712\" src=\"https:\/\/www3.blomqvistplantskola.com\/wp-content\/uploads\/2025\/03\/Herbert-OMSLAG-baksida-500x712.jpg\" class=\"hover-image\" alt=\"\" srcset=\"https:\/\/www3.blomqvistplantskola.com\/wp-content\/uploads\/2025\/03\/Herbert-OMSLAG-baksida-8x12.jpg 8w, https:\/\/www3.blomqvistplantskola.com\/wp-content\/uploads\/2025\/03\/Herbert-OMSLAG-baksida-200x285.jpg 200w, https:\/\/www3.blomqvistplantskola.com\/wp-content\/uploads\/2025\/03\/Herbert-OMSLAG-baksida-211x300.jpg 211w, https:\/\/www3.blomqvistplantskola.com\/wp-content\/uploads\/2025\/03\/Herbert-OMSLAG-baksida-400x570.jpg 400w, https:\/\/www3.blomqvistplantskola.com\/wp-content\/uploads\/2025\/03\/Herbert-OMSLAG-baksida-500x712.jpg 500w, https:\/\/www3.blomqvistplantskola.com\/wp-content\/uploads\/2025\/03\/Herbert-OMSLAG-baksida-600x855.jpg 600w, https:\/\/www3.blomqvistplantskola.com\/wp-content\/uploads\/2025\/03\/Herbert-OMSLAG-baksida-700x997.jpg 700w, https:\/\/www3.blomqvistplantskola.com\/wp-content\/uploads\/2025\/03\/Herbert-OMSLAG-baksida-719x1024.jpg 719w, https:\/\/www3.blomqvistplantskola.com\/wp-content\/uploads\/2025\/03\/Herbert-OMSLAG-baksida-768x1094.jpg 768w, https:\/\/www3.blomqvistplantskola.com\/wp-content\/uploads\/2025\/03\/Herbert-OMSLAG-baksida-800x1140.jpg 800w, https:\/\/www3.blomqvistplantskola.com\/wp-content\/uploads\/2025\/03\/Herbert-OMSLAG-baksida-1078x1536.jpg 1078w, https:\/\/www3.blomqvistplantskola.com\/wp-content\/uploads\/2025\/03\/Herbert-OMSLAG-baksida-1200x1710.jpg 1200w, https:\/\/www3.blomqvistplantskola.com\/wp-content\/uploads\/2025\/03\/Herbert-OMSLAG-baksida-1437x2048.jpg 1437w, https:\/\/www3.blomqvistplantskola.com\/wp-content\/uploads\/2025\/03\/Herbert-OMSLAG-baksida.jpg 1669w\" sizes=\"(max-width: 500px) 100vw, 500px\" \/>\t<img decoding=\"async\" width=\"500\" height=\"701\" src=\"https:\/\/www3.blomqvistplantskola.com\/wp-content\/uploads\/2025\/03\/Herbert-Hallonmask-hogupplost-omslag-500x701.jpg\" class=\"attachment-woocommerce_thumbnail size-woocommerce_thumbnail wp-post-image\" alt=\"\" srcset=\"https:\/\/www3.blomqvistplantskola.com\/wp-content\/uploads\/2025\/03\/Herbert-Hallonmask-hogupplost-omslag-9x12.jpg 9w, https:\/\/www3.blomqvistplantskola.com\/wp-content\/uploads\/2025\/03\/Herbert-Hallonmask-hogupplost-omslag-200x281.jpg 200w, https:\/\/www3.blomqvistplantskola.com\/wp-content\/uploads\/2025\/03\/Herbert-Hallonmask-hogupplost-omslag-214x300.jpg 214w, https:\/\/www3.blomqvistplantskola.com\/wp-content\/uploads\/2025\/03\/Herbert-Hallonmask-hogupplost-omslag-400x561.jpg 400w, https:\/\/www3.blomqvistplantskola.com\/wp-content\/uploads\/2025\/03\/Herbert-Hallonmask-hogupplost-omslag-500x701.jpg 500w, https:\/\/www3.blomqvistplantskola.com\/wp-content\/uploads\/2025\/03\/Herbert-Hallonmask-hogupplost-omslag-600x842.jpg 600w, https:\/\/www3.blomqvistplantskola.com\/wp-content\/uploads\/2025\/03\/Herbert-Hallonmask-hogupplost-omslag-700x982.jpg 700w, https:\/\/www3.blomqvistplantskola.com\/wp-content\/uploads\/2025\/03\/Herbert-Hallonmask-hogupplost-omslag-730x1024.jpg 730w, https:\/\/www3.blomqvistplantskola.com\/wp-content\/uploads\/2025\/03\/Herbert-Hallonmask-hogupplost-omslag-768x1077.jpg 768w, https:\/\/www3.blomqvistplantskola.com\/wp-content\/uploads\/2025\/03\/Herbert-Hallonmask-hogupplost-omslag-800x1122.jpg 800w, https:\/\/www3.blomqvistplantskola.com\/wp-content\/uploads\/2025\/03\/Herbert-Hallonmask-hogupplost-omslag-1095x1536.jpg 1095w, https:\/\/www3.blomqvistplantskola.com\/wp-content\/uploads\/2025\/03\/Herbert-Hallonmask-hogupplost-omslag-1200x1683.jpg 1200w, https:\/\/www3.blomqvistplantskola.com\/wp-content\/uploads\/2025\/03\/Herbert-Hallonmask-hogupplost-omslag-1460x2048.jpg 1460w, https:\/\/www3.blomqvistplantskola.com\/wp-content\/uploads\/2025\/03\/Herbert-Hallonmask-hogupplost-omslag-scaled.jpg 1825w\" sizes=\"(max-width: 500px) 100vw, 500px\" \/>\n\t\t\t\t\t\t<div class=\"cart-loading\"><i class=\"awb-icon-spinner\" aria-hidden=\"true\"><\/i><\/div>\n\t\t\t<\/div>\n<\/a>\n<div class=\"fusion-product-content\">\n\t<div class=\"product-details\">\n\t\t<div class=\"product-details-container\">\n<h3 class=\"product-title\">\n\t<a href=\"https:\/\/www3.blomqvistplantskola.com\/fi\/product\/herbert-hallonmask\/\">\n\t\t<b>Herbert hallonmask<\/b>\t<\/a>\n<\/h3>\n<div class=\"fusion-price-rating\">\n\n\t<span class=\"price\"><span class=\"woocommerce-Price-amount amount\"><bdi>19,50&nbsp;<span class=\"woocommerce-Price-currencySymbol\">&euro;<\/span><\/bdi><\/span><\/span>\n\t\t<\/div>\n\t<\/div>\n<\/div>\n\n\n\t<div class=\"product-buttons\">\n\t\t<div class=\"fusion-content-sep sep-double sep-solid\"><\/div>\n\t\t<div class=\"product-buttons-container clearfix\">\n<a href=\"\/fi\/wp-json\/wp\/v2\/pages\/4045?add-to-cart=9362\"  data-quantity=\"1\" class=\"button product_type_simple add_to_cart_button ajax_add_to_cart\" data-product_id=\"9362\" data-product_sku=\"\" aria-label=\"Lis\u00e4\u00e4 ostoskoriin: \u201cHerbert hallonmask\u201d\" rel=\"nofollow\" data-no-translation=\"\" data-trp-gettext=\"\" data-no-translation-aria-label=\"\">Lis\u00e4\u00e4 ostoskoriin<\/a>\n<a href=\"https:\/\/www3.blomqvistplantskola.com\/fi\/product\/herbert-hallonmask\/\" class=\"show_details_button\">\n\tDetails<\/a>\n\n\n\t<\/div>\n\t<\/div>\n\n\t<\/div> <\/div>\n<\/li>\n<li class=\"product type-product post-6390 status-publish last instock product_cat-bocker has-post-thumbnail sale taxable shipping-taxable purchasable product-type-simple product-grid-view\">\n\t<div class=\"fusion-product-wrapper\">\n<a href=\"https:\/\/www3.blomqvistplantskola.com\/fi\/product\/vara-tradgardsbar-kopia\/\" class=\"product-images\" aria-label=\"Rosor i norr\">\n<div class=\"fusion-woo-badges-wrapper\">\n\n\t<span class=\"onsale\">Sale!<\/span>\n\t<\/div><div class=\"featured-image crossfade-images\">\n\t<img decoding=\"async\" width=\"500\" height=\"352\" src=\"https:\/\/www3.blomqvistplantskola.com\/wp-content\/uploads\/2023\/11\/RosorINorr_sid5-scaled-500x352.jpg\" class=\"hover-image\" alt=\"\" srcset=\"https:\/\/www3.blomqvistplantskola.com\/wp-content\/uploads\/2023\/11\/RosorINorr_sid5-18x12.jpg 18w, https:\/\/www3.blomqvistplantskola.com\/wp-content\/uploads\/2023\/11\/RosorINorr_sid5-200x141.jpg 200w, https:\/\/www3.blomqvistplantskola.com\/wp-content\/uploads\/2023\/11\/RosorINorr_sid5-300x211.jpg 300w, https:\/\/www3.blomqvistplantskola.com\/wp-content\/uploads\/2023\/11\/RosorINorr_sid5-400x282.jpg 400w, https:\/\/www3.blomqvistplantskola.com\/wp-content\/uploads\/2023\/11\/RosorINorr_sid5-scaled-500x352.jpg 500w, https:\/\/www3.blomqvistplantskola.com\/wp-content\/uploads\/2023\/11\/RosorINorr_sid5-600x422.jpg 600w, https:\/\/www3.blomqvistplantskola.com\/wp-content\/uploads\/2023\/11\/RosorINorr_sid5-scaled-700x493.jpg 700w, https:\/\/www3.blomqvistplantskola.com\/wp-content\/uploads\/2023\/11\/RosorINorr_sid5-768x541.jpg 768w, https:\/\/www3.blomqvistplantskola.com\/wp-content\/uploads\/2023\/11\/RosorINorr_sid5-800x563.jpg 800w, https:\/\/www3.blomqvistplantskola.com\/wp-content\/uploads\/2023\/11\/RosorINorr_sid5-1024x721.jpg 1024w, https:\/\/www3.blomqvistplantskola.com\/wp-content\/uploads\/2023\/11\/RosorINorr_sid5-1200x845.jpg 1200w, https:\/\/www3.blomqvistplantskola.com\/wp-content\/uploads\/2023\/11\/RosorINorr_sid5-1536x1081.jpg 1536w\" sizes=\"(max-width: 500px) 100vw, 500px\" \/>\t<img decoding=\"async\" width=\"500\" height=\"353\" src=\"https:\/\/www3.blomqvistplantskola.com\/wp-content\/uploads\/2023\/11\/RosorINorr_original-500x353.jpg\" class=\"attachment-woocommerce_thumbnail size-woocommerce_thumbnail wp-post-image\" alt=\"\" srcset=\"https:\/\/www3.blomqvistplantskola.com\/wp-content\/uploads\/2023\/11\/RosorINorr_original-18x12.jpg 18w, https:\/\/www3.blomqvistplantskola.com\/wp-content\/uploads\/2023\/11\/RosorINorr_original-200x141.jpg 200w, https:\/\/www3.blomqvistplantskola.com\/wp-content\/uploads\/2023\/11\/RosorINorr_original-300x212.jpg 300w, https:\/\/www3.blomqvistplantskola.com\/wp-content\/uploads\/2023\/11\/RosorINorr_original-400x282.jpg 400w, https:\/\/www3.blomqvistplantskola.com\/wp-content\/uploads\/2023\/11\/RosorINorr_original-500x353.jpg 500w, https:\/\/www3.blomqvistplantskola.com\/wp-content\/uploads\/2023\/11\/RosorINorr_original-600x423.jpg 600w, https:\/\/www3.blomqvistplantskola.com\/wp-content\/uploads\/2023\/11\/RosorINorr_original-700x494.jpg 700w, https:\/\/www3.blomqvistplantskola.com\/wp-content\/uploads\/2023\/11\/RosorINorr_original-768x542.jpg 768w, https:\/\/www3.blomqvistplantskola.com\/wp-content\/uploads\/2023\/11\/RosorINorr_original-800x565.jpg 800w, https:\/\/www3.blomqvistplantskola.com\/wp-content\/uploads\/2023\/11\/RosorINorr_original-1024x723.jpg 1024w, https:\/\/www3.blomqvistplantskola.com\/wp-content\/uploads\/2023\/11\/RosorINorr_original-1200x847.jpg 1200w, https:\/\/www3.blomqvistplantskola.com\/wp-content\/uploads\/2023\/11\/RosorINorr_original-1536x1084.jpg 1536w\" sizes=\"(max-width: 500px) 100vw, 500px\" \/>\n\t\t\t\t\t\t<div class=\"cart-loading\"><i class=\"awb-icon-spinner\" aria-hidden=\"true\"><\/i><\/div>\n\t\t\t<\/div>\n<\/a>\n<div class=\"fusion-product-content\">\n\t<div class=\"product-details\">\n\t\t<div class=\"product-details-container\">\n<h3 class=\"product-title\">\n\t<a href=\"https:\/\/www3.blomqvistplantskola.com\/fi\/product\/vara-tradgardsbar-kopia\/\">\n\t\t<b>Rosor i norr<\/b>\t<\/a>\n<\/h3>\n<div class=\"fusion-price-rating\">\n\n\t<span class=\"price\"><del aria-hidden=\"true\"><span class=\"woocommerce-Price-amount amount\"><bdi>25,00&nbsp;<span class=\"woocommerce-Price-currencySymbol\">&euro;<\/span><\/bdi><\/span><\/del> <span class=\"screen-reader-text\" data-no-translation=\"\" data-trp-gettext=\"\">Alkuper\u00e4inen hinta oli: 25,00&nbsp;&euro;.<\/span><ins aria-hidden=\"true\"><span class=\"woocommerce-Price-amount amount\"><bdi>15,00&nbsp;<span class=\"woocommerce-Price-currencySymbol\">&euro;<\/span><\/bdi><\/span><\/ins><span class=\"screen-reader-text\" data-no-translation=\"\" data-trp-gettext=\"\">Nykyinen hinta on: 15,00&nbsp;&euro;.<\/span><\/span>\n\t\t<\/div>\n\t<\/div>\n<\/div>\n\n\n\t<div class=\"product-buttons\">\n\t\t<div class=\"fusion-content-sep sep-double sep-solid\"><\/div>\n\t\t<div class=\"product-buttons-container clearfix\">\n<a href=\"\/fi\/wp-json\/wp\/v2\/pages\/4045?add-to-cart=6390\"  data-quantity=\"1\" class=\"button product_type_simple add_to_cart_button ajax_add_to_cart\" data-product_id=\"6390\" data-product_sku=\"\" aria-label=\"Lis\u00e4\u00e4 ostoskoriin: \u201cRosor i norr\u201d\" rel=\"nofollow\" data-no-translation=\"\" data-trp-gettext=\"\" data-no-translation-aria-label=\"\">Lis\u00e4\u00e4 ostoskoriin<\/a>\n<a href=\"https:\/\/www3.blomqvistplantskola.com\/fi\/product\/vara-tradgardsbar-kopia\/\" class=\"show_details_button\">\n\tDetails<\/a>\n\n\n\t<\/div>\n\t<\/div>\n\n\t<\/div> <\/div>\n<\/li>\n<li class=\"product type-product post-4040 status-publish first instock product_cat-bocker has-post-thumbnail taxable shipping-taxable purchasable product-type-simple product-grid-view\">\n\t<div class=\"fusion-product-wrapper\">\n<a href=\"https:\/\/www3.blomqvistplantskola.com\/fi\/product\/vara-tradgardsbar\/\" class=\"product-images\" aria-label=\"V\u00e5ra tr\u00e4dg\u00e5rdsb\u00e4r\">\n\n<div class=\"featured-image\">\n\t\t<img decoding=\"async\" width=\"500\" height=\"375\" src=\"https:\/\/www3.blomqvistplantskola.com\/wp-content\/uploads\/2022\/02\/varaTradgardsbar-1000x750-1-500x375.jpeg\" class=\"attachment-woocommerce_thumbnail size-woocommerce_thumbnail wp-post-image\" alt=\"\" srcset=\"https:\/\/www3.blomqvistplantskola.com\/wp-content\/uploads\/2022\/02\/varaTradgardsbar-1000x750-1-300x225.jpeg 300w, https:\/\/www3.blomqvistplantskola.com\/wp-content\/uploads\/2022\/02\/varaTradgardsbar-1000x750-1-500x375.jpeg 500w, https:\/\/www3.blomqvistplantskola.com\/wp-content\/uploads\/2022\/02\/varaTradgardsbar-1000x750-1-700x525.jpeg 700w, https:\/\/www3.blomqvistplantskola.com\/wp-content\/uploads\/2022\/02\/varaTradgardsbar-1000x750-1-768x576.jpeg 768w, https:\/\/www3.blomqvistplantskola.com\/wp-content\/uploads\/2022\/02\/varaTradgardsbar-1000x750-1-800x600.jpeg 800w, https:\/\/www3.blomqvistplantskola.com\/wp-content\/uploads\/2022\/02\/varaTradgardsbar-1000x750-1.jpeg 1000w\" sizes=\"(max-width: 500px) 100vw, 500px\" \/>\n\t\t\t\t\t\t<div class=\"cart-loading\"><i class=\"awb-icon-spinner\" aria-hidden=\"true\"><\/i><\/div>\n\t\t\t<\/div>\n<\/a>\n<div class=\"fusion-product-content\">\n\t<div class=\"product-details\">\n\t\t<div class=\"product-details-container\">\n<h3 class=\"product-title\">\n\t<a href=\"https:\/\/www3.blomqvistplantskola.com\/fi\/product\/vara-tradgardsbar\/\">\n\t\t<b>V\u00e5ra tr\u00e4dg\u00e5rdsb\u00e4r<\/b>\t<\/a>\n<\/h3>\n<div class=\"fusion-price-rating\">\n\n\t<span class=\"price\"><span class=\"woocommerce-Price-amount amount\"><bdi>28,50&nbsp;<span class=\"woocommerce-Price-currencySymbol\">&euro;<\/span><\/bdi><\/span><\/span>\n\t\t<\/div>\n\t<\/div>\n<\/div>\n\n\n\t<div class=\"product-buttons\">\n\t\t<div class=\"fusion-content-sep sep-double sep-solid\"><\/div>\n\t\t<div class=\"product-buttons-container clearfix\">\n<a href=\"\/fi\/wp-json\/wp\/v2\/pages\/4045?add-to-cart=4040\"  data-quantity=\"1\" class=\"button product_type_simple add_to_cart_button ajax_add_to_cart\" data-product_id=\"4040\" data-product_sku=\"\" aria-label=\"Lis\u00e4\u00e4 ostoskoriin: \u201cV\u00e5ra tr\u00e4dg\u00e5rdsb\u00e4r\u201d\" rel=\"nofollow\" data-no-translation=\"\" data-trp-gettext=\"\" data-no-translation-aria-label=\"\">Lis\u00e4\u00e4 ostoskoriin<\/a>\n<a href=\"https:\/\/www3.blomqvistplantskola.com\/fi\/product\/vara-tradgardsbar\/\" class=\"show_details_button\">\n\tDetails<\/a>\n\n\n\t<\/div>\n\t<\/div>\n\n\t<\/div> <\/div>\n<\/li>\n<\/ul><div class=\"fusion-woo-product-grid-pagination fusion-clearfix\"><\/div><\/div><\/div><\/div><\/div><\/div><\/p>","protected":false},"excerpt":{"rendered":"","protected":false},"author":1,"featured_media":0,"parent":0,"menu_order":0,"comment_status":"closed","ping_status":"closed","template":"","meta":{"footnotes":""},"class_list":["post-4045","page","type-page","status-publish","hentry"],"_links":{"self":[{"href":"https:\/\/www3.blomqvistplantskola.com\/fi\/wp-json\/wp\/v2\/pages\/4045","targetHints":{"allow":["GET"]}}],"collection":[{"href":"https:\/\/www3.blomqvistplantskola.com\/fi\/wp-json\/wp\/v2\/pages"}],"about":[{"href":"https:\/\/www3.blomqvistplantskola.com\/fi\/wp-json\/wp\/v2\/types\/page"}],"author":[{"embeddable":true,"href":"https:\/\/www3.blomqvistplantskola.com\/fi\/wp-json\/wp\/v2\/users\/1"}],"replies":[{"embeddable":true,"href":"https:\/\/www3.blomqvistplantskola.com\/fi\/wp-json\/wp\/v2\/comments?post=4045"}],"version-history":[{"count":16,"href":"https:\/\/www3.blomqvistplantskola.com\/fi\/wp-json\/wp\/v2\/pages\/4045\/revisions"}],"predecessor-version":[{"id":8821,"href":"https:\/\/www3.blomqvistplantskola.com\/fi\/wp-json\/wp\/v2\/pages\/4045\/revisions\/8821"}],"wp:attachment":[{"href":"https:\/\/www3.blomqvistplantskola.com\/fi\/wp-json\/wp\/v2\/media?parent=4045"}],"curies":[{"name":"wp","href":"https:\/\/api.w.org\/{rel}","templated":true}]}}