{"id":5289,"date":"2023-01-26T11:13:28","date_gmt":"2023-01-26T09:13:28","guid":{"rendered":"https:\/\/www3.blomqvistplantskola.com\/?page_id=5289"},"modified":"2026-01-05T16:05:27","modified_gmt":"2026-01-05T14:05:27","slug":"personuppgifter-1","status":"publish","type":"page","link":"https:\/\/www3.blomqvistplantskola.com\/fi\/personuppgifter-1\/","title":{"rendered":"Henkil\u00f6tiedot &amp; Toimitusehdot"},"content":{"rendered":"<p><div class=\"fusion-fullwidth fullwidth-box fusion-builder-row-1 fusion-flex-container nonhundred-percent-fullwidth non-hundred-percent-height-scrolling\" style=\"--awb-border-radius-top-left:0px;--awb-border-radius-top-right:0px;--awb-border-radius-bottom-right:0px;--awb-border-radius-bottom-left:0px;--awb-flex-wrap:wrap;\" ><div class=\"fusion-builder-row fusion-row fusion-flex-align-items-flex-start fusion-flex-content-wrap\" style=\"max-width:1248px;margin-left: calc(-4% \/ 2 );margin-right: calc(-4% \/ 2 );\"><div class=\"fusion-layout-column fusion_builder_column fusion-builder-column-0 fusion_builder_column_1_1 1_1 fusion-flex-column\" style=\"--awb-bg-blend:overlay;--awb-bg-size:cover;--awb-width-large:100%;--awb-margin-top-large:0px;--awb-spacing-right-large:1.92%;--awb-margin-bottom-large:0px;--awb-spacing-left-large:1.92%;--awb-width-medium:100%;--awb-spacing-right-medium:1.92%;--awb-spacing-left-medium:1.92%;--awb-width-small:100%;--awb-spacing-right-small:1.92%;--awb-spacing-left-small:1.92%;\"><div class=\"fusion-column-wrapper fusion-flex-justify-content-flex-start fusion-content-layout-column\"><div class=\"fusion-text fusion-text-1\"><p><span style=\"color: #000000;\"><strong><span style=\"font-size: 18pt;\">Henkil\u00f6tiedot<\/span><\/strong><\/span><\/p>\n<p><span style=\"color: #000000;\">Blomqvistin taimisto s\u00e4\u00e4st\u00e4\u00e4 ainoastaan tilausten, toimitusten sek\u00e4 nettisivun toiminnan kannalta tarpeellisia tietoja.<\/span><\/p>\n<p><span style=\"color: #000000;\"><strong>N\u00e4it\u00e4 ovat:<\/strong><\/span><br \/>\n<span style=\"color: #000000;\">Nimi, Osoite, Puhelinnumero, s\u00e4hk\u00f6postiosoite, ip-osoite sek\u00e4 tilatut tuotteet. Henkil\u00f6tietoja ei luovuteta kolmannelle osapuolelle.<\/span><br \/>\n<span style=\"color: #000000;\">kuin tilatut tuotteet. Henkil\u00f6tietoja ei luovuteta kolmannelle osapuolelle.<\/span><\/p>\n<p><span style=\"color: #000000;\">N\u00e4m\u00e4 tiedot s\u00e4\u00e4st\u00e4mme mm. sen takia, ett\u00e4 voimme tarjota laadukasta palvelua asiakkaillemme, ja tarvittaessa todistaa ostotapahtumat verohallinnolle.<\/span><\/p>\n<p><span style=\"color: #000000;\">Jos olet ostanut tuotteita t\u00e4st\u00e4 nettipaikasta, voit halutessasi pyyt\u00e4\u00e4 itsellesi\nsinua koskevat henkil\u00f6tiedot.<\/span><br \/>\n<span style=\"color: #000000;\">Voit my\u00f6s vaatia meit\u00e4 poistamaan kaikki henkil\u00f6tietosi.<\/span><br \/>\n<span style=\"color: #000000;\">L\u00e4het\u00e4 t\u00e4ll\u00f6in s\u00e4hk\u00f6postia osoitteeseen info@blomqvistplantskola.com<\/span><\/p>\n<\/div><\/div><\/div><\/div><\/div><div class=\"fusion-fullwidth fullwidth-box fusion-builder-row-2 fusion-flex-container nonhundred-percent-fullwidth non-hundred-percent-height-scrolling\" style=\"--awb-border-radius-top-left:0px;--awb-border-radius-top-right:0px;--awb-border-radius-bottom-right:0px;--awb-border-radius-bottom-left:0px;--awb-flex-wrap:wrap;\" ><div class=\"fusion-builder-row fusion-row fusion-flex-align-items-flex-start fusion-flex-content-wrap\" style=\"max-width:1248px;margin-left: calc(-4% \/ 2 );margin-right: calc(-4% \/ 2 );\"><div class=\"fusion-layout-column fusion_builder_column fusion-builder-column-1 fusion_builder_column_1_1 1_1 fusion-flex-column\" style=\"--awb-bg-blend:overlay;--awb-bg-size:cover;--awb-width-large:100%;--awb-margin-top-large:0px;--awb-spacing-right-large:1.92%;--awb-margin-bottom-large:0px;--awb-spacing-left-large:1.92%;--awb-width-medium:100%;--awb-spacing-right-medium:1.92%;--awb-spacing-left-medium:1.92%;--awb-width-small:100%;--awb-spacing-right-small:1.92%;--awb-spacing-left-small:1.92%;\"><div class=\"fusion-column-wrapper fusion-flex-justify-content-flex-start fusion-content-layout-column\"><div class=\"fusion-text fusion-text-2\"><p><span style=\"font-size: 18pt;\"><strong><span style=\"color: #000000;\">Toimitusehdot<\/span><\/strong><\/span><\/p>\n<p><span style=\"color: #000000;\">Blomqvist Taimisto Oy:n yleiset toimitusehdot 10.01.2024 alkaen.<\/span><\/p>\n<p><strong><span style=\"color: #000000;\">HINNAT<\/span><\/strong><br \/>\n<span style=\"color: #000000;\">Kaikki annetut hinnat ovat euroissa sis\u00e4lt\u00e4en alv:n 25,5% (Ahvenanmaa 0%) ja ovat voimassa toistaiseksi. Maksu tapahtuu Klarnan kautta, ja kaikki maksuihin liittyv\u00e4t kysymykset osoitetaan heille.<\/span><\/p>\n<p><strong><span style=\"color: #000000;\">TILAAMINEN<\/span><\/strong><br \/>\n<span style=\"color: #000000;\">Hyv\u00e4ksymme ainoastaan verkkokaupan kautta saapuneet tilaukset. Emme ota vastaan tilauksia puhelimitse. Myymme kasveja v\u00e4limyynti ja Force Majeure varauksella.\nEsteen ilmetess\u00e4 otamme asiakkaseen yhteytt\u00e4 mahdollisimman pian. Tilaukset tehd\u00e4\u00e4n ostoskorin kautta. Tilausvahvistus vastaanotetusta tilauksesta l\u00e4hetet\u00e4\u00e4n automaattisesti, kun tilaus on saapunut meille. Automaattiseen viestiin ei voi vastata. On t\u00e4rke\u00e4\u00e4 tarkistaa, ett\u00e4 tilauksen tiedot ovat oikein, ja mukana on toimiva s\u00e4hk\u00f6postiosoite, jotta l\u00e4hetystunnnus voidaan ilmoittaa, kun tilaus toimitetaan. Ep\u00e4selviss\u00e4 tilanteissa, ota meihin yhteytt\u00e4 verkkosivujen lomakkeen kautta. Myyj\u00e4ll\u00e4 on oikeus mit\u00e4t\u00f6id\u00e4 tilaus, jos hinnoissa esiintyv\u00e4t selke\u00e4t virheet johtuvat manuaalisista tai teknisist\u00e4 virheist\u00e4. T\u00e4llaisessa tapauksessa oletamme asiakkaan ymm\u00e4rt\u00e4v\u00e4n virheen hinnassa.<\/span><\/p>\n<p><strong><span style=\"color: #000000;\">TOIMITUS<\/span><\/strong><br \/>\n<span style=\"color: #000000;\">Tilaukset k\u00e4sitell\u00e4\u00e4n saapumisj\u00e4rjestyksess\u00e4, ja tuotteet ovat saatavilla verkkosivujen tietojen mukaisesti. Tilaukset l\u00e4hetet\u00e4\u00e4n Postin v\u00e4lityksell\u00e4 osoiteen mukaiseen l\u00e4himp\u00e4\u00e4n toimipaikkaan, ellei toisin sovita. Tilauksia toimitetaan Suomeen, my\u00f6s Ahvenanmaalle ja Ruotsiin. Asiakas saa SMS \/ s\u00e4hk\u00f6postiviestin, kun tilaus l\u00e4hetet\u00e4\u00e4n taimistolta ja kun tilaus on saapunut noutopaikkaan (saapumisilmoitus). Huom! Oikea puhelinnumero ja s-postiosoite. Tilaaja vastaa siit\u00e4, ett\u00e4 annetut toimitustiedot ovat oikein, ja ett\u00e4 tilaus tulee noudetuksi. Tilatut kasvit tulee noutaa postitoimipaikasta viimeist\u00e4\u00e4n seuraavana p\u00e4iv\u00e4n\u00e4 paketin saapumisilmoituksen saatuasi. Kielt\u00e4ydymme vastuusta pilalle menneisiin kasveihin, jotka ovat odottaneet noutoa yli 2 p\u00e4iv\u00e4\u00e4 huolimatta olosuhteista. L\u00e4hetysvauriot, jotka ovat koituneet paketille tai sen sis\u00e4ll\u00f6lle toimituksen aikana korvataan t\u00e4ysin uusilla \/ vastaavilla kasveilla tai poikkeustapauksissa hyvitt\u00e4m\u00e4ll\u00e4.<\/span><\/p>\n<p><strong><span style=\"color: #000000;\">NOUTAMATTOMAT PAKETIT<\/span><\/strong><br \/>\n<span style=\"color: #000000;\">Noutamattomat paketit, jotka palautetaan postitoimipaikasta, laskutetaan asiakkaalta t\u00e4ysm\u00e4\u00e4r\u00e4isesti. (Pakettien palautuksesta sovitaan aina taimiston kanssa etuk\u00e4teen, ja asiakas maksaa aina palautuskustannukset).<\/span><\/p>\n<p><strong><span style=\"color: #000000;\">*HINNAT JA KULJETUSMAKSUT<\/span><\/strong><br \/>\n<span style=\"color: #000000;\">Todelliset l\u00e4hetyskulut (sis alv 25,5%) Suomeen ja Ruotsiin, sek\u00e4 Ahvenanmaalle (alv 0%) ovat samat, ellei toisin mainita. L\u00e4hetyskustannusten m\u00e4\u00e4r\u00e4 n\u00e4kyy tilauksen yhteydess\u00e4 ennen maksua. Pakkausmateriaalit sis\u00e4ltyv\u00e4t hintaan. Suurempien tilausten kohdalla, kun rahti poikkeaa verkkokaupan automaattisesti tarjoamasta rahdista, voidaan l\u00e4hetyskulut laskea erillisen tarjouksen mukaan. T\u00e4ll\u00f6in asiakkaaseen ollaan yhteydess\u00e4 ennen toimitusta. (*Pid\u00e4t\u00e4mme oikeuden hinnanmuutoksiin*)<\/span><\/p>\n<p><strong><span style=\"color: #000000;\">TAKUU<\/span><\/strong><br \/>\n<span style=\"color: #000000;\">Toimitamme aina korkealaatuisia taimia. T\u00e4m\u00e4n vuoksi voimme antaa takuun. 2 kuukauden kasvuunl\u00e4ht\u00f6takuu kaikille puuvartisille kasveille (ei perennoille, mansikoille, mausteille, ruusun juurille). On voimassa, kun olet noudattanut viljelyohjeita ja suositeltua vy\u00f6hykesuositusta.Takuu ei tietenk\u00e4\u00e4n kata kasville koituneita talvivaurioita. Lajiketakuu kattaa vain ostetun tuotteen hinnan. Mik\u00e4li paketti on vaurioitunut kuljetuksen aikana, ilmoita siit\u00e4 v\u00e4litt\u00f6m\u00e4sti kuljettajalle.<\/span><\/p>\n<\/div><\/div><\/div><\/div><\/div><\/p>","protected":false},"excerpt":{"rendered":"","protected":false},"author":1,"featured_media":0,"parent":0,"menu_order":0,"comment_status":"closed","ping_status":"closed","template":"","meta":{"footnotes":""},"class_list":["post-5289","page","type-page","status-publish","hentry"],"_links":{"self":[{"href":"https:\/\/www3.blomqvistplantskola.com\/fi\/wp-json\/wp\/v2\/pages\/5289","targetHints":{"allow":["GET"]}}],"collection":[{"href":"https:\/\/www3.blomqvistplantskola.com\/fi\/wp-json\/wp\/v2\/pages"}],"about":[{"href":"https:\/\/www3.blomqvistplantskola.com\/fi\/wp-json\/wp\/v2\/types\/page"}],"author":[{"embeddable":true,"href":"https:\/\/www3.blomqvistplantskola.com\/fi\/wp-json\/wp\/v2\/users\/1"}],"replies":[{"embeddable":true,"href":"https:\/\/www3.blomqvistplantskola.com\/fi\/wp-json\/wp\/v2\/comments?post=5289"}],"version-history":[{"count":35,"href":"https:\/\/www3.blomqvistplantskola.com\/fi\/wp-json\/wp\/v2\/pages\/5289\/revisions"}],"predecessor-version":[{"id":6519,"href":"https:\/\/www3.blomqvistplantskola.com\/fi\/wp-json\/wp\/v2\/pages\/5289\/revisions\/6519"}],"wp:attachment":[{"href":"https:\/\/www3.blomqvistplantskola.com\/fi\/wp-json\/wp\/v2\/media?parent=5289"}],"curies":[{"name":"wp","href":"https:\/\/api.w.org\/{rel}","templated":true}]}}