{"id":8739,"date":"2025-08-29T13:14:59","date_gmt":"2025-08-29T11:14:59","guid":{"rendered":"https:\/\/www3.blomqvistplantskola.com\/?page_id=8739"},"modified":"2026-01-05T16:02:47","modified_gmt":"2026-01-05T14:02:47","slug":"presentkort","status":"publish","type":"page","link":"https:\/\/www3.blomqvistplantskola.com\/fi\/presentkort\/","title":{"rendered":"Lahjakortti"},"content":{"rendered":"<p><div class=\"fusion-fullwidth fullwidth-box fusion-builder-row-1 fusion-flex-container has-pattern-background has-mask-background nonhundred-percent-fullwidth non-hundred-percent-height-scrolling\" style=\"--awb-border-radius-top-left:0px;--awb-border-radius-top-right:0px;--awb-border-radius-bottom-right:0px;--awb-border-radius-bottom-left:0px;--awb-flex-wrap:wrap;\" ><div class=\"fusion-builder-row fusion-row fusion-flex-align-items-flex-start fusion-flex-justify-content-center fusion-flex-content-wrap\" style=\"max-width:1248px;margin-left: calc(-4% \/ 2 );margin-right: calc(-4% \/ 2 );\"><div class=\"fusion-layout-column fusion_builder_column fusion-builder-column-0 fusion_builder_column_1_2 1_2 fusion-flex-column\" style=\"--awb-bg-size:cover;--awb-width-large:50%;--awb-margin-top-large:0px;--awb-spacing-right-large:3.84%;--awb-margin-bottom-large:20px;--awb-spacing-left-large:3.84%;--awb-width-medium:50%;--awb-order-medium:0;--awb-spacing-right-medium:3.84%;--awb-spacing-left-medium:3.84%;--awb-width-small:100%;--awb-order-small:0;--awb-spacing-right-small:1.92%;--awb-spacing-left-small:1.92%;\"><div class=\"fusion-column-wrapper fusion-column-has-shadow fusion-flex-justify-content-flex-start fusion-content-layout-column\"><div class=\"fusion-text fusion-text-1\"><p style=\"text-align: center;\">Lahjakortti on pidetty lahja ymp\u00e4ri vuoden.<br \/>\nLahjakorttimme on pahvinen kortti, ja se l\u00e4hetet\u00e4\u00e4n ilman rahtia tavallisen postin mukana.<br \/>\nSen voi k\u00e4ytt\u00e4\u00e4 taimistolla, messuilla, markkinoilla ym., mutta ei kuitenkaan viel\u00e4 verkkokaupassa.<\/p>\n<\/div><\/div><\/div><\/div><\/div><div class=\"fusion-fullwidth fullwidth-box fusion-builder-row-2 fusion-flex-container nonhundred-percent-fullwidth non-hundred-percent-height-scrolling\" style=\"--awb-border-radius-top-left:0px;--awb-border-radius-top-right:0px;--awb-border-radius-bottom-right:0px;--awb-border-radius-bottom-left:0px;--awb-flex-wrap:wrap;\" ><div class=\"fusion-builder-row fusion-row fusion-flex-align-items-flex-start fusion-flex-content-wrap\" style=\"max-width:1248px;margin-left: calc(-4% \/ 2 );margin-right: calc(-4% \/ 2 );\"><div class=\"fusion-layout-column fusion_builder_column fusion-builder-column-1 fusion_builder_column_1_1 1_1 fusion-flex-column\" style=\"--awb-bg-size:cover;--awb-width-large:100%;--awb-margin-top-large:0px;--awb-spacing-right-large:1.92%;--awb-margin-bottom-large:0px;--awb-spacing-left-large:1.92%;--awb-width-medium:100%;--awb-spacing-right-medium:1.92%;--awb-spacing-left-medium:1.92%;--awb-width-small:100%;--awb-spacing-right-small:1.92%;--awb-spacing-left-small:1.92%;\"><div class=\"fusion-column-wrapper fusion-flex-justify-content-flex-start fusion-content-layout-column\"><div class=\"fusion-woo-product-grid fusion-product-archive fusion-woo-product-grid-1\"><ul class=\"products products-4\"><li class=\"product type-product post-8774 status-publish first instock product_cat-presentkort has-post-thumbnail taxable shipping-taxable purchasable product-type-variable product-grid-view\">\n\t<div class=\"fusion-product-wrapper\">\n<a href=\"https:\/\/www3.blomqvistplantskola.com\/fi\/product\/presentkort\/\" class=\"product-images\" aria-label=\"Lahjakortti\">\n\n<div class=\"featured-image\">\n\t\t<img decoding=\"async\" width=\"500\" height=\"679\" src=\"https:\/\/www3.blomqvistplantskola.com\/wp-content\/uploads\/2024\/12\/1000027702-500x679.jpg\" class=\"attachment-woocommerce_thumbnail size-woocommerce_thumbnail wp-post-image\" alt=\"\" srcset=\"https:\/\/www3.blomqvistplantskola.com\/wp-content\/uploads\/2024\/12\/1000027702-9x12.jpg 9w, https:\/\/www3.blomqvistplantskola.com\/wp-content\/uploads\/2024\/12\/1000027702-200x272.jpg 200w, https:\/\/www3.blomqvistplantskola.com\/wp-content\/uploads\/2024\/12\/1000027702-221x300.jpg 221w, https:\/\/www3.blomqvistplantskola.com\/wp-content\/uploads\/2024\/12\/1000027702-400x543.jpg 400w, https:\/\/www3.blomqvistplantskola.com\/wp-content\/uploads\/2024\/12\/1000027702-500x679.jpg 500w, https:\/\/www3.blomqvistplantskola.com\/wp-content\/uploads\/2024\/12\/1000027702-600x815.jpg 600w, https:\/\/www3.blomqvistplantskola.com\/wp-content\/uploads\/2024\/12\/1000027702-700x950.jpg 700w, https:\/\/www3.blomqvistplantskola.com\/wp-content\/uploads\/2024\/12\/1000027702-754x1024.jpg 754w, https:\/\/www3.blomqvistplantskola.com\/wp-content\/uploads\/2024\/12\/1000027702-768x1043.jpg 768w, https:\/\/www3.blomqvistplantskola.com\/wp-content\/uploads\/2024\/12\/1000027702-800x1086.jpg 800w, https:\/\/www3.blomqvistplantskola.com\/wp-content\/uploads\/2024\/12\/1000027702-1131x1536.jpg 1131w, https:\/\/www3.blomqvistplantskola.com\/wp-content\/uploads\/2024\/12\/1000027702-1200x1629.jpg 1200w, https:\/\/www3.blomqvistplantskola.com\/wp-content\/uploads\/2024\/12\/1000027702.jpg 1428w\" sizes=\"(max-width: 500px) 100vw, 500px\" \/>\n\t\t\t\t\t\t<div class=\"cart-loading\"><i class=\"awb-icon-spinner\" aria-hidden=\"true\"><\/i><\/div>\n\t\t\t<\/div>\n<\/a>\n<div class=\"fusion-product-content\">\n\t<div class=\"product-details\">\n\t\t<div class=\"product-details-container\">\n<h3 class=\"product-title\">\n\t<a href=\"https:\/\/www3.blomqvistplantskola.com\/fi\/product\/presentkort\/\">\n\t\tLahjakortti\t<\/a>\n<\/h3>\n<div class=\"fusion-price-rating\">\n\n\t<span class=\"price\"><span class=\"woocommerce-Price-amount amount\" aria-hidden=\"true\"><bdi>30,00&nbsp;<span class=\"woocommerce-Price-currencySymbol\">&euro;<\/span><\/bdi><\/span> <span aria-hidden=\"true\">&ndash;<\/span> <span class=\"woocommerce-Price-amount amount\" aria-hidden=\"true\"><bdi>250,00&nbsp;<span class=\"woocommerce-Price-currencySymbol\">&euro;<\/span><\/bdi><\/span><span class=\"screen-reader-text\" data-no-translation=\"\" data-trp-gettext=\"\">Hintaluokka: 30,00&nbsp;&euro; - 250,00&nbsp;&euro;<\/span><\/span>\n\t\t<\/div>\n\t<\/div>\n<\/div>\n\n\n\t<div class=\"product-buttons\">\n\t\t<div class=\"fusion-content-sep sep-double sep-solid\"><\/div>\n\t\t<div class=\"product-buttons-container clearfix\">\n<a href=\"https:\/\/www3.blomqvistplantskola.com\/fi\/product\/presentkort\/\"  data-quantity=\"1\" class=\"button product_type_variable add_to_cart_button\" data-product_id=\"8774\" data-product_sku=\"\" aria-label=\"Valitse valinnat \u201cPresentkort\u201d\" rel=\"nofollow\" data-no-translation=\"\" data-trp-gettext=\"\" data-no-translation-aria-label=\"\">Valitse vaihtoehdoista<\/a>\n<a href=\"https:\/\/www3.blomqvistplantskola.com\/fi\/product\/presentkort\/\" class=\"show_details_button\">\n\tDetails<\/a>\n\n\n\t<\/div>\n\t<\/div>\n\n\t<\/div> <\/div>\n<\/li>\n<li class=\"product type-product post-8809 status-publish instock product_cat-presentkort has-post-thumbnail taxable shipping-taxable purchasable product-type-simple product-grid-view\">\n\t<div class=\"fusion-product-wrapper\">\n<a href=\"https:\/\/www3.blomqvistplantskola.com\/fi\/product\/presentkort-10000e\/\" class=\"product-images\" aria-label=\"Lahjakortti 100,00\u20ac\">\n\n<div class=\"featured-image\">\n\t\t<img decoding=\"async\" width=\"500\" height=\"643\" src=\"https:\/\/www3.blomqvistplantskola.com\/wp-content\/uploads\/2024\/12\/1000027700-500x643.jpg\" class=\"attachment-woocommerce_thumbnail size-woocommerce_thumbnail wp-post-image\" alt=\"\" srcset=\"https:\/\/www3.blomqvistplantskola.com\/wp-content\/uploads\/2024\/12\/1000027700-9x12.jpg 9w, https:\/\/www3.blomqvistplantskola.com\/wp-content\/uploads\/2024\/12\/1000027700-200x257.jpg 200w, https:\/\/www3.blomqvistplantskola.com\/wp-content\/uploads\/2024\/12\/1000027700-233x300.jpg 233w, https:\/\/www3.blomqvistplantskola.com\/wp-content\/uploads\/2024\/12\/1000027700-400x515.jpg 400w, https:\/\/www3.blomqvistplantskola.com\/wp-content\/uploads\/2024\/12\/1000027700-500x643.jpg 500w, https:\/\/www3.blomqvistplantskola.com\/wp-content\/uploads\/2024\/12\/1000027700-600x772.jpg 600w, https:\/\/www3.blomqvistplantskola.com\/wp-content\/uploads\/2024\/12\/1000027700-700x901.jpg 700w, https:\/\/www3.blomqvistplantskola.com\/wp-content\/uploads\/2024\/12\/1000027700-768x988.jpg 768w, https:\/\/www3.blomqvistplantskola.com\/wp-content\/uploads\/2024\/12\/1000027700-796x1024.jpg 796w, https:\/\/www3.blomqvistplantskola.com\/wp-content\/uploads\/2024\/12\/1000027700-800x1029.jpg 800w, https:\/\/www3.blomqvistplantskola.com\/wp-content\/uploads\/2024\/12\/1000027700-1194x1536.jpg 1194w, https:\/\/www3.blomqvistplantskola.com\/wp-content\/uploads\/2024\/12\/1000027700-1200x1544.jpg 1200w, https:\/\/www3.blomqvistplantskola.com\/wp-content\/uploads\/2024\/12\/1000027700.jpg 1507w\" sizes=\"(max-width: 500px) 100vw, 500px\" \/>\n\t\t\t\t\t\t<div class=\"cart-loading\"><i class=\"awb-icon-spinner\" aria-hidden=\"true\"><\/i><\/div>\n\t\t\t<\/div>\n<\/a>\n<div class=\"fusion-product-content\">\n\t<div class=\"product-details\">\n\t\t<div class=\"product-details-container\">\n<h3 class=\"product-title\">\n\t<a href=\"https:\/\/www3.blomqvistplantskola.com\/fi\/product\/presentkort-10000e\/\">\n\t\tLahjakortti 100,00\u20ac\t<\/a>\n<\/h3>\n<div class=\"fusion-price-rating\">\n\n\t<span class=\"price\"><span class=\"woocommerce-Price-amount amount\"><bdi>100,00&nbsp;<span class=\"woocommerce-Price-currencySymbol\">&euro;<\/span><\/bdi><\/span><\/span>\n\t\t<\/div>\n\t<\/div>\n<\/div>\n\n\n\t<div class=\"product-buttons\">\n\t\t<div class=\"fusion-content-sep sep-double sep-solid\"><\/div>\n\t\t<div class=\"product-buttons-container clearfix\">\n<a href=\"\/fi\/wp-json\/wp\/v2\/pages\/8739?add-to-cart=8809\"  data-quantity=\"1\" class=\"button product_type_simple add_to_cart_button ajax_add_to_cart\" data-product_id=\"8809\" data-product_sku=\"\" aria-label=\"Lis\u00e4\u00e4 ostoskoriin: \u201cPresentkort 100,00\u20ac\u201d\" rel=\"nofollow\" data-no-translation=\"\" data-trp-gettext=\"\" data-no-translation-aria-label=\"\">Lis\u00e4\u00e4 ostoskoriin<\/a>\n<a href=\"https:\/\/www3.blomqvistplantskola.com\/fi\/product\/presentkort-10000e\/\" class=\"show_details_button\">\n\tDetails<\/a>\n\n\n\t<\/div>\n\t<\/div>\n\n\t<\/div> <\/div>\n<\/li>\n<li class=\"product type-product post-8810 status-publish instock product_cat-presentkort has-post-thumbnail taxable shipping-taxable purchasable product-type-simple product-grid-view\">\n\t<div class=\"fusion-product-wrapper\">\n<a href=\"https:\/\/www3.blomqvistplantskola.com\/fi\/product\/presentkort-15000e\/\" class=\"product-images\" aria-label=\"Lahjakortti 150,00\u20ac\">\n\n<div class=\"featured-image\">\n\t\t<img decoding=\"async\" width=\"500\" height=\"660\" src=\"https:\/\/www3.blomqvistplantskola.com\/wp-content\/uploads\/2024\/12\/1000027701-500x660.jpg\" class=\"attachment-woocommerce_thumbnail size-woocommerce_thumbnail wp-post-image\" alt=\"\" srcset=\"https:\/\/www3.blomqvistplantskola.com\/wp-content\/uploads\/2024\/12\/1000027701-9x12.jpg 9w, https:\/\/www3.blomqvistplantskola.com\/wp-content\/uploads\/2024\/12\/1000027701-200x264.jpg 200w, https:\/\/www3.blomqvistplantskola.com\/wp-content\/uploads\/2024\/12\/1000027701-227x300.jpg 227w, https:\/\/www3.blomqvistplantskola.com\/wp-content\/uploads\/2024\/12\/1000027701-400x528.jpg 400w, https:\/\/www3.blomqvistplantskola.com\/wp-content\/uploads\/2024\/12\/1000027701-500x660.jpg 500w, https:\/\/www3.blomqvistplantskola.com\/wp-content\/uploads\/2024\/12\/1000027701-600x792.jpg 600w, https:\/\/www3.blomqvistplantskola.com\/wp-content\/uploads\/2024\/12\/1000027701-700x924.jpg 700w, https:\/\/www3.blomqvistplantskola.com\/wp-content\/uploads\/2024\/12\/1000027701-768x1014.jpg 768w, https:\/\/www3.blomqvistplantskola.com\/wp-content\/uploads\/2024\/12\/1000027701-775x1024.jpg 775w, https:\/\/www3.blomqvistplantskola.com\/wp-content\/uploads\/2024\/12\/1000027701-800x1056.jpg 800w, https:\/\/www3.blomqvistplantskola.com\/wp-content\/uploads\/2024\/12\/1000027701-1163x1536.jpg 1163w, https:\/\/www3.blomqvistplantskola.com\/wp-content\/uploads\/2024\/12\/1000027701-1200x1585.jpg 1200w, https:\/\/www3.blomqvistplantskola.com\/wp-content\/uploads\/2024\/12\/1000027701.jpg 1519w\" sizes=\"(max-width: 500px) 100vw, 500px\" \/>\n\t\t\t\t\t\t<div class=\"cart-loading\"><i class=\"awb-icon-spinner\" aria-hidden=\"true\"><\/i><\/div>\n\t\t\t<\/div>\n<\/a>\n<div class=\"fusion-product-content\">\n\t<div class=\"product-details\">\n\t\t<div class=\"product-details-container\">\n<h3 class=\"product-title\">\n\t<a href=\"https:\/\/www3.blomqvistplantskola.com\/fi\/product\/presentkort-15000e\/\">\n\t\tLahjakortti 150,00\u20ac\t<\/a>\n<\/h3>\n<div class=\"fusion-price-rating\">\n\n\t<span class=\"price\"><span class=\"woocommerce-Price-amount amount\"><bdi>150,00&nbsp;<span class=\"woocommerce-Price-currencySymbol\">&euro;<\/span><\/bdi><\/span><\/span>\n\t\t<\/div>\n\t<\/div>\n<\/div>\n\n\n\t<div class=\"product-buttons\">\n\t\t<div class=\"fusion-content-sep sep-double sep-solid\"><\/div>\n\t\t<div class=\"product-buttons-container clearfix\">\n<a href=\"\/fi\/wp-json\/wp\/v2\/pages\/8739?add-to-cart=8810\"  data-quantity=\"1\" class=\"button product_type_simple add_to_cart_button ajax_add_to_cart\" data-product_id=\"8810\" data-product_sku=\"\" aria-label=\"Lis\u00e4\u00e4 ostoskoriin: \u201cPresentkort 150,00\u20ac\u201d\" rel=\"nofollow\" data-no-translation=\"\" data-trp-gettext=\"\" data-no-translation-aria-label=\"\">Lis\u00e4\u00e4 ostoskoriin<\/a>\n<a href=\"https:\/\/www3.blomqvistplantskola.com\/fi\/product\/presentkort-15000e\/\" class=\"show_details_button\">\n\tDetails<\/a>\n\n\n\t<\/div>\n\t<\/div>\n\n\t<\/div> <\/div>\n<\/li>\n<li class=\"product type-product post-8807 status-publish last instock product_cat-presentkort has-post-thumbnail taxable shipping-taxable purchasable product-type-simple product-grid-view\">\n\t<div class=\"fusion-product-wrapper\">\n<a href=\"https:\/\/www3.blomqvistplantskola.com\/fi\/product\/presentkort-3000e\/\" class=\"product-images\" aria-label=\"Lahjakortti 30,00\u20ac\">\n\n<div class=\"featured-image\">\n\t\t<img decoding=\"async\" width=\"500\" height=\"659\" src=\"https:\/\/www3.blomqvistplantskola.com\/wp-content\/uploads\/2024\/12\/1000027697-500x659.jpg\" class=\"attachment-woocommerce_thumbnail size-woocommerce_thumbnail wp-post-image\" alt=\"\" srcset=\"https:\/\/www3.blomqvistplantskola.com\/wp-content\/uploads\/2024\/12\/1000027697-9x12.jpg 9w, https:\/\/www3.blomqvistplantskola.com\/wp-content\/uploads\/2024\/12\/1000027697-200x264.jpg 200w, https:\/\/www3.blomqvistplantskola.com\/wp-content\/uploads\/2024\/12\/1000027697-227x300.jpg 227w, https:\/\/www3.blomqvistplantskola.com\/wp-content\/uploads\/2024\/12\/1000027697-400x528.jpg 400w, https:\/\/www3.blomqvistplantskola.com\/wp-content\/uploads\/2024\/12\/1000027697-500x659.jpg 500w, https:\/\/www3.blomqvistplantskola.com\/wp-content\/uploads\/2024\/12\/1000027697-600x791.jpg 600w, https:\/\/www3.blomqvistplantskola.com\/wp-content\/uploads\/2024\/12\/1000027697-700x923.jpg 700w, https:\/\/www3.blomqvistplantskola.com\/wp-content\/uploads\/2024\/12\/1000027697-768x1013.jpg 768w, https:\/\/www3.blomqvistplantskola.com\/wp-content\/uploads\/2024\/12\/1000027697-776x1024.jpg 776w, https:\/\/www3.blomqvistplantskola.com\/wp-content\/uploads\/2024\/12\/1000027697-800x1055.jpg 800w, https:\/\/www3.blomqvistplantskola.com\/wp-content\/uploads\/2024\/12\/1000027697-1165x1536.jpg 1165w, https:\/\/www3.blomqvistplantskola.com\/wp-content\/uploads\/2024\/12\/1000027697-1200x1583.jpg 1200w, https:\/\/www3.blomqvistplantskola.com\/wp-content\/uploads\/2024\/12\/1000027697.jpg 1433w\" sizes=\"(max-width: 500px) 100vw, 500px\" \/>\n\t\t\t\t\t\t<div class=\"cart-loading\"><i class=\"awb-icon-spinner\" aria-hidden=\"true\"><\/i><\/div>\n\t\t\t<\/div>\n<\/a>\n<div class=\"fusion-product-content\">\n\t<div class=\"product-details\">\n\t\t<div class=\"product-details-container\">\n<h3 class=\"product-title\">\n\t<a href=\"https:\/\/www3.blomqvistplantskola.com\/fi\/product\/presentkort-3000e\/\">\n\t\tLahjakortti 30,00\u20ac\t<\/a>\n<\/h3>\n<div class=\"fusion-price-rating\">\n\n\t<span class=\"price\"><span class=\"woocommerce-Price-amount amount\"><bdi>30,00&nbsp;<span class=\"woocommerce-Price-currencySymbol\">&euro;<\/span><\/bdi><\/span><\/span>\n\t\t<\/div>\n\t<\/div>\n<\/div>\n\n\n\t<div class=\"product-buttons\">\n\t\t<div class=\"fusion-content-sep sep-double sep-solid\"><\/div>\n\t\t<div class=\"product-buttons-container clearfix\">\n<a href=\"\/fi\/wp-json\/wp\/v2\/pages\/8739?add-to-cart=8807\"  data-quantity=\"1\" class=\"button product_type_simple add_to_cart_button ajax_add_to_cart\" data-product_id=\"8807\" data-product_sku=\"\" aria-label=\"Lis\u00e4\u00e4 ostoskoriin: \u201cPresentkort 30,00\u20ac\u201d\" rel=\"nofollow\" data-no-translation=\"\" data-trp-gettext=\"\" data-no-translation-aria-label=\"\">Lis\u00e4\u00e4 ostoskoriin<\/a>\n<a href=\"https:\/\/www3.blomqvistplantskola.com\/fi\/product\/presentkort-3000e\/\" class=\"show_details_button\">\n\tDetails<\/a>\n\n\n\t<\/div>\n\t<\/div>\n\n\t<\/div> <\/div>\n<\/li>\n<li class=\"product type-product post-8808 status-publish first instock product_cat-presentkort has-post-thumbnail taxable shipping-taxable purchasable product-type-simple product-grid-view\">\n\t<div class=\"fusion-product-wrapper\">\n<a href=\"https:\/\/www3.blomqvistplantskola.com\/fi\/product\/presentkort-5000e\/\" class=\"product-images\" aria-label=\"Lahjakortti 50,00\u20ac\">\n\n<div class=\"featured-image\">\n\t\t<img decoding=\"async\" width=\"500\" height=\"663\" src=\"https:\/\/www3.blomqvistplantskola.com\/wp-content\/uploads\/2024\/12\/1000027699-500x663.jpg\" class=\"attachment-woocommerce_thumbnail size-woocommerce_thumbnail wp-post-image\" alt=\"\" srcset=\"https:\/\/www3.blomqvistplantskola.com\/wp-content\/uploads\/2024\/12\/1000027699-9x12.jpg 9w, https:\/\/www3.blomqvistplantskola.com\/wp-content\/uploads\/2024\/12\/1000027699-200x265.jpg 200w, https:\/\/www3.blomqvistplantskola.com\/wp-content\/uploads\/2024\/12\/1000027699-226x300.jpg 226w, https:\/\/www3.blomqvistplantskola.com\/wp-content\/uploads\/2024\/12\/1000027699-400x530.jpg 400w, https:\/\/www3.blomqvistplantskola.com\/wp-content\/uploads\/2024\/12\/1000027699-500x663.jpg 500w, https:\/\/www3.blomqvistplantskola.com\/wp-content\/uploads\/2024\/12\/1000027699-600x795.jpg 600w, https:\/\/www3.blomqvistplantskola.com\/wp-content\/uploads\/2024\/12\/1000027699-700x928.jpg 700w, https:\/\/www3.blomqvistplantskola.com\/wp-content\/uploads\/2024\/12\/1000027699-768x1018.jpg 768w, https:\/\/www3.blomqvistplantskola.com\/wp-content\/uploads\/2024\/12\/1000027699-773x1024.jpg 773w, https:\/\/www3.blomqvistplantskola.com\/wp-content\/uploads\/2024\/12\/1000027699-800x1060.jpg 800w, https:\/\/www3.blomqvistplantskola.com\/wp-content\/uploads\/2024\/12\/1000027699-1159x1536.jpg 1159w, https:\/\/www3.blomqvistplantskola.com\/wp-content\/uploads\/2024\/12\/1000027699-1200x1591.jpg 1200w, https:\/\/www3.blomqvistplantskola.com\/wp-content\/uploads\/2024\/12\/1000027699.jpg 1499w\" sizes=\"(max-width: 500px) 100vw, 500px\" \/>\n\t\t\t\t\t\t<div class=\"cart-loading\"><i class=\"awb-icon-spinner\" aria-hidden=\"true\"><\/i><\/div>\n\t\t\t<\/div>\n<\/a>\n<div class=\"fusion-product-content\">\n\t<div class=\"product-details\">\n\t\t<div class=\"product-details-container\">\n<h3 class=\"product-title\">\n\t<a href=\"https:\/\/www3.blomqvistplantskola.com\/fi\/product\/presentkort-5000e\/\">\n\t\tLahjakortti 50,00\u20ac\t<\/a>\n<\/h3>\n<div class=\"fusion-price-rating\">\n\n\t<span class=\"price\"><span class=\"woocommerce-Price-amount amount\"><bdi>50,00&nbsp;<span class=\"woocommerce-Price-currencySymbol\">&euro;<\/span><\/bdi><\/span><\/span>\n\t\t<\/div>\n\t<\/div>\n<\/div>\n\n\n\t<div class=\"product-buttons\">\n\t\t<div class=\"fusion-content-sep sep-double sep-solid\"><\/div>\n\t\t<div class=\"product-buttons-container clearfix\">\n<a href=\"\/fi\/wp-json\/wp\/v2\/pages\/8739?add-to-cart=8808\"  data-quantity=\"1\" class=\"button product_type_simple add_to_cart_button ajax_add_to_cart\" data-product_id=\"8808\" data-product_sku=\"\" aria-label=\"Lis\u00e4\u00e4 ostoskoriin: \u201cPresentkort 50,00\u20ac\u201d\" rel=\"nofollow\" data-no-translation=\"\" data-trp-gettext=\"\" data-no-translation-aria-label=\"\">Lis\u00e4\u00e4 ostoskoriin<\/a>\n<a href=\"https:\/\/www3.blomqvistplantskola.com\/fi\/product\/presentkort-5000e\/\" class=\"show_details_button\">\n\tDetails<\/a>\n\n\n\t<\/div>\n\t<\/div>\n\n\t<\/div> <\/div>\n<\/li>\n<\/ul><div class=\"fusion-woo-product-grid-pagination fusion-clearfix\"><\/div><\/div><\/div><\/div><\/div><\/div><\/p>","protected":false},"excerpt":{"rendered":"","protected":false},"author":1,"featured_media":0,"parent":0,"menu_order":0,"comment_status":"closed","ping_status":"closed","template":"","meta":{"footnotes":""},"class_list":["post-8739","page","type-page","status-publish","hentry"],"_links":{"self":[{"href":"https:\/\/www3.blomqvistplantskola.com\/fi\/wp-json\/wp\/v2\/pages\/8739","targetHints":{"allow":["GET"]}}],"collection":[{"href":"https:\/\/www3.blomqvistplantskola.com\/fi\/wp-json\/wp\/v2\/pages"}],"about":[{"href":"https:\/\/www3.blomqvistplantskola.com\/fi\/wp-json\/wp\/v2\/types\/page"}],"author":[{"embeddable":true,"href":"https:\/\/www3.blomqvistplantskola.com\/fi\/wp-json\/wp\/v2\/users\/1"}],"replies":[{"embeddable":true,"href":"https:\/\/www3.blomqvistplantskola.com\/fi\/wp-json\/wp\/v2\/comments?post=8739"}],"version-history":[{"count":4,"href":"https:\/\/www3.blomqvistplantskola.com\/fi\/wp-json\/wp\/v2\/pages\/8739\/revisions"}],"predecessor-version":[{"id":8828,"href":"https:\/\/www3.blomqvistplantskola.com\/fi\/wp-json\/wp\/v2\/pages\/8739\/revisions\/8828"}],"wp:attachment":[{"href":"https:\/\/www3.blomqvistplantskola.com\/fi\/wp-json\/wp\/v2\/media?parent=8739"}],"curies":[{"name":"wp","href":"https:\/\/api.w.org\/{rel}","templated":true}]}}