{"id":10146,"date":"2026-03-13T12:13:23","date_gmt":"2026-03-13T10:13:23","guid":{"rendered":"https:\/\/www3.blomqvistplantskola.com\/?post_type=product&#038;p=10146"},"modified":"2026-04-20T07:20:36","modified_gmt":"2026-04-20T05:20:36","slug":"jordgubbe-sonsation-3stfragaria-x-ananassa-sonsation","status":"publish","type":"product","link":"https:\/\/www3.blomqvistplantskola.com\/fi\/product\/jordgubbe-sonsation-3stfragaria-x-ananassa-sonsation\/","title":{"rendered":"<b>Mansikka Sonsation 3kpl, P11<\/b><br>Fragaria  x  ananassa ` Sonsation\u00b4"},"content":{"rendered":"<p><strong>Sonsation<\/strong> Voimakaskasvuinen, runsasmarjainen, keskiaikainen uutuus, jolla on hyv\u00e4nmakuiset, mehukkaat ja kiinte\u00e4t marjat, jotka on helppo poimia. Soveltuu sek\u00e4 avomaa- ett\u00e4 tunneliviljelyyn. Marjalla on intensiivinen ja hyv\u00e4 aromi, jossa h\u00e4iv\u00e4hdys hunajanmakua. Voidaan poimia p\u00e4ivitt\u00e4in tuorek\u00e4ytt\u00f6\u00f6n, mutta sopii my\u00f6s hilloihin ja mehuihin. Hyv\u00e4 talvenkest\u00e4vyys. Muodostunut meill\u00e4 viime vuosina suosituksi.<\/p>\n<p>Taimi 11 cm:n ruukussa<\/p>","protected":false},"excerpt":{"rendered":"<p><span style=\"font-family: Arial, serif;\"><span style=\"font-size: medium;\">Suuria jumbotaimia, jotka antavat hyv\u00e4n sadon jo samana kes\u00e4n\u00e4.<br \/>\nUutuus, jolla maukkaat, mehukkaat ja kiinte\u00e4t marjat.<\/span><\/span><strong><span style=\"font-family: Arial, serif;\"><span style=\"font-size: medium;\"><br \/>\n<\/span><\/span><span style=\"font-family: Arial, serif;\"><span style=\"font-size: medium;\">3 st `Sonsation\u00b4<\/span><\/span><\/strong><\/p>\n<p><span style=\"font-family: Arial, serif;\"><span style=\"font-size: medium;\">\u00a0<\/span><\/span><\/p>","protected":false},"featured_media":9265,"template":"","meta":[],"product_brand":[],"product_cat":[248,312],"product_tag":[],"class_list":{"0":"post-10146","1":"product","2":"type-product","3":"status-publish","4":"has-post-thumbnail","6":"product_cat-barvaxter","7":"product_cat-paketerbjudanden","8":"product_shipping_class-postpaket","10":"first","11":"instock","12":"sale","13":"taxable","14":"shipping-taxable","15":"purchasable","16":"product-type-simple"},"_links":{"self":[{"href":"https:\/\/www3.blomqvistplantskola.com\/fi\/wp-json\/wp\/v2\/product\/10146","targetHints":{"allow":["GET"]}}],"collection":[{"href":"https:\/\/www3.blomqvistplantskola.com\/fi\/wp-json\/wp\/v2\/product"}],"about":[{"href":"https:\/\/www3.blomqvistplantskola.com\/fi\/wp-json\/wp\/v2\/types\/product"}],"wp:featuredmedia":[{"embeddable":true,"href":"https:\/\/www3.blomqvistplantskola.com\/fi\/wp-json\/wp\/v2\/media\/9265"}],"wp:attachment":[{"href":"https:\/\/www3.blomqvistplantskola.com\/fi\/wp-json\/wp\/v2\/media?parent=10146"}],"wp:term":[{"taxonomy":"product_brand","embeddable":true,"href":"https:\/\/www3.blomqvistplantskola.com\/fi\/wp-json\/wp\/v2\/product_brand?post=10146"},{"taxonomy":"product_cat","embeddable":true,"href":"https:\/\/www3.blomqvistplantskola.com\/fi\/wp-json\/wp\/v2\/product_cat?post=10146"},{"taxonomy":"product_tag","embeddable":true,"href":"https:\/\/www3.blomqvistplantskola.com\/fi\/wp-json\/wp\/v2\/product_tag?post=10146"}],"curies":[{"name":"wp","href":"https:\/\/api.w.org\/{rel}","templated":true}]}}