{"id":10148,"date":"2026-03-13T14:08:33","date_gmt":"2026-03-13T12:08:33","guid":{"rendered":"https:\/\/www3.blomqvistplantskola.com\/?post_type=product&#038;p=10148"},"modified":"2026-04-13T21:09:28","modified_gmt":"2026-04-13T19:09:28","slug":"blabarstry-honungsbarlonicera-caerulea-var-kamtschatica-indigo-gem","status":"publish","type":"product","link":"https:\/\/www3.blomqvistplantskola.com\/fi\/product\/blabarstry-honungsbarlonicera-caerulea-var-kamtschatica-indigo-gem\/","title":{"rendered":"<b>Marjasinikuusama - Hunajamarja<\/b><br>Lonicera caerulea var. kamtschatica `Indigo Gem\u00b4"},"content":{"rendered":"<p>3-vuotias taimi 2 litran ruukussa.<\/p>","protected":false},"excerpt":{"rendered":"<p>Kanadalainen lajike, jolla V-kirjaimen muotoinen, pysty kasvutapa. Yksi parhaista lajikkeista sy\u00f6d\u00e4 suoraan pensaista. Tuottaa runsaan sadon, jopa 10l \/ pensas, mik\u00e4 tarkoittaa n. 15 000 kg\/ ha ammattilaisviljelyksill\u00e4! Marjat kypsyv\u00e4t hein\u00e4kuun alussa.Tulee istuttaa yhdess\u00e4 muiden lajikkeiden kanssa, jotta tuottaa satoa.<\/p>\n<p><strong>Vy\u00f6hyke: <\/strong>FI 1-6. SE 1-7.<br \/>\n<strong>H\u00f6jd och bredd: <\/strong>1,5-1,7 m<\/p>","protected":false},"featured_media":4930,"template":"","meta":[],"product_brand":[],"product_cat":[248],"product_tag":[],"class_list":{"0":"post-10148","1":"product","2":"type-product","3":"status-publish","4":"has-post-thumbnail","6":"product_cat-barvaxter","7":"product_shipping_class-postpaket","9":"first","10":"instock","11":"taxable","12":"shipping-taxable","13":"purchasable","14":"product-type-simple"},"_links":{"self":[{"href":"https:\/\/www3.blomqvistplantskola.com\/fi\/wp-json\/wp\/v2\/product\/10148","targetHints":{"allow":["GET"]}}],"collection":[{"href":"https:\/\/www3.blomqvistplantskola.com\/fi\/wp-json\/wp\/v2\/product"}],"about":[{"href":"https:\/\/www3.blomqvistplantskola.com\/fi\/wp-json\/wp\/v2\/types\/product"}],"wp:featuredmedia":[{"embeddable":true,"href":"https:\/\/www3.blomqvistplantskola.com\/fi\/wp-json\/wp\/v2\/media\/4930"}],"wp:attachment":[{"href":"https:\/\/www3.blomqvistplantskola.com\/fi\/wp-json\/wp\/v2\/media?parent=10148"}],"wp:term":[{"taxonomy":"product_brand","embeddable":true,"href":"https:\/\/www3.blomqvistplantskola.com\/fi\/wp-json\/wp\/v2\/product_brand?post=10148"},{"taxonomy":"product_cat","embeddable":true,"href":"https:\/\/www3.blomqvistplantskola.com\/fi\/wp-json\/wp\/v2\/product_cat?post=10148"},{"taxonomy":"product_tag","embeddable":true,"href":"https:\/\/www3.blomqvistplantskola.com\/fi\/wp-json\/wp\/v2\/product_tag?post=10148"}],"curies":[{"name":"wp","href":"https:\/\/api.w.org\/{rel}","templated":true}]}}