{"id":10149,"date":"2026-03-13T12:13:23","date_gmt":"2026-03-13T10:13:23","guid":{"rendered":"https:\/\/www3.blomqvistplantskola.com\/?post_type=product&#038;p=10149"},"modified":"2026-04-06T15:39:54","modified_gmt":"2026-04-06T13:39:54","slug":"jordgubbe-polka-3stfragaria-x-ananassa-polka","status":"publish","type":"product","link":"https:\/\/www3.blomqvistplantskola.com\/fi\/product\/jordgubbe-polka-3stfragaria-x-ananassa-polka\/","title":{"rendered":"<b>Mansikka Polka 3kpl, P11<\/b><br>Fragaria  x  ananassa ` Polka\u00b4"},"content":{"rendered":"<p>T\u00e4ll\u00e4 hetkell\u00e4 eniten viljelty mansikkalajike Suomessa. Kauniit, kirkkaanpunaiset marjat, joissa pidetty maku. Marjat soveltuvat my\u00f6s pakastukseen ja hilloihin. Vastustuskykyinen harmaahometta vastaan ja selvinnyt talvista hyvin jopa meill\u00e4 Pohjanmaalla. Eritt\u00e4in myyv\u00e4 lajike taimistollamme.<\/p>\n<p>Taimi 11 cm:n ruukussa.<\/p>","protected":false},"excerpt":{"rendered":"<p><span style=\"font-family: Arial, serif;\"><span style=\"font-size: medium;\">Suuria jumbotaimia, jotka antavat hyv\u00e4n sadon jo samana kes\u00e4n\u00e4.<br \/>\nSuosituin lajike suomalaisissa puutarhoissa.<\/span><\/span><strong><span style=\"font-family: Arial, serif;\"><span style=\"font-size: medium;\"><br \/>\n<\/span><\/span><span style=\"font-family: Arial, serif;\"><span style=\"font-size: medium;\">3 st `Polka\u00b4<\/span><\/span><\/strong><\/p>\n<p><span style=\"font-family: Arial, serif;\"><span style=\"font-size: medium;\">\u00a0<\/span><\/span><\/p>","protected":false},"featured_media":4882,"template":"","meta":[],"product_brand":[],"product_cat":[248,312],"product_tag":[],"class_list":{"0":"post-10149","1":"product","2":"type-product","3":"status-publish","4":"has-post-thumbnail","6":"product_cat-barvaxter","7":"product_cat-paketerbjudanden","8":"product_shipping_class-postpaket","10":"first","11":"instock","12":"sale","13":"taxable","14":"shipping-taxable","15":"purchasable","16":"product-type-simple"},"_links":{"self":[{"href":"https:\/\/www3.blomqvistplantskola.com\/fi\/wp-json\/wp\/v2\/product\/10149","targetHints":{"allow":["GET"]}}],"collection":[{"href":"https:\/\/www3.blomqvistplantskola.com\/fi\/wp-json\/wp\/v2\/product"}],"about":[{"href":"https:\/\/www3.blomqvistplantskola.com\/fi\/wp-json\/wp\/v2\/types\/product"}],"wp:featuredmedia":[{"embeddable":true,"href":"https:\/\/www3.blomqvistplantskola.com\/fi\/wp-json\/wp\/v2\/media\/4882"}],"wp:attachment":[{"href":"https:\/\/www3.blomqvistplantskola.com\/fi\/wp-json\/wp\/v2\/media?parent=10149"}],"wp:term":[{"taxonomy":"product_brand","embeddable":true,"href":"https:\/\/www3.blomqvistplantskola.com\/fi\/wp-json\/wp\/v2\/product_brand?post=10149"},{"taxonomy":"product_cat","embeddable":true,"href":"https:\/\/www3.blomqvistplantskola.com\/fi\/wp-json\/wp\/v2\/product_cat?post=10149"},{"taxonomy":"product_tag","embeddable":true,"href":"https:\/\/www3.blomqvistplantskola.com\/fi\/wp-json\/wp\/v2\/product_tag?post=10149"}],"curies":[{"name":"wp","href":"https:\/\/api.w.org\/{rel}","templated":true}]}}