{"id":10150,"date":"2025-07-02T08:46:10","date_gmt":"2025-07-02T06:46:10","guid":{"rendered":"https:\/\/www3.blomqvistplantskola.com\/?post_type=product&#038;p=10150"},"modified":"2026-04-21T16:26:31","modified_gmt":"2026-04-21T14:26:31","slug":"roda-vinbar-ribes-rubrum-jonkheer-van-tets","status":"publish","type":"product","link":"https:\/\/www3.blomqvistplantskola.com\/fi\/product\/roda-vinbar-ribes-rubrum-jonkheer-van-tets\/","title":{"rendered":"<b>Punaherukka <\/b><br>Ribes rubrum `Jonkheer van Tets\u00b4"},"content":{"rendered":"<p>Taimi 2 litran ruukussa.<\/p>","protected":false},"excerpt":{"rendered":"<p>Hollantilainen lajike, joka kypsyy noin viikon aiemmin, kuin Punainen hollantilainen. Marjat ovat tummanpunaiset, keskisuuret ja kypsyv\u00e4t pitkiss\u00e4 tertuissa. Maku on makeampi ja miellytt\u00e4v\u00e4mpi, kuin Punaisella hollantilaisella kyps\u00e4n\u00e4. Tokikaan talvenkest\u00e4vyys ei ole aivan yht\u00e4 hyv\u00e4 kuin sill\u00e4. Pystykasvuinen ja korkea.<\/p>\n<p><strong>Vy\u00f6hyke: <\/strong>FI 1-3\/4. SE 1-5.<br \/>\n<strong>Korkeus: <\/strong>1,2-1,5 m<\/p>","protected":false},"featured_media":10252,"template":"","meta":[],"product_brand":[],"product_cat":[248],"product_tag":[],"class_list":{"0":"post-10150","1":"product","2":"type-product","3":"status-publish","4":"has-post-thumbnail","6":"product_cat-barvaxter","7":"product_shipping_class-postpaket","9":"first","10":"instock","11":"taxable","12":"shipping-taxable","13":"purchasable","14":"product-type-simple"},"_links":{"self":[{"href":"https:\/\/www3.blomqvistplantskola.com\/fi\/wp-json\/wp\/v2\/product\/10150","targetHints":{"allow":["GET"]}}],"collection":[{"href":"https:\/\/www3.blomqvistplantskola.com\/fi\/wp-json\/wp\/v2\/product"}],"about":[{"href":"https:\/\/www3.blomqvistplantskola.com\/fi\/wp-json\/wp\/v2\/types\/product"}],"wp:featuredmedia":[{"embeddable":true,"href":"https:\/\/www3.blomqvistplantskola.com\/fi\/wp-json\/wp\/v2\/media\/10252"}],"wp:attachment":[{"href":"https:\/\/www3.blomqvistplantskola.com\/fi\/wp-json\/wp\/v2\/media?parent=10150"}],"wp:term":[{"taxonomy":"product_brand","embeddable":true,"href":"https:\/\/www3.blomqvistplantskola.com\/fi\/wp-json\/wp\/v2\/product_brand?post=10150"},{"taxonomy":"product_cat","embeddable":true,"href":"https:\/\/www3.blomqvistplantskola.com\/fi\/wp-json\/wp\/v2\/product_cat?post=10150"},{"taxonomy":"product_tag","embeddable":true,"href":"https:\/\/www3.blomqvistplantskola.com\/fi\/wp-json\/wp\/v2\/product_tag?post=10150"}],"curies":[{"name":"wp","href":"https:\/\/api.w.org\/{rel}","templated":true}]}}