{"id":10155,"date":"2026-03-13T14:08:33","date_gmt":"2026-03-13T12:08:33","guid":{"rendered":"https:\/\/www3.blomqvistplantskola.com\/?post_type=product&#038;p=10155"},"modified":"2026-04-25T11:07:46","modified_gmt":"2026-04-25T09:07:46","slug":"storfruktig-hassel-p9corylus-avellana-cosford","status":"publish","type":"product","link":"https:\/\/www3.blomqvistplantskola.com\/fi\/product\/storfruktig-hassel-p9corylus-avellana-cosford\/","title":{"rendered":"<b>Euroopanp\u00e4hkin\u00e4pensas P9<\/b><br>Corylus avellana `Cosford\u00b4"},"content":{"rendered":"<p>Kevyttaimi 9 cm:n ruukussa, piiskataimi 30+cm.<\/p>","protected":false},"excerpt":{"rendered":"<p><big><big>Cosford on vanha englantilainen lajike, jolla on yl\u00f6sp\u00e4in suuntautuva kasvutapa. Lajike on osittain itsep\u00f6lyttyv\u00e4, mutta runsaan sadon tuottamiseen tarvitaan ristip\u00f6lytyst\u00e4. P\u00e4hkin\u00e4t ovat ohutkuorisia ja kasvavat 2-3 p\u00e4hkin\u00e4n tertuissa.<\/big><\/big>Kauempana etel\u00e4ss\u00e4 p\u00e4hkin\u00e4pensas kasvaa villin\u00e4, mutta meill\u00e4 se kasvaa parhaiten melko suojaisessa, aurinkoisessa paikassa, ravinteikkaassa, kalkkipitoisessa mullassa. Pensaaseen muodostuu koristeelliset, keltaiset norkot aikaisin kev\u00e4\u00e4ll\u00e4 ennen lehtien puhkeamista. Syysv\u00e4ri on keltapunainen. P\u00e4hkin\u00e4pensas vaatii ristip\u00f6lytyksen, joten istuta yhdess\u00e4 toisen lajikkeen tai villip\u00e4hkin\u00e4n \/euroopanp\u00e4hkin\u00e4pensaan (C. avellana) kanssa. P\u00e4hkin\u00e4pensas vaatii pitk\u00e4n kypsymisajan, joten \u00e4l\u00e4 vaivu ep\u00e4toivoon, vaikka sato ei aina ehtisi kypsy\u00e4 valmiiksi. Kaunis my\u00f6s koristepensaana!<\/p>\n<p><strong>Vy\u00f6hyke: <\/strong>FI 1-2\/3. SE 1-3\/4.<br \/>\n<strong>Korkeus: <\/strong>2-4 m<\/p>","protected":false},"featured_media":0,"template":"","meta":[],"product_brand":[],"product_cat":[248,253],"product_tag":[],"class_list":{"0":"post-10155","1":"product","2":"type-product","3":"status-publish","5":"product_cat-barvaxter","6":"product_cat-prydnadsbuskar","7":"product_shipping_class-postpaket","9":"first","10":"instock","11":"taxable","12":"shipping-taxable","13":"purchasable","14":"product-type-simple"},"_links":{"self":[{"href":"https:\/\/www3.blomqvistplantskola.com\/fi\/wp-json\/wp\/v2\/product\/10155","targetHints":{"allow":["GET"]}}],"collection":[{"href":"https:\/\/www3.blomqvistplantskola.com\/fi\/wp-json\/wp\/v2\/product"}],"about":[{"href":"https:\/\/www3.blomqvistplantskola.com\/fi\/wp-json\/wp\/v2\/types\/product"}],"wp:attachment":[{"href":"https:\/\/www3.blomqvistplantskola.com\/fi\/wp-json\/wp\/v2\/media?parent=10155"}],"wp:term":[{"taxonomy":"product_brand","embeddable":true,"href":"https:\/\/www3.blomqvistplantskola.com\/fi\/wp-json\/wp\/v2\/product_brand?post=10155"},{"taxonomy":"product_cat","embeddable":true,"href":"https:\/\/www3.blomqvistplantskola.com\/fi\/wp-json\/wp\/v2\/product_cat?post=10155"},{"taxonomy":"product_tag","embeddable":true,"href":"https:\/\/www3.blomqvistplantskola.com\/fi\/wp-json\/wp\/v2\/product_tag?post=10155"}],"curies":[{"name":"wp","href":"https:\/\/api.w.org\/{rel}","templated":true}]}}