{"id":10157,"date":"2026-03-13T14:08:33","date_gmt":"2026-03-13T12:08:33","guid":{"rendered":"https:\/\/www3.blomqvistplantskola.com\/?post_type=product&#038;p=10157"},"modified":"2026-04-21T13:44:23","modified_gmt":"2026-04-21T11:44:23","slug":"storfruktig-hassel-p9corylus-avellana-rimski","status":"publish","type":"product","link":"https:\/\/www3.blomqvistplantskola.com\/fi\/product\/storfruktig-hassel-p9corylus-avellana-rimski\/","title":{"rendered":"<b>Euroopanp\u00e4hkin\u00e4pensas P9<\/b><br>Corylus avellana `Rimski\u00b4"},"content":{"rendered":"<p>Kevyttaimi 9 cm:n ruukussa, piiskataimi 20+cm.<\/p>","protected":false},"excerpt":{"rendered":"<p>Suosittu hasselp\u00e4hkin\u00e4 italialaista alkuper\u00e4\u00e4. Tunnettu tuottoisuudestaan, hyv\u00e4st\u00e4 maustaan ja voimakkaasta kasvutavastaan. Keskisuuret, py\u00f6re\u00e4t p\u00e4hkin\u00e4t, joiden kokonaispainosta ydin muodostaa noin 42+%. Vaatii ristip\u00f6lytyksen tuottaakseen satoa. Kauempana etel\u00e4ss\u00e4 p\u00e4hkin\u00e4pensas kasvaa villin\u00e4, mutta meill\u00e4 se kasvaa parhaiten melko suojaisessa, aurinkoisessa paikassa, ravinteikkaassa, kalkkipitoisessa mullassa. Pensaaseen muodostuu koristeelliset, keltaiset norkot aikaisin kev\u00e4\u00e4ll\u00e4 ennen lehtien puhkeamista. Syysv\u00e4ri on keltapunainen. P\u00e4hkin\u00e4pensas vaatii ristip\u00f6lytyksen, joten istuta yhdess\u00e4 toisen lajikkeen tai villip\u00e4hkin\u00e4n \/euroopanp\u00e4hkin\u00e4pensaan (C. avellana) kanssa. P\u00e4hkin\u00e4pensas vaatii pitk\u00e4n kypsymisajan, joten \u00e4l\u00e4 vaivu ep\u00e4toivoon, vaikka sato ei aina ehtisi kypsy\u00e4 valmiiksi. Kaunis my\u00f6s koristepensaana!<\/p>\n<p><strong>Vy\u00f6hyke: <\/strong>FI 1-2. SE 1-3.<br \/>\n<strong>Korkeus: <\/strong>3-5 m<\/p>","protected":false},"featured_media":0,"template":"","meta":[],"product_brand":[],"product_cat":[248,253],"product_tag":[],"class_list":{"0":"post-10157","1":"product","2":"type-product","3":"status-publish","5":"product_cat-barvaxter","6":"product_cat-prydnadsbuskar","7":"product_shipping_class-postpaket","9":"first","10":"instock","11":"taxable","12":"shipping-taxable","13":"purchasable","14":"product-type-simple"},"_links":{"self":[{"href":"https:\/\/www3.blomqvistplantskola.com\/fi\/wp-json\/wp\/v2\/product\/10157","targetHints":{"allow":["GET"]}}],"collection":[{"href":"https:\/\/www3.blomqvistplantskola.com\/fi\/wp-json\/wp\/v2\/product"}],"about":[{"href":"https:\/\/www3.blomqvistplantskola.com\/fi\/wp-json\/wp\/v2\/types\/product"}],"wp:attachment":[{"href":"https:\/\/www3.blomqvistplantskola.com\/fi\/wp-json\/wp\/v2\/media?parent=10157"}],"wp:term":[{"taxonomy":"product_brand","embeddable":true,"href":"https:\/\/www3.blomqvistplantskola.com\/fi\/wp-json\/wp\/v2\/product_brand?post=10157"},{"taxonomy":"product_cat","embeddable":true,"href":"https:\/\/www3.blomqvistplantskola.com\/fi\/wp-json\/wp\/v2\/product_cat?post=10157"},{"taxonomy":"product_tag","embeddable":true,"href":"https:\/\/www3.blomqvistplantskola.com\/fi\/wp-json\/wp\/v2\/product_tag?post=10157"}],"curies":[{"name":"wp","href":"https:\/\/api.w.org\/{rel}","templated":true}]}}