{"id":10158,"date":"2026-03-13T14:08:33","date_gmt":"2026-03-13T12:08:33","guid":{"rendered":"https:\/\/www3.blomqvistplantskola.com\/?post_type=product&#038;p=10158"},"modified":"2026-04-21T13:44:22","modified_gmt":"2026-04-21T11:44:22","slug":"storfruktig-hassel-p9corylus-avellana-tonda-romana","status":"publish","type":"product","link":"https:\/\/www3.blomqvistplantskola.com\/fi\/product\/storfruktig-hassel-p9corylus-avellana-tonda-romana\/","title":{"rendered":"<b>Euroopanp\u00e4hkin\u00e4pensas P9<\/b><br>Corylus avellana `Tonda Romana\u00b4"},"content":{"rendered":"<p>Kevyttaimi 9 cm:n ruukussa, piiskataimi 50+cm.<\/p>","protected":false},"excerpt":{"rendered":"<p>Italialainen lajike, joka antaa runsaan sadon py\u00f6reit\u00e4, suuria, eritt\u00e4in hyv\u00e4nmakuisia p\u00e4hkin\u00f6it\u00e4. Kauempana etel\u00e4ss\u00e4 p\u00e4hkin\u00e4pensas kasvaa villin\u00e4, mutta meill\u00e4 se kasvaa parhaiten melko suojaisessa, aurinkoisessa paikassa, ravinteikkaassa, kalkkipitoisessa mullassa. Pensaaseen muodostuu koristeelliset, keltaiset norkot aikaisin kev\u00e4\u00e4ll\u00e4 ennen lehtien puhkeamista. Syysv\u00e4ri on keltapunainen. Itsep\u00f6lyttyv\u00e4, mutta vaatii ristip\u00f6lytyksen antaakseen hyv\u00e4n sadon. Istuta siis yhdess\u00e4 toisen lajikkeen kanssa. P\u00e4hkin\u00e4pensas vaatii pitk\u00e4n kypsymisajan, joten \u00e4l\u00e4 vaivu ep\u00e4toivoon, vaikka sato ei aina ehtisi kypsy\u00e4 valmiiksi. Kaunis my\u00f6s koristepensaana!<\/p>\n<p><strong>Vy\u00f6hyke: <\/strong>FI 1-2\/3. SE 1-4.<br \/>\n<strong>Korkeus: <\/strong>3-6 m<\/p>","protected":false},"featured_media":0,"template":"","meta":[],"product_brand":[],"product_cat":[248,253],"product_tag":[],"class_list":{"0":"post-10158","1":"product","2":"type-product","3":"status-publish","5":"product_cat-barvaxter","6":"product_cat-prydnadsbuskar","7":"product_shipping_class-postpaket","9":"first","10":"instock","11":"taxable","12":"shipping-taxable","13":"purchasable","14":"product-type-simple"},"_links":{"self":[{"href":"https:\/\/www3.blomqvistplantskola.com\/fi\/wp-json\/wp\/v2\/product\/10158","targetHints":{"allow":["GET"]}}],"collection":[{"href":"https:\/\/www3.blomqvistplantskola.com\/fi\/wp-json\/wp\/v2\/product"}],"about":[{"href":"https:\/\/www3.blomqvistplantskola.com\/fi\/wp-json\/wp\/v2\/types\/product"}],"wp:attachment":[{"href":"https:\/\/www3.blomqvistplantskola.com\/fi\/wp-json\/wp\/v2\/media?parent=10158"}],"wp:term":[{"taxonomy":"product_brand","embeddable":true,"href":"https:\/\/www3.blomqvistplantskola.com\/fi\/wp-json\/wp\/v2\/product_brand?post=10158"},{"taxonomy":"product_cat","embeddable":true,"href":"https:\/\/www3.blomqvistplantskola.com\/fi\/wp-json\/wp\/v2\/product_cat?post=10158"},{"taxonomy":"product_tag","embeddable":true,"href":"https:\/\/www3.blomqvistplantskola.com\/fi\/wp-json\/wp\/v2\/product_tag?post=10158"}],"curies":[{"name":"wp","href":"https:\/\/api.w.org\/{rel}","templated":true}]}}