{"id":10159,"date":"2026-03-13T14:08:33","date_gmt":"2026-03-13T12:08:33","guid":{"rendered":"https:\/\/www3.blomqvistplantskola.com\/?post_type=product&#038;p=10159"},"modified":"2026-04-23T11:36:32","modified_gmt":"2026-04-23T09:36:32","slug":"dvargmullbar-morus-gerardis-dwarf","status":"publish","type":"product","link":"https:\/\/www3.blomqvistplantskola.com\/fi\/product\/dvargmullbar-morus-gerardis-dwarf\/","title":{"rendered":"<b>K\u00e4\u00e4pi\u00f6mulperi <\/b><br>Morus `Gerardi\u00b4s Dwarf\u00b4"},"content":{"rendered":"<p>Haaroittunut kevyttaimi 9cm:n ruukussa, 10-20cm.<\/p>","protected":false},"excerpt":{"rendered":"<p>K\u00e4\u00e4pi\u00f6kasvuinen, tiivis lajike, joka sopii pieniin pihoihin ja jopa ruukkuun. Kuvaillaan yhdeksi maukkaimmista mulpereista, hienon arominsa vuoksi. Marjoista voi tulla suuria, 3-4cm pitki\u00e4. Eritt\u00e4in pitk\u00e4st\u00e4 satokaudesta voi nauttia koko loppukes\u00e4n ja syksyn ajan. Lehdist\u00e4 voi keitt\u00e4\u00e4 teet\u00e4, mik\u00e4 on suosittua Aasiassa. Vaatii l\u00e4mpim\u00e4n, kunnolla aurinkoisen, tuulensuojaisen paikan ja l\u00e4p\u00e4isevan maapohjan paksulla ruokamultakerroksella, jotta viihtyy ulkona, mutta selviytyy karummilla paikoilla, kuin monet muut mulperit.<\/p>\n<p><strong>Vy\u00f6hyke: <\/strong>FI 1-3?. SE 1-4?<br \/>\n<strong>Korkeus:<\/strong> 1,5-2,5 m<\/p>","protected":false},"featured_media":0,"template":"","meta":[],"product_brand":[],"product_cat":[248],"product_tag":[],"class_list":{"0":"post-10159","1":"product","2":"type-product","3":"status-publish","5":"product_cat-barvaxter","6":"product_shipping_class-postpaket","8":"first","9":"instock","10":"taxable","11":"shipping-taxable","12":"purchasable","13":"product-type-simple"},"_links":{"self":[{"href":"https:\/\/www3.blomqvistplantskola.com\/fi\/wp-json\/wp\/v2\/product\/10159","targetHints":{"allow":["GET"]}}],"collection":[{"href":"https:\/\/www3.blomqvistplantskola.com\/fi\/wp-json\/wp\/v2\/product"}],"about":[{"href":"https:\/\/www3.blomqvistplantskola.com\/fi\/wp-json\/wp\/v2\/types\/product"}],"wp:attachment":[{"href":"https:\/\/www3.blomqvistplantskola.com\/fi\/wp-json\/wp\/v2\/media?parent=10159"}],"wp:term":[{"taxonomy":"product_brand","embeddable":true,"href":"https:\/\/www3.blomqvistplantskola.com\/fi\/wp-json\/wp\/v2\/product_brand?post=10159"},{"taxonomy":"product_cat","embeddable":true,"href":"https:\/\/www3.blomqvistplantskola.com\/fi\/wp-json\/wp\/v2\/product_cat?post=10159"},{"taxonomy":"product_tag","embeddable":true,"href":"https:\/\/www3.blomqvistplantskola.com\/fi\/wp-json\/wp\/v2\/product_tag?post=10159"}],"curies":[{"name":"wp","href":"https:\/\/api.w.org\/{rel}","templated":true}]}}