{"id":10162,"date":"2026-03-13T14:23:54","date_gmt":"2026-03-13T12:23:54","guid":{"rendered":"https:\/\/www3.blomqvistplantskola.com\/?post_type=product&#038;p=10162"},"modified":"2026-03-13T14:23:54","modified_gmt":"2026-03-13T12:23:54","slug":"adelsyrensyringa-vulgaris-michael-buchner","status":"publish","type":"product","link":"https:\/\/www3.blomqvistplantskola.com\/fi\/product\/adelsyrensyringa-vulgaris-michael-buchner\/","title":{"rendered":"<b>Jalosyreeni<\/b><br>Syringa vulgaris `Michel Buchner\u00b4"},"content":{"rendered":"<p>Taimi 2 litran ruukussa.<\/p>","protected":false},"excerpt":{"rendered":"<p>Upea syreeni, jolla huumaava, mutta hyv\u00e4 tuoksu kukinnan aikaan. Suuret punavioletit nuput avautuvat kauniiksi kerrotuiksi kukiksi, joiden puna-lilan v\u00e4ri vaalenee my\u00f6hemmin. Kukkatertut suuntautuvat yl\u00e4viistoon ja ovat tiheit\u00e4. Lehdet suuret ja kauniin  kiilt\u00e4v\u00e4t. Viihtyy parhaiten ravinteikkaassa, multavassa, l\u00e4p\u00e4isev\u00e4ss\u00e4 ja kalkitussa maassa aurinkoisella paikalla.<\/p>\n<p><strong>Vy\u00f6hyke: <\/strong>FI 1-2(3). SE 1-3.<br \/>\n<strong>Korkeus: <\/strong>2-3 m<\/p>\n<p>&nbsp;<\/p>\n<p><span style=\"font-family: Arial, serif;\"><span style=\"font-size: medium;\">\u00a0<\/span><\/span><\/p>","protected":false},"featured_media":0,"template":"","meta":[],"product_brand":[],"product_cat":[253],"product_tag":[],"class_list":{"0":"post-10162","1":"product","2":"type-product","3":"status-publish","5":"product_cat-prydnadsbuskar","6":"product_shipping_class-postpaket","8":"first","9":"instock","10":"taxable","11":"shipping-taxable","12":"purchasable","13":"product-type-simple"},"_links":{"self":[{"href":"https:\/\/www3.blomqvistplantskola.com\/fi\/wp-json\/wp\/v2\/product\/10162","targetHints":{"allow":["GET"]}}],"collection":[{"href":"https:\/\/www3.blomqvistplantskola.com\/fi\/wp-json\/wp\/v2\/product"}],"about":[{"href":"https:\/\/www3.blomqvistplantskola.com\/fi\/wp-json\/wp\/v2\/types\/product"}],"wp:attachment":[{"href":"https:\/\/www3.blomqvistplantskola.com\/fi\/wp-json\/wp\/v2\/media?parent=10162"}],"wp:term":[{"taxonomy":"product_brand","embeddable":true,"href":"https:\/\/www3.blomqvistplantskola.com\/fi\/wp-json\/wp\/v2\/product_brand?post=10162"},{"taxonomy":"product_cat","embeddable":true,"href":"https:\/\/www3.blomqvistplantskola.com\/fi\/wp-json\/wp\/v2\/product_cat?post=10162"},{"taxonomy":"product_tag","embeddable":true,"href":"https:\/\/www3.blomqvistplantskola.com\/fi\/wp-json\/wp\/v2\/product_tag?post=10162"}],"curies":[{"name":"wp","href":"https:\/\/api.w.org\/{rel}","templated":true}]}}