{"id":10163,"date":"2026-03-13T14:23:54","date_gmt":"2026-03-13T12:23:54","guid":{"rendered":"https:\/\/www3.blomqvistplantskola.com\/?post_type=product&#038;p=10163"},"modified":"2026-04-09T23:33:49","modified_gmt":"2026-04-09T21:33:49","slug":"adelsyrensyringa-vulgaris-mme-lemoine","status":"publish","type":"product","link":"https:\/\/www3.blomqvistplantskola.com\/fi\/product\/adelsyrensyringa-vulgaris-mme-lemoine\/","title":{"rendered":"<b>Jalosyreeni<\/b><br>Syringa vulgaris `Mme Lemoine\u00b4"},"content":{"rendered":"<p>Taimi 2 litran ruukussa.<\/p>","protected":false},"excerpt":{"rendered":"<p>Tyk\u00e4tty vanha lajike, jolla hyv\u00e4ntuoksuiset kukat. Kukat ovat aluksi vihert\u00e4v\u00e4nvalkoiset, avautuessaan kerrotut ja puhtaanvalkoiset. Pensas on pystykasvuinen ja sen voi muotoilla monirunkoiseksi pikkupuuksi. Viihtyy parhaiten ravinteikkaassa, multavassa, l\u00e4p\u00e4isev\u00e4ss\u00e4 ja kalkitussa maassa aurinkoisella paikalla.<\/p>\n<p><strong>Vy\u00f6hyke: <\/strong>FI 1-3. SE 1-4.<br \/>\n<strong>Korkeus: <\/strong>2,5 &#8211; 3,5 m<\/p>\n<p>&nbsp;<\/p>\n<p><span style=\"font-family: Arial, serif;\"><span style=\"font-size: medium;\">\u00a0<\/span><\/span><\/p>","protected":false},"featured_media":0,"template":"","meta":[],"product_brand":[],"product_cat":[253],"product_tag":[],"class_list":{"0":"post-10163","1":"product","2":"type-product","3":"status-publish","5":"product_cat-prydnadsbuskar","6":"product_shipping_class-postpaket","8":"first","9":"instock","10":"taxable","11":"shipping-taxable","12":"purchasable","13":"product-type-simple"},"_links":{"self":[{"href":"https:\/\/www3.blomqvistplantskola.com\/fi\/wp-json\/wp\/v2\/product\/10163","targetHints":{"allow":["GET"]}}],"collection":[{"href":"https:\/\/www3.blomqvistplantskola.com\/fi\/wp-json\/wp\/v2\/product"}],"about":[{"href":"https:\/\/www3.blomqvistplantskola.com\/fi\/wp-json\/wp\/v2\/types\/product"}],"wp:attachment":[{"href":"https:\/\/www3.blomqvistplantskola.com\/fi\/wp-json\/wp\/v2\/media?parent=10163"}],"wp:term":[{"taxonomy":"product_brand","embeddable":true,"href":"https:\/\/www3.blomqvistplantskola.com\/fi\/wp-json\/wp\/v2\/product_brand?post=10163"},{"taxonomy":"product_cat","embeddable":true,"href":"https:\/\/www3.blomqvistplantskola.com\/fi\/wp-json\/wp\/v2\/product_cat?post=10163"},{"taxonomy":"product_tag","embeddable":true,"href":"https:\/\/www3.blomqvistplantskola.com\/fi\/wp-json\/wp\/v2\/product_tag?post=10163"}],"curies":[{"name":"wp","href":"https:\/\/api.w.org\/{rel}","templated":true}]}}