{"id":10164,"date":"2026-03-13T14:23:54","date_gmt":"2026-03-13T12:23:54","guid":{"rendered":"https:\/\/www3.blomqvistplantskola.com\/?post_type=product&#038;p=10164"},"modified":"2026-04-26T13:20:48","modified_gmt":"2026-04-26T11:20:48","slug":"adelsyrensyringa-vulgaris-andenken-an-ludwig-spath","status":"publish","type":"product","link":"https:\/\/www3.blomqvistplantskola.com\/fi\/product\/adelsyrensyringa-vulgaris-andenken-an-ludwig-spath\/","title":{"rendered":"<b>Jalosyreeni<\/b><br>Syringa vulgaris `Andenken an Ludwig Sp\u00e4th\u00b4"},"content":{"rendered":"<p>Taimi 2 litran ruukussa.<\/p>","protected":false},"excerpt":{"rendered":"<p>Eritt\u00e4in hyv\u00e4ntuoksuinen ja suosittu syreenilajike, jolla on jopa 30cm pitk\u00e4t, purppuranpunaiset\/lilat kukinnot. Pystykasvuinen, voidaan jopa muotoilla monirunkoiseksi pieneksi puuksi. Viihtyy parhaiten ravinteikkaassa, multavassa, l\u00e4p\u00e4isev\u00e4ss\u00e4 ja kalkitussa maassa aurinkoisella paikalla.<\/p>\n<p><strong>Vy\u00f6hyke: <\/strong>FI 1-3(4). SE 1-4.<br \/>\n<strong>Korkeus: <\/strong>3 &#8211; 5 m<\/p>\n<p>&nbsp;<\/p>\n<p><span style=\"font-family: Arial, serif;\"><span style=\"font-size: medium;\">\u00a0<\/span><\/span><\/p>","protected":false},"featured_media":0,"template":"","meta":[],"product_brand":[],"product_cat":[253],"product_tag":[],"class_list":{"0":"post-10164","1":"product","2":"type-product","3":"status-publish","5":"product_cat-prydnadsbuskar","6":"product_shipping_class-postpaket","8":"first","9":"instock","10":"taxable","11":"shipping-taxable","12":"purchasable","13":"product-type-simple"},"_links":{"self":[{"href":"https:\/\/www3.blomqvistplantskola.com\/fi\/wp-json\/wp\/v2\/product\/10164","targetHints":{"allow":["GET"]}}],"collection":[{"href":"https:\/\/www3.blomqvistplantskola.com\/fi\/wp-json\/wp\/v2\/product"}],"about":[{"href":"https:\/\/www3.blomqvistplantskola.com\/fi\/wp-json\/wp\/v2\/types\/product"}],"wp:attachment":[{"href":"https:\/\/www3.blomqvistplantskola.com\/fi\/wp-json\/wp\/v2\/media?parent=10164"}],"wp:term":[{"taxonomy":"product_brand","embeddable":true,"href":"https:\/\/www3.blomqvistplantskola.com\/fi\/wp-json\/wp\/v2\/product_brand?post=10164"},{"taxonomy":"product_cat","embeddable":true,"href":"https:\/\/www3.blomqvistplantskola.com\/fi\/wp-json\/wp\/v2\/product_cat?post=10164"},{"taxonomy":"product_tag","embeddable":true,"href":"https:\/\/www3.blomqvistplantskola.com\/fi\/wp-json\/wp\/v2\/product_tag?post=10164"}],"curies":[{"name":"wp","href":"https:\/\/api.w.org\/{rel}","templated":true}]}}