{"id":10168,"date":"2026-03-13T14:23:03","date_gmt":"2026-03-13T12:23:03","guid":{"rendered":"https:\/\/www3.blomqvistplantskola.com\/?post_type=product&#038;p=10168"},"modified":"2026-03-13T14:23:03","modified_gmt":"2026-03-13T12:23:03","slug":"smallspireaphysocarpus-opifolius-little-joker-hoogi021","status":"publish","type":"product","link":"https:\/\/www3.blomqvistplantskola.com\/fi\/product\/smallspireaphysocarpus-opifolius-little-joker-hoogi021\/","title":{"rendered":"<b>Heisiangervo<\/b><br>Physocarpus opifolius `Little Joker\u00b4 (\u00b4Hoogi021\u00b4)"},"content":{"rendered":"<p>Haaroittunut taimi 2 litran ruukussa.<\/p>","protected":false},"excerpt":{"rendered":"<p>Matala, tihe\u00e4 lajike, jolla pysty kasvutapa ja tihe\u00e4 oksisto. Sek\u00e4 itse pensas ett\u00e4 sen lehdet ovat pienemm\u00e4t, kuin muilla heisiangervoilla. Lehv\u00e4st\u00f6 on tumman purppuran v\u00e4rinen, mutta muuttuu syksyn aikana oranssinpunaiseksi\/ purppuraiseksi. Kukkii kes\u00e4kuun lopulla runsain, valko-roosan v\u00e4risin kukin, mik\u00e4 luo hienon kontrastin tummaa lehv\u00e4st\u00f6\u00e4 vasten. Syksyll\u00e4 muodostuvat siemenkodat ovat koristeellisia my\u00f6s talvella. Kauniit lehdet sopivat kukkakimppuihin. P\u00f6lytt\u00e4jien suosima. Hieno v\u00e4ripilkku puutarhassa ja ruukussa.<\/p>\n<p><strong>Vy\u00f6hyke: <\/strong>FI 1-3\/4. SE 1-4\/5.<br \/>\n<strong>Korkeus:<\/strong> 0,5-1 m<\/p>\n<p>&nbsp;<\/p>\n<p><span style=\"font-family: Arial, serif;\"><span style=\"font-size: medium;\">\u00a0<\/span><\/span><\/p>","protected":false},"featured_media":0,"template":"","meta":[],"product_brand":[],"product_cat":[253],"product_tag":[],"class_list":{"0":"post-10168","1":"product","2":"type-product","3":"status-publish","5":"product_cat-prydnadsbuskar","6":"product_shipping_class-postpaket","8":"first","9":"instock","10":"taxable","11":"shipping-taxable","12":"purchasable","13":"product-type-simple"},"_links":{"self":[{"href":"https:\/\/www3.blomqvistplantskola.com\/fi\/wp-json\/wp\/v2\/product\/10168","targetHints":{"allow":["GET"]}}],"collection":[{"href":"https:\/\/www3.blomqvistplantskola.com\/fi\/wp-json\/wp\/v2\/product"}],"about":[{"href":"https:\/\/www3.blomqvistplantskola.com\/fi\/wp-json\/wp\/v2\/types\/product"}],"wp:attachment":[{"href":"https:\/\/www3.blomqvistplantskola.com\/fi\/wp-json\/wp\/v2\/media?parent=10168"}],"wp:term":[{"taxonomy":"product_brand","embeddable":true,"href":"https:\/\/www3.blomqvistplantskola.com\/fi\/wp-json\/wp\/v2\/product_brand?post=10168"},{"taxonomy":"product_cat","embeddable":true,"href":"https:\/\/www3.blomqvistplantskola.com\/fi\/wp-json\/wp\/v2\/product_cat?post=10168"},{"taxonomy":"product_tag","embeddable":true,"href":"https:\/\/www3.blomqvistplantskola.com\/fi\/wp-json\/wp\/v2\/product_tag?post=10168"}],"curies":[{"name":"wp","href":"https:\/\/api.w.org\/{rel}","templated":true}]}}