{"id":10174,"date":"2026-03-13T14:08:32","date_gmt":"2026-03-13T12:08:32","guid":{"rendered":"https:\/\/www3.blomqvistplantskola.com\/?post_type=product&#038;p=10174"},"modified":"2026-04-13T08:02:12","modified_gmt":"2026-04-13T06:02:12","slug":"flader-sambucus-nigra","status":"publish","type":"product","link":"https:\/\/www3.blomqvistplantskola.com\/fi\/product\/flader-sambucus-nigra\/","title":{"rendered":"<b>Mustaselja <\/b><br>Sambucus nigra"},"content":{"rendered":"<p>Taimi 3 litran ruukussa, 2+ oksaa.<\/p>","protected":false},"excerpt":{"rendered":"<p>Toivottu pensas, jonka kukinnoista saa ihmeeellisen hyv\u00e4nmakuista mehua. Pensas, joka valitettavasti saa pohjoisempana usein talvivaurioita, eik\u00e4 t\u00e4m\u00e4n vuoksi kuki (kukkii edellisen vuoden versoilla). Mik\u00e4li kaikkia kukkkia ei poimita, muodostaa pensas mustia marjoja. Tyk\u00e4ttyyn seljankukkamehuun k\u00e4ytet\u00e4\u00e4n kuitenkin juuri suuret valkoiset kukinnot. Istutetaan suojaisaan, l\u00e4mpim\u00e4\u00e4n paikkaan. Ei tule sekoittaa myrkylliseen terttuseljaan, johon muodostuu koristeelliset punaiset marjat, ja joka on hyvin yleinen.<\/p>\n<p><strong>Vy\u00f6hyke: <\/strong>FI 1-2(3). SE 1-3.<br \/>\n<strong>Korkeus:<\/strong> 2 &#8211; 3 m<\/p>","protected":false},"featured_media":10257,"template":"","meta":[],"product_brand":[],"product_cat":[248,253],"product_tag":[],"class_list":{"0":"post-10174","1":"product","2":"type-product","3":"status-publish","4":"has-post-thumbnail","6":"product_cat-barvaxter","7":"product_cat-prydnadsbuskar","8":"product_shipping_class-postpaket","10":"first","11":"instock","12":"taxable","13":"shipping-taxable","14":"purchasable","15":"product-type-simple"},"_links":{"self":[{"href":"https:\/\/www3.blomqvistplantskola.com\/fi\/wp-json\/wp\/v2\/product\/10174","targetHints":{"allow":["GET"]}}],"collection":[{"href":"https:\/\/www3.blomqvistplantskola.com\/fi\/wp-json\/wp\/v2\/product"}],"about":[{"href":"https:\/\/www3.blomqvistplantskola.com\/fi\/wp-json\/wp\/v2\/types\/product"}],"wp:featuredmedia":[{"embeddable":true,"href":"https:\/\/www3.blomqvistplantskola.com\/fi\/wp-json\/wp\/v2\/media\/10257"}],"wp:attachment":[{"href":"https:\/\/www3.blomqvistplantskola.com\/fi\/wp-json\/wp\/v2\/media?parent=10174"}],"wp:term":[{"taxonomy":"product_brand","embeddable":true,"href":"https:\/\/www3.blomqvistplantskola.com\/fi\/wp-json\/wp\/v2\/product_brand?post=10174"},{"taxonomy":"product_cat","embeddable":true,"href":"https:\/\/www3.blomqvistplantskola.com\/fi\/wp-json\/wp\/v2\/product_cat?post=10174"},{"taxonomy":"product_tag","embeddable":true,"href":"https:\/\/www3.blomqvistplantskola.com\/fi\/wp-json\/wp\/v2\/product_tag?post=10174"}],"curies":[{"name":"wp","href":"https:\/\/api.w.org\/{rel}","templated":true}]}}