{"id":10175,"date":"2025-09-23T10:34:26","date_gmt":"2025-09-23T08:34:26","guid":{"rendered":"https:\/\/www3.blomqvistplantskola.com\/?post_type=product&#038;p=10175"},"modified":"2026-03-13T12:14:21","modified_gmt":"2026-03-13T10:14:21","slug":"luktpion-paeonia-lactiflora-cheddar-cheese","status":"publish","type":"product","link":"https:\/\/www3.blomqvistplantskola.com\/fi\/product\/luktpion-paeonia-lactiflora-cheddar-cheese\/","title":{"rendered":"<b>Luktpion <\/b><br>Paeonia lactiflora `Cheddar Cheese\u00b4"},"content":{"rendered":"<p><strong>Kukan v\u00e4ri:<\/strong> kr\u00e4mvit med ljusgult hj\u00e4rta<strong><br \/>\n<\/strong><strong>Kukinta-aika: <\/strong>medel<strong><br \/>\nKukan muoto: <\/strong>halvdubbel\/dubbel<strong><br \/>\n<\/strong><strong>Tuoksu:<\/strong> Ja<br \/>\n<strong>Korkeus: <\/strong>70 &#8211; 90 cm<br \/>\n<strong>Toimituskoko:<\/strong> 3\/5 \u00f6gon,\u00a0 barrot<br \/>\n<strong>Lukum\u00e4\u00e4r\u00e4\/paketti:<\/strong> 1 kpl<\/p>\n<p><strong>Obs! Leverans av barrotade pionr\u00f6tter sker fr\u00e5n v.42 eller s\u00e5 snart det \u00e4r m\u00f6jligt.<\/strong><\/p>","protected":false},"excerpt":{"rendered":"<p><span style=\"font-family: Arial, serif;\"><span style=\"font-size: medium;\">En pion med imponerande stora, fyllda blom i ljusgul till vitt. Blomman kan bli 20 cm i diameter och har en mycket behaglig doft. En vacker buskformad sort som producerar vackra blom b\u00e5de till snitt och dekoration i tr\u00e4dg\u00e5rden.<\/span><\/span><\/p>\n<p><span style=\"font-family: Arial, serif;\"><span style=\"font-size: medium;\">\u00a0<\/span><\/span><\/p>","protected":false},"featured_media":10399,"template":"","meta":[],"product_brand":[],"product_cat":[327],"product_tag":[],"class_list":{"0":"post-10175","1":"product","2":"type-product","3":"status-publish","4":"has-post-thumbnail","6":"product_cat-pioner","7":"product_shipping_class-postpaket","9":"first","10":"outofstock","11":"taxable","12":"shipping-taxable","13":"purchasable","14":"product-type-simple"},"_links":{"self":[{"href":"https:\/\/www3.blomqvistplantskola.com\/fi\/wp-json\/wp\/v2\/product\/10175","targetHints":{"allow":["GET"]}}],"collection":[{"href":"https:\/\/www3.blomqvistplantskola.com\/fi\/wp-json\/wp\/v2\/product"}],"about":[{"href":"https:\/\/www3.blomqvistplantskola.com\/fi\/wp-json\/wp\/v2\/types\/product"}],"wp:featuredmedia":[{"embeddable":true,"href":"https:\/\/www3.blomqvistplantskola.com\/fi\/wp-json\/wp\/v2\/media\/10399"}],"wp:attachment":[{"href":"https:\/\/www3.blomqvistplantskola.com\/fi\/wp-json\/wp\/v2\/media?parent=10175"}],"wp:term":[{"taxonomy":"product_brand","embeddable":true,"href":"https:\/\/www3.blomqvistplantskola.com\/fi\/wp-json\/wp\/v2\/product_brand?post=10175"},{"taxonomy":"product_cat","embeddable":true,"href":"https:\/\/www3.blomqvistplantskola.com\/fi\/wp-json\/wp\/v2\/product_cat?post=10175"},{"taxonomy":"product_tag","embeddable":true,"href":"https:\/\/www3.blomqvistplantskola.com\/fi\/wp-json\/wp\/v2\/product_tag?post=10175"}],"curies":[{"name":"wp","href":"https:\/\/api.w.org\/{rel}","templated":true}]}}