{"id":10181,"date":"2025-09-23T10:34:26","date_gmt":"2025-09-23T08:34:26","guid":{"rendered":"https:\/\/www3.blomqvistplantskola.com\/?post_type=product&#038;p=10181"},"modified":"2026-03-13T12:14:08","modified_gmt":"2026-03-13T10:14:08","slug":"luktpion-paeonia-hybrid-ellen-cowley","status":"publish","type":"product","link":"https:\/\/www3.blomqvistplantskola.com\/fi\/product\/luktpion-paeonia-hybrid-ellen-cowley\/","title":{"rendered":"<b>Luktpion <\/b><br>Paeonia hybrid `Ellen Cowley\u00b4"},"content":{"rendered":"<p><strong>Kukan v\u00e4ri:<\/strong> klarrosa<strong><br \/>\n<\/strong><strong>Kukinta-aika: <\/strong>tidig<strong><br \/>\nKukan muoto:<\/strong> puolikerrottu<strong><br \/>\n<\/strong><strong>Tuoksu:<\/strong> svag<br \/>\n<strong>Korkeus: <\/strong>70-80 cm<br \/>\n<strong>Toimituskoko:<\/strong> 3\/5 \u00f6gon,\u00a0 barrot<br \/>\n<strong>Lukum\u00e4\u00e4r\u00e4\/paketti:<\/strong> 1 kpl<\/p>\n<p><strong>Obs! Leverans av barrotade pionr\u00f6tter sker fr\u00e5n v.42 eller s\u00e5 snart det \u00e4r m\u00f6jligt.<\/strong><\/p>","protected":false},"excerpt":{"rendered":"<p>En sort som ger en riktig show under sin blomning. Massor med chockrosa till ljusr\u00f6da blom bildare en fin rosett som pryds i mitten av guldgula st\u00e5ndare. En kompakt planta med m\u00e5nga blom som passar utm\u00e4rkt b\u00e5de till snitt, i rabatt och massplanteringar.<\/p>\n<p><span style=\"font-family: Arial, serif;\"><span style=\"font-size: medium;\">\u00a0<\/span><\/span><\/p>","protected":false},"featured_media":10248,"template":"","meta":[],"product_brand":[],"product_cat":[327],"product_tag":[],"class_list":{"0":"post-10181","1":"product","2":"type-product","3":"status-publish","4":"has-post-thumbnail","6":"product_cat-pioner","7":"product_shipping_class-postpaket","9":"first","10":"outofstock","11":"taxable","12":"shipping-taxable","13":"purchasable","14":"product-type-simple"},"_links":{"self":[{"href":"https:\/\/www3.blomqvistplantskola.com\/fi\/wp-json\/wp\/v2\/product\/10181","targetHints":{"allow":["GET"]}}],"collection":[{"href":"https:\/\/www3.blomqvistplantskola.com\/fi\/wp-json\/wp\/v2\/product"}],"about":[{"href":"https:\/\/www3.blomqvistplantskola.com\/fi\/wp-json\/wp\/v2\/types\/product"}],"wp:featuredmedia":[{"embeddable":true,"href":"https:\/\/www3.blomqvistplantskola.com\/fi\/wp-json\/wp\/v2\/media\/10248"}],"wp:attachment":[{"href":"https:\/\/www3.blomqvistplantskola.com\/fi\/wp-json\/wp\/v2\/media?parent=10181"}],"wp:term":[{"taxonomy":"product_brand","embeddable":true,"href":"https:\/\/www3.blomqvistplantskola.com\/fi\/wp-json\/wp\/v2\/product_brand?post=10181"},{"taxonomy":"product_cat","embeddable":true,"href":"https:\/\/www3.blomqvistplantskola.com\/fi\/wp-json\/wp\/v2\/product_cat?post=10181"},{"taxonomy":"product_tag","embeddable":true,"href":"https:\/\/www3.blomqvistplantskola.com\/fi\/wp-json\/wp\/v2\/product_tag?post=10181"}],"curies":[{"name":"wp","href":"https:\/\/api.w.org\/{rel}","templated":true}]}}