{"id":10184,"date":"2025-07-11T13:40:35","date_gmt":"2025-07-11T11:40:35","guid":{"rendered":"https:\/\/www3.blomqvistplantskola.com\/?post_type=product&#038;p=10184"},"modified":"2026-03-13T12:04:16","modified_gmt":"2026-03-13T10:04:16","slug":"luktpion-paeonia-lactiflora-kansas","status":"publish","type":"product","link":"https:\/\/www3.blomqvistplantskola.com\/fi\/product\/luktpion-paeonia-lactiflora-kansas\/","title":{"rendered":"<b>Luktpion <\/b><br>Paeonia lactiflora `Kansas\u00b4"},"content":{"rendered":"<p><strong>Kukan v\u00e4ri:<\/strong> klarrosa<strong><br \/>\n<\/strong><strong>Kukinta-aika: <\/strong>sen\/medelsen<strong><br \/>\nKukan muoto: <\/strong>kerrottu<strong><br \/>\n<\/strong><strong>Tuoksu:<\/strong> Ja<br \/>\n<strong>Korkeus: <\/strong>80 &#8211; 90 cm<br \/>\n<strong>Toimituskoko:<\/strong> 5\/8 \u00f6gon,\u00a0 barrot<br \/>\n<strong>Lukum\u00e4\u00e4r\u00e4\/paketti:<\/strong> 1 kpl<\/p>","protected":false},"excerpt":{"rendered":"<p>En underbar, fylld, stor pionblomma med en intensiv r\u00f6drosa f\u00e4rg. Formen p\u00e5minner mycket om en ros. Kraftiga, stadiga stj\u00e4lkar med ett fint m\u00f6rkgr\u00f6nt bladverk. Frisk sort som anses vara en av de b\u00e4sta dubbla r\u00f6da pionerna som passar bra \u00e4ven till snitt.<\/p>\n<p><span style=\"font-family: Arial, serif;\"><span style=\"font-size: medium;\">\u00a0<\/span><\/span><\/p>","protected":false},"featured_media":10238,"template":"","meta":[],"product_brand":[],"product_cat":[327],"product_tag":[],"class_list":{"0":"post-10184","1":"product","2":"type-product","3":"status-publish","4":"has-post-thumbnail","6":"product_cat-pioner","7":"product_shipping_class-postpaket","9":"first","10":"outofstock","11":"taxable","12":"shipping-taxable","13":"purchasable","14":"product-type-simple"},"_links":{"self":[{"href":"https:\/\/www3.blomqvistplantskola.com\/fi\/wp-json\/wp\/v2\/product\/10184","targetHints":{"allow":["GET"]}}],"collection":[{"href":"https:\/\/www3.blomqvistplantskola.com\/fi\/wp-json\/wp\/v2\/product"}],"about":[{"href":"https:\/\/www3.blomqvistplantskola.com\/fi\/wp-json\/wp\/v2\/types\/product"}],"wp:featuredmedia":[{"embeddable":true,"href":"https:\/\/www3.blomqvistplantskola.com\/fi\/wp-json\/wp\/v2\/media\/10238"}],"wp:attachment":[{"href":"https:\/\/www3.blomqvistplantskola.com\/fi\/wp-json\/wp\/v2\/media?parent=10184"}],"wp:term":[{"taxonomy":"product_brand","embeddable":true,"href":"https:\/\/www3.blomqvistplantskola.com\/fi\/wp-json\/wp\/v2\/product_brand?post=10184"},{"taxonomy":"product_cat","embeddable":true,"href":"https:\/\/www3.blomqvistplantskola.com\/fi\/wp-json\/wp\/v2\/product_cat?post=10184"},{"taxonomy":"product_tag","embeddable":true,"href":"https:\/\/www3.blomqvistplantskola.com\/fi\/wp-json\/wp\/v2\/product_tag?post=10184"}],"curies":[{"name":"wp","href":"https:\/\/api.w.org\/{rel}","templated":true}]}}