{"id":10185,"date":"2025-07-11T13:41:27","date_gmt":"2025-07-11T11:41:27","guid":{"rendered":"https:\/\/www3.blomqvistplantskola.com\/?post_type=product&#038;p=10185"},"modified":"2026-03-13T12:04:21","modified_gmt":"2026-03-13T10:04:21","slug":"luktpion-paeonia-lactiflora-karl-rosenfield","status":"publish","type":"product","link":"https:\/\/www3.blomqvistplantskola.com\/fi\/product\/luktpion-paeonia-lactiflora-karl-rosenfield\/","title":{"rendered":"<b>Luktpion <\/b><br>Paeonia lactiflora `Karl Rosenfield\u00b4"},"content":{"rendered":"<p><strong>Kukan v\u00e4ri:<\/strong> karminr\u00f6d<strong><br \/>\n<\/strong><strong>Kukinta-aika: <\/strong>medel<strong><br \/>\nKukan muoto: <\/strong>dubbel\/halvdubbel<strong><br \/>\n<\/strong><strong>Tuoksu:<\/strong> Nej<br \/>\n<strong>Korkeus: <\/strong>80 &#8211; 90 cm<br \/>\n<strong>Toimituskoko:<\/strong> 5\/8 \u00f6gon,\u00a0 barrot<br \/>\n<strong>Lukum\u00e4\u00e4r\u00e4\/paketti:<\/strong> 1 kpl<\/p>","protected":false},"excerpt":{"rendered":"<p>En riktigt p\u00e5litlig klassiker med sina stora, karminr\u00f6da, halvfylld till fylld blom. Vackert guldgula st\u00e5ndare kan anas i mitten av kronbladen. Mycket rikblommande och frisk sort. Fungerar bra som snittblomma p\u00e5 starka stj\u00e4lkar.<\/p>","protected":false},"featured_media":10234,"template":"","meta":[],"product_brand":[],"product_cat":[327],"product_tag":[],"class_list":{"0":"post-10185","1":"product","2":"type-product","3":"status-publish","4":"has-post-thumbnail","6":"product_cat-pioner","7":"product_shipping_class-postpaket","9":"first","10":"outofstock","11":"taxable","12":"shipping-taxable","13":"purchasable","14":"product-type-simple"},"_links":{"self":[{"href":"https:\/\/www3.blomqvistplantskola.com\/fi\/wp-json\/wp\/v2\/product\/10185","targetHints":{"allow":["GET"]}}],"collection":[{"href":"https:\/\/www3.blomqvistplantskola.com\/fi\/wp-json\/wp\/v2\/product"}],"about":[{"href":"https:\/\/www3.blomqvistplantskola.com\/fi\/wp-json\/wp\/v2\/types\/product"}],"wp:featuredmedia":[{"embeddable":true,"href":"https:\/\/www3.blomqvistplantskola.com\/fi\/wp-json\/wp\/v2\/media\/10234"}],"wp:attachment":[{"href":"https:\/\/www3.blomqvistplantskola.com\/fi\/wp-json\/wp\/v2\/media?parent=10185"}],"wp:term":[{"taxonomy":"product_brand","embeddable":true,"href":"https:\/\/www3.blomqvistplantskola.com\/fi\/wp-json\/wp\/v2\/product_brand?post=10185"},{"taxonomy":"product_cat","embeddable":true,"href":"https:\/\/www3.blomqvistplantskola.com\/fi\/wp-json\/wp\/v2\/product_cat?post=10185"},{"taxonomy":"product_tag","embeddable":true,"href":"https:\/\/www3.blomqvistplantskola.com\/fi\/wp-json\/wp\/v2\/product_tag?post=10185"}],"curies":[{"name":"wp","href":"https:\/\/api.w.org\/{rel}","templated":true}]}}