{"id":10187,"date":"2025-09-23T10:34:25","date_gmt":"2025-09-23T08:34:25","guid":{"rendered":"https:\/\/www3.blomqvistplantskola.com\/?post_type=product&#038;p=10187"},"modified":"2026-03-13T12:13:59","modified_gmt":"2026-03-13T10:13:59","slug":"luktpion-paeonia-hybrid-many-happy-returns","status":"publish","type":"product","link":"https:\/\/www3.blomqvistplantskola.com\/fi\/product\/luktpion-paeonia-hybrid-many-happy-returns\/","title":{"rendered":"<b>Luktpion <\/b><br>Paeonia hybrid `Many Happy Returns\u00b4"},"content":{"rendered":"<p><strong>Blomf\u00e4rg:<\/strong> r\u00f6d<strong><br \/>\n<\/strong><strong>Blomningstid: <\/strong>medeltidig<strong><br \/>\nBlomform:<\/strong> dubbel<strong><br \/>\n<\/strong><strong>Doft: <\/strong>mild och s\u00f6t<br \/>\n<strong>Korkeus: <\/strong>80 cm<br \/>\n<strong>Leverans storlek:<\/strong> 5\/8 \u00f6gon,\u00a0 barrot<br \/>\n<strong>Antal\/paket:<\/strong> 1 st<\/p>\n<p><strong>Obs! Leverans av barrotade pionr\u00f6tter sker fr\u00e5n v.42 eller s\u00e5 snart de har avmognat och kan lyftas fr\u00e5n f\u00e4ltet.<\/strong><\/p>","protected":false},"excerpt":{"rendered":"<p><span style=\"font-family: Arial, serif;\"><span style=\"font-size: medium;\">En ovanlig sort med sin klara, varmr\u00f6da f\u00e4rg, som ibland ser n\u00e4stan eldr\u00f6d ut med sina svagt gula skiftningar i kronbladen. Formen kan variera fr\u00e5n anemon, fylld till bomdblom. Den r\u00f6da f\u00e4rgen h\u00e5ller sig bra under hela blomningen. Bladen \u00e4r l\u00e4tt v\u00e5giga och mera djup flikade \u00e4n andra pioner vilket g\u00f6r att den skiljer sig lite i utseende. Bra snittblomma som ej beh\u00f6ver st\u00f6ttas. En udda sort v\u00e4rd sin plats i pionrabatten.<\/span><\/span><\/p>\n<p><span style=\"font-family: Arial, serif;\"><span style=\"font-size: medium;\">\u00a0<\/span><\/span><\/p>","protected":false},"featured_media":10236,"template":"","meta":[],"product_brand":[],"product_cat":[327],"product_tag":[],"class_list":{"0":"post-10187","1":"product","2":"type-product","3":"status-publish","4":"has-post-thumbnail","6":"product_cat-pioner","7":"product_shipping_class-postpaket","9":"first","10":"outofstock","11":"taxable","12":"shipping-taxable","13":"purchasable","14":"product-type-simple"},"_links":{"self":[{"href":"https:\/\/www3.blomqvistplantskola.com\/fi\/wp-json\/wp\/v2\/product\/10187","targetHints":{"allow":["GET"]}}],"collection":[{"href":"https:\/\/www3.blomqvistplantskola.com\/fi\/wp-json\/wp\/v2\/product"}],"about":[{"href":"https:\/\/www3.blomqvistplantskola.com\/fi\/wp-json\/wp\/v2\/types\/product"}],"wp:featuredmedia":[{"embeddable":true,"href":"https:\/\/www3.blomqvistplantskola.com\/fi\/wp-json\/wp\/v2\/media\/10236"}],"wp:attachment":[{"href":"https:\/\/www3.blomqvistplantskola.com\/fi\/wp-json\/wp\/v2\/media?parent=10187"}],"wp:term":[{"taxonomy":"product_brand","embeddable":true,"href":"https:\/\/www3.blomqvistplantskola.com\/fi\/wp-json\/wp\/v2\/product_brand?post=10187"},{"taxonomy":"product_cat","embeddable":true,"href":"https:\/\/www3.blomqvistplantskola.com\/fi\/wp-json\/wp\/v2\/product_cat?post=10187"},{"taxonomy":"product_tag","embeddable":true,"href":"https:\/\/www3.blomqvistplantskola.com\/fi\/wp-json\/wp\/v2\/product_tag?post=10187"}],"curies":[{"name":"wp","href":"https:\/\/api.w.org\/{rel}","templated":true}]}}