{"id":10188,"date":"2025-09-23T10:34:25","date_gmt":"2025-09-23T08:34:25","guid":{"rendered":"https:\/\/www3.blomqvistplantskola.com\/?post_type=product&#038;p=10188"},"modified":"2026-03-13T12:13:48","modified_gmt":"2026-03-13T10:13:48","slug":"luktpion-paeonia-hybrid-moonrise","status":"publish","type":"product","link":"https:\/\/www3.blomqvistplantskola.com\/fi\/product\/luktpion-paeonia-hybrid-moonrise\/","title":{"rendered":"<b>Luktpion <\/b><br>Paeonia hybrid `Moonrise\u00b4"},"content":{"rendered":"<p><strong>Kukan v\u00e4ri:<\/strong> kr\u00e4mgul<strong><br \/>\n<\/strong><strong>Kukinta-aika: <\/strong>tidig<strong><br \/>\nKukan muoto:<\/strong> enkel<strong><br \/>\n<\/strong><strong>Tuoksu: <\/strong>nej<br \/>\n<strong>Korkeus: <\/strong>80-90 cm<br \/>\n<strong>Toimituskoko:<\/strong> 5\/8 \u00f6gon,\u00a0 barrot<br \/>\n<strong>Lukum\u00e4\u00e4r\u00e4\/paketti:<\/strong> 1 kpl<\/p>\n<p><strong>Obs! Leverans av barrotade pionr\u00f6tter sker fr\u00e5n v.42 eller s\u00e5 snart de har avmognat och kan lyftas fr\u00e5n f\u00e4ltet.<\/strong><\/p>","protected":false},"excerpt":{"rendered":"<p>En omtalad pion tackvare att den producerar rikligt med pollen och fr\u00f6n. Det g\u00f6r att den anv\u00e4nds flitigt inom pionf\u00f6r\u00e4dlingen och har gett upphov till korsningar som t.e.x.\u00a0 Pastelegance och\u00a0 Lemon Chiffon. Enkla, sidenskimrande kronblad i kr\u00e4mgult utvecklas ovanf\u00f6r ett ovanligt vackert bladverk. Stj\u00e4lkarna \u00e4r mycket stadiga s\u00e5 plantan beh\u00f6ver inte st\u00f6ttas. En snabbv\u00e4xande sort som bildar stora plantor som t\u00e4cks av ett hav av blommor med tiden. En mycket omtyckt snittblomma!<\/p>","protected":false},"featured_media":10237,"template":"","meta":[],"product_brand":[],"product_cat":[327],"product_tag":[],"class_list":{"0":"post-10188","1":"product","2":"type-product","3":"status-publish","4":"has-post-thumbnail","6":"product_cat-pioner","7":"product_shipping_class-postpaket","9":"first","10":"outofstock","11":"taxable","12":"shipping-taxable","13":"purchasable","14":"product-type-simple"},"_links":{"self":[{"href":"https:\/\/www3.blomqvistplantskola.com\/fi\/wp-json\/wp\/v2\/product\/10188","targetHints":{"allow":["GET"]}}],"collection":[{"href":"https:\/\/www3.blomqvistplantskola.com\/fi\/wp-json\/wp\/v2\/product"}],"about":[{"href":"https:\/\/www3.blomqvistplantskola.com\/fi\/wp-json\/wp\/v2\/types\/product"}],"wp:featuredmedia":[{"embeddable":true,"href":"https:\/\/www3.blomqvistplantskola.com\/fi\/wp-json\/wp\/v2\/media\/10237"}],"wp:attachment":[{"href":"https:\/\/www3.blomqvistplantskola.com\/fi\/wp-json\/wp\/v2\/media?parent=10188"}],"wp:term":[{"taxonomy":"product_brand","embeddable":true,"href":"https:\/\/www3.blomqvistplantskola.com\/fi\/wp-json\/wp\/v2\/product_brand?post=10188"},{"taxonomy":"product_cat","embeddable":true,"href":"https:\/\/www3.blomqvistplantskola.com\/fi\/wp-json\/wp\/v2\/product_cat?post=10188"},{"taxonomy":"product_tag","embeddable":true,"href":"https:\/\/www3.blomqvistplantskola.com\/fi\/wp-json\/wp\/v2\/product_tag?post=10188"}],"curies":[{"name":"wp","href":"https:\/\/api.w.org\/{rel}","templated":true}]}}