{"id":10189,"date":"2025-09-23T10:34:25","date_gmt":"2025-09-23T08:34:25","guid":{"rendered":"https:\/\/www3.blomqvistplantskola.com\/?post_type=product&#038;p=10189"},"modified":"2026-03-13T12:07:26","modified_gmt":"2026-03-13T10:07:26","slug":"luktpion-paeonia-lactiflora-peter-brand","status":"publish","type":"product","link":"https:\/\/www3.blomqvistplantskola.com\/fi\/product\/luktpion-paeonia-lactiflora-peter-brand\/","title":{"rendered":"<b>Luktpion <\/b><br>Paeonia lactiflora `Peter Brand\u00b4"},"content":{"rendered":"<p><strong>Blomf\u00e4rg:<\/strong> m\u00f6rkr\u00f6d<strong><br \/>\n<\/strong><strong>Blomningstid:<\/strong> medel\/sen<strong><br \/>\nBlomform: <\/strong>halvdubbel<strong><br \/>\n<\/strong><strong>Doft: <\/strong>nej<br \/>\n<strong>Korkeus: <\/strong>90 cm<br \/>\n<strong>Leverans storlek:<\/strong> 3\/5 \u00f6gon,\u00a0 barrot<br \/>\n<strong>Antal\/paket:<\/strong> 1 st<\/p>\n<p><strong>Obs! Leverans av barrotade pionr\u00f6tter sker fr\u00e5n v.42 eller s\u00e5 snart de har avmognat och kan lyftas fr\u00e5n f\u00e4ltet.<\/strong><\/p>","protected":false},"excerpt":{"rendered":"<p>En omtyckt pion med stora, m\u00f6rkt r\u00f6da, halvfyllda blommor som \u00e4r vacker till snitt. Kronbladen inne i blomman kan vara lite fransiga och ge ett fylligare utseende. Fint, m\u00f6rkgr\u00f6nt, gl\u00e4nsande bladverk och stadiga, raka stj\u00e4lkar. Kan bilda endel sidoknoppar. En vackert pion som pryder sin plats hela v\u00e4xts\u00e4songen. P\u00e5 mera vindutsatta platser kan plantan beh\u00f6va st\u00f6ttas.<\/p>","protected":false},"featured_media":10239,"template":"","meta":[],"product_brand":[],"product_cat":[327],"product_tag":[],"class_list":{"0":"post-10189","1":"product","2":"type-product","3":"status-publish","4":"has-post-thumbnail","6":"product_cat-pioner","7":"product_shipping_class-postpaket","9":"first","10":"outofstock","11":"taxable","12":"shipping-taxable","13":"purchasable","14":"product-type-simple"},"_links":{"self":[{"href":"https:\/\/www3.blomqvistplantskola.com\/fi\/wp-json\/wp\/v2\/product\/10189","targetHints":{"allow":["GET"]}}],"collection":[{"href":"https:\/\/www3.blomqvistplantskola.com\/fi\/wp-json\/wp\/v2\/product"}],"about":[{"href":"https:\/\/www3.blomqvistplantskola.com\/fi\/wp-json\/wp\/v2\/types\/product"}],"wp:featuredmedia":[{"embeddable":true,"href":"https:\/\/www3.blomqvistplantskola.com\/fi\/wp-json\/wp\/v2\/media\/10239"}],"wp:attachment":[{"href":"https:\/\/www3.blomqvistplantskola.com\/fi\/wp-json\/wp\/v2\/media?parent=10189"}],"wp:term":[{"taxonomy":"product_brand","embeddable":true,"href":"https:\/\/www3.blomqvistplantskola.com\/fi\/wp-json\/wp\/v2\/product_brand?post=10189"},{"taxonomy":"product_cat","embeddable":true,"href":"https:\/\/www3.blomqvistplantskola.com\/fi\/wp-json\/wp\/v2\/product_cat?post=10189"},{"taxonomy":"product_tag","embeddable":true,"href":"https:\/\/www3.blomqvistplantskola.com\/fi\/wp-json\/wp\/v2\/product_tag?post=10189"}],"curies":[{"name":"wp","href":"https:\/\/api.w.org\/{rel}","templated":true}]}}