{"id":10192,"date":"2025-07-11T13:50:58","date_gmt":"2025-07-11T11:50:58","guid":{"rendered":"https:\/\/www3.blomqvistplantskola.com\/?post_type=product&#038;p=10192"},"modified":"2026-03-13T12:06:34","modified_gmt":"2026-03-13T10:06:34","slug":"luktpion-paeonia-lactiflora-sarah-bernhardt","status":"publish","type":"product","link":"https:\/\/www3.blomqvistplantskola.com\/fi\/product\/luktpion-paeonia-lactiflora-sarah-bernhardt\/","title":{"rendered":"<b>Luktpion <\/b><br>Paeonia lactiflora `Sarah Bernhardt\u00b4"},"content":{"rendered":"<p><strong>Kukan v\u00e4ri:<\/strong> rosa<strong><br \/>\n<\/strong><strong>Kukinta-aika: <\/strong>medel\/sen<strong><br \/>\nKukan muoto: <\/strong>kerrottu<strong><br \/>\n<\/strong><strong>Tuoksu: <\/strong>svag<br \/>\n<strong>Korkeus: <\/strong>90 cm<br \/>\n<strong>Toimituskoko:<\/strong> 5\/8 \u00f6gon,\u00a0 barrot<br \/>\n<strong>Lukum\u00e4\u00e4r\u00e4\/paketti:<\/strong> 1 kpl<\/p>\n<p><strong>Obs! Leverans av barrotade pionr\u00f6tter sker fr\u00e5n v.42 eller s\u00e5 snart de har avmognat och kan lyftas fr\u00e5n f\u00e4ltet.<\/strong><\/p>","protected":false},"excerpt":{"rendered":"<p>En av v\u00e4rldens mest popul\u00e4ra pioner som de flesta har h\u00f6rt talas om och som ofta anv\u00e4nds som snittblomma. Plantan bildar massor med ljusrosa blom som kan ha m\u00f6rkare r\u00f6da inslag ute i kanterna. Blomf\u00e4rgen bleknar vackert n\u00e4r blomman \u00e5ldras. Blomman \u00e4r mycket stor och tung, vilket g\u00f6r att stj\u00e4lkarna beh\u00f6ver st\u00f6das h\u00f6gt upp. Bildar sidoknoppar.<\/p>\n<p><span style=\"font-family: Arial, serif;\"><span style=\"font-size: medium;\">\u00a0<\/span><\/span><\/p>","protected":false},"featured_media":10436,"template":"","meta":[],"product_brand":[],"product_cat":[327],"product_tag":[],"class_list":{"0":"post-10192","1":"product","2":"type-product","3":"status-publish","4":"has-post-thumbnail","6":"product_cat-pioner","7":"product_shipping_class-postpaket","9":"first","10":"outofstock","11":"taxable","12":"shipping-taxable","13":"purchasable","14":"product-type-simple"},"_links":{"self":[{"href":"https:\/\/www3.blomqvistplantskola.com\/fi\/wp-json\/wp\/v2\/product\/10192","targetHints":{"allow":["GET"]}}],"collection":[{"href":"https:\/\/www3.blomqvistplantskola.com\/fi\/wp-json\/wp\/v2\/product"}],"about":[{"href":"https:\/\/www3.blomqvistplantskola.com\/fi\/wp-json\/wp\/v2\/types\/product"}],"wp:featuredmedia":[{"embeddable":true,"href":"https:\/\/www3.blomqvistplantskola.com\/fi\/wp-json\/wp\/v2\/media\/10436"}],"wp:attachment":[{"href":"https:\/\/www3.blomqvistplantskola.com\/fi\/wp-json\/wp\/v2\/media?parent=10192"}],"wp:term":[{"taxonomy":"product_brand","embeddable":true,"href":"https:\/\/www3.blomqvistplantskola.com\/fi\/wp-json\/wp\/v2\/product_brand?post=10192"},{"taxonomy":"product_cat","embeddable":true,"href":"https:\/\/www3.blomqvistplantskola.com\/fi\/wp-json\/wp\/v2\/product_cat?post=10192"},{"taxonomy":"product_tag","embeddable":true,"href":"https:\/\/www3.blomqvistplantskola.com\/fi\/wp-json\/wp\/v2\/product_tag?post=10192"}],"curies":[{"name":"wp","href":"https:\/\/api.w.org\/{rel}","templated":true}]}}