{"id":10194,"date":"2025-09-23T10:34:25","date_gmt":"2025-09-23T08:34:25","guid":{"rendered":"https:\/\/www3.blomqvistplantskola.com\/?post_type=product&#038;p=10194"},"modified":"2026-03-13T12:07:09","modified_gmt":"2026-03-13T10:07:09","slug":"luktpion-paeonia-lactiflora-white-cup","status":"publish","type":"product","link":"https:\/\/www3.blomqvistplantskola.com\/fi\/product\/luktpion-paeonia-lactiflora-white-cup\/","title":{"rendered":"<b>Luktpion <\/b><br>Paeonia lactiflora `White Cup\u00b4"},"content":{"rendered":"<p><strong>Kukan v\u00e4ri:<\/strong> purpur\/vit, flerf\u00e4rgad<strong><br \/>\n<\/strong><strong>Kukinta-aika: <\/strong>medel\/sen<strong><br \/>\nKukan muoto: <\/strong>dubbel, japansk<strong><br \/>\n<\/strong><strong>Tuoksu: <\/strong>stark och s\u00f6t<br \/>\n<strong>Korkeus: <\/strong>90 cm<br \/>\n<strong>Toimituskoko:<\/strong> 3\/5 \u00f6gon,\u00a0 barrot<br \/>\n<strong>Lukum\u00e4\u00e4r\u00e4\/paketti:<\/strong> 1 kpl<\/p>\n<p><strong>Obs! Leverans av barrotade pionr\u00f6tter sker fr\u00e5n v.42 eller s\u00e5 snart de har avmognat och kan lyftas fr\u00e5n f\u00e4ltet.<\/strong><\/p>","protected":false},"excerpt":{"rendered":"<p>White Cap pionen \u00e4r en ovanlig och st\u00e5tligt blommande sort som bildar en kompakt buske. De stora anemonlikande (japansk sort), hallonr\u00f6da blommorna fylls av en spektakul\u00e4r mitt av massor med sm\u00e5 vitaktiga kronblad i ett h\u00e4rligt rufs. M\u00e5nga sidoknopppar f\u00f6rl\u00e4nger blomningen. M\u00f6rkgr\u00f6na blad och mycket stadiga stj\u00e4lkar, en av de stadigaste sorterna som bildar massor med blommande grenar. En fin och popul\u00e4r sort.<\/p>","protected":false},"featured_media":10243,"template":"","meta":[],"product_brand":[],"product_cat":[327],"product_tag":[],"class_list":{"0":"post-10194","1":"product","2":"type-product","3":"status-publish","4":"has-post-thumbnail","6":"product_cat-pioner","7":"product_shipping_class-postpaket","9":"first","10":"outofstock","11":"taxable","12":"shipping-taxable","13":"purchasable","14":"product-type-simple"},"_links":{"self":[{"href":"https:\/\/www3.blomqvistplantskola.com\/fi\/wp-json\/wp\/v2\/product\/10194","targetHints":{"allow":["GET"]}}],"collection":[{"href":"https:\/\/www3.blomqvistplantskola.com\/fi\/wp-json\/wp\/v2\/product"}],"about":[{"href":"https:\/\/www3.blomqvistplantskola.com\/fi\/wp-json\/wp\/v2\/types\/product"}],"wp:featuredmedia":[{"embeddable":true,"href":"https:\/\/www3.blomqvistplantskola.com\/fi\/wp-json\/wp\/v2\/media\/10243"}],"wp:attachment":[{"href":"https:\/\/www3.blomqvistplantskola.com\/fi\/wp-json\/wp\/v2\/media?parent=10194"}],"wp:term":[{"taxonomy":"product_brand","embeddable":true,"href":"https:\/\/www3.blomqvistplantskola.com\/fi\/wp-json\/wp\/v2\/product_brand?post=10194"},{"taxonomy":"product_cat","embeddable":true,"href":"https:\/\/www3.blomqvistplantskola.com\/fi\/wp-json\/wp\/v2\/product_cat?post=10194"},{"taxonomy":"product_tag","embeddable":true,"href":"https:\/\/www3.blomqvistplantskola.com\/fi\/wp-json\/wp\/v2\/product_tag?post=10194"}],"curies":[{"name":"wp","href":"https:\/\/api.w.org\/{rel}","templated":true}]}}