{"id":10195,"date":"2025-09-23T10:34:25","date_gmt":"2025-09-23T08:34:25","guid":{"rendered":"https:\/\/www3.blomqvistplantskola.com\/?post_type=product&#038;p=10195"},"modified":"2026-03-13T12:06:59","modified_gmt":"2026-03-13T10:06:59","slug":"itoh-pion-paeonia-itoh-hybr-bartzella","status":"publish","type":"product","link":"https:\/\/www3.blomqvistplantskola.com\/fi\/product\/itoh-pion-paeonia-itoh-hybr-bartzella\/","title":{"rendered":"<b>Itoh-pion <\/b><br>Paeonia itoh-hybr. `Bartzella\u00b4"},"content":{"rendered":"<p><strong>Kukan v\u00e4ri:<\/strong> gul<strong><br \/>\n<\/strong><strong>Kukinta-aika: <\/strong>medel<strong><br \/>\nKukan muoto: <\/strong>kerrottu<strong><br \/>\n<\/strong><strong>Tuoksu: <\/strong>mild, s\u00f6t<br \/>\n<strong>Korkeus: <\/strong>90 &#8211; 110 cm<br \/>\n<strong>Toimituskoko:<\/strong> 3\/5 \u00f6gon,\u00a0 barrot<br \/>\n<strong>Lukum\u00e4\u00e4r\u00e4\/paketti:<\/strong> 1 kpl<\/p>\n<p><strong>Obs! Leverans av barrotade pionr\u00f6tter sker fr\u00e5n v.42 eller s\u00e5 snart de har avmognat och kan lyftas fr\u00e5n f\u00e4ltet.<\/strong><\/p>","protected":false},"excerpt":{"rendered":"<p>En av de popul\u00e4raste och mest k\u00e4nda Itoh-pionerna. Itoh \u00e4r en korsning, en hybrid, av en \u00f6rtartad pion och en vedartad buskpion. Itoh-pionen \u00e4r h\u00e4rdig, har stadiga stj\u00e4lkar, \u00e4r frisk och f\u00e5r j\u00e4ttestora blom sent under pions\u00e4songen. Blommorna h\u00e5lls fina l\u00e4nge p\u00e5 starka stj\u00e4lkar. Blomman \u00e4r stor, fylld och varmt citrongul med ljusgula m\u00e4rken. Mycket rikblommande under l\u00e5ng tid. Bladverket f\u00e5r fin h\u00f6stf\u00e4rg. En idealisk tr\u00e4dg\u00e5rdspion.<\/p>","protected":false},"featured_media":10244,"template":"","meta":[],"product_brand":[],"product_cat":[327],"product_tag":[],"class_list":{"0":"post-10195","1":"product","2":"type-product","3":"status-publish","4":"has-post-thumbnail","6":"product_cat-pioner","7":"product_shipping_class-postpaket","9":"first","10":"outofstock","11":"taxable","12":"shipping-taxable","13":"purchasable","14":"product-type-simple"},"_links":{"self":[{"href":"https:\/\/www3.blomqvistplantskola.com\/fi\/wp-json\/wp\/v2\/product\/10195","targetHints":{"allow":["GET"]}}],"collection":[{"href":"https:\/\/www3.blomqvistplantskola.com\/fi\/wp-json\/wp\/v2\/product"}],"about":[{"href":"https:\/\/www3.blomqvistplantskola.com\/fi\/wp-json\/wp\/v2\/types\/product"}],"wp:featuredmedia":[{"embeddable":true,"href":"https:\/\/www3.blomqvistplantskola.com\/fi\/wp-json\/wp\/v2\/media\/10244"}],"wp:attachment":[{"href":"https:\/\/www3.blomqvistplantskola.com\/fi\/wp-json\/wp\/v2\/media?parent=10195"}],"wp:term":[{"taxonomy":"product_brand","embeddable":true,"href":"https:\/\/www3.blomqvistplantskola.com\/fi\/wp-json\/wp\/v2\/product_brand?post=10195"},{"taxonomy":"product_cat","embeddable":true,"href":"https:\/\/www3.blomqvistplantskola.com\/fi\/wp-json\/wp\/v2\/product_cat?post=10195"},{"taxonomy":"product_tag","embeddable":true,"href":"https:\/\/www3.blomqvistplantskola.com\/fi\/wp-json\/wp\/v2\/product_tag?post=10195"}],"curies":[{"name":"wp","href":"https:\/\/api.w.org\/{rel}","templated":true}]}}