{"id":10196,"date":"2025-09-23T10:34:25","date_gmt":"2025-09-23T08:34:25","guid":{"rendered":"https:\/\/www3.blomqvistplantskola.com\/?post_type=product&#038;p=10196"},"modified":"2026-03-13T12:06:48","modified_gmt":"2026-03-13T10:06:48","slug":"itoh-pion-paeonia-itoh-hybr-court-jester-intercontinental","status":"publish","type":"product","link":"https:\/\/www3.blomqvistplantskola.com\/fi\/product\/itoh-pion-paeonia-itoh-hybr-court-jester-intercontinental\/","title":{"rendered":"<b>Itoh-pion <\/b><br>Paeonia itoh-hybr. `Court Jester\u00b4 (Intercontinental)"},"content":{"rendered":"<p><strong>Kukan v\u00e4ri:<\/strong> r\u00f6dorange\/flerf\u00e4rgad<strong><br \/>\n<\/strong><strong>Kukinta-aika: <\/strong>medel<strong><br \/>\nKukan muoto: <\/strong>enkel<strong><br \/>\n<\/strong><strong>Tuoksu: <\/strong>kyll\u00e4<br \/>\n<strong>Korkeus:<\/strong> 80-90 cm<br \/>\n<strong>Toimituskoko:<\/strong> 3\/5 \u00f6gon,\u00a0 barrot<br \/>\n<strong>Lukum\u00e4\u00e4r\u00e4\/paketti:<\/strong> 1 kpl<\/p>\n<p><strong>Obs! Leverans av barrotade pionr\u00f6tter sker fr\u00e5n v.42 eller s\u00e5 snart de har avmognat och kan lyftas fr\u00e5n f\u00e4ltet.<\/strong><\/p>","protected":false},"excerpt":{"rendered":"<p><span style=\"font-family: Arial, serif;\"><span style=\"font-size: medium;\">En av de vackraste Itoh-pionerna tackvare sin spektakul\u00e4ra blomning. Blomman \u00e4r f\u00f6rst orange med aprikosa inslag i mitten samt m\u00f6rka basfl\u00e4ckar. Blomman bleknar till gr\u00e4ddgul som \u00e4ldre, men har kvar de dekorativa m\u00f6rkare inslagen (som p\u00e5 bilden). Bildar rikligt med sidoknoppar vilket g\u00f6r att blomningen f\u00f6rl\u00e4ngs, detta \u00e4r ovanligt f\u00f6r Itoh-pioner. Rekommenderas! Itoh \u00e4r en korsning, en hybrid, av en \u00f6rtartad pion och en vedartad buskpion. Itoh-pionen \u00e4r h\u00e4rdig, har stadiga stj\u00e4lkar, \u00e4r frisk och f\u00e5r blom sent under pions\u00e4songen.<\/span><\/span><\/p>","protected":false},"featured_media":10245,"template":"","meta":[],"product_brand":[],"product_cat":[327],"product_tag":[],"class_list":{"0":"post-10196","1":"product","2":"type-product","3":"status-publish","4":"has-post-thumbnail","6":"product_cat-pioner","7":"product_shipping_class-postpaket","9":"first","10":"outofstock","11":"taxable","12":"shipping-taxable","13":"purchasable","14":"product-type-simple"},"_links":{"self":[{"href":"https:\/\/www3.blomqvistplantskola.com\/fi\/wp-json\/wp\/v2\/product\/10196","targetHints":{"allow":["GET"]}}],"collection":[{"href":"https:\/\/www3.blomqvistplantskola.com\/fi\/wp-json\/wp\/v2\/product"}],"about":[{"href":"https:\/\/www3.blomqvistplantskola.com\/fi\/wp-json\/wp\/v2\/types\/product"}],"wp:featuredmedia":[{"embeddable":true,"href":"https:\/\/www3.blomqvistplantskola.com\/fi\/wp-json\/wp\/v2\/media\/10245"}],"wp:attachment":[{"href":"https:\/\/www3.blomqvistplantskola.com\/fi\/wp-json\/wp\/v2\/media?parent=10196"}],"wp:term":[{"taxonomy":"product_brand","embeddable":true,"href":"https:\/\/www3.blomqvistplantskola.com\/fi\/wp-json\/wp\/v2\/product_brand?post=10196"},{"taxonomy":"product_cat","embeddable":true,"href":"https:\/\/www3.blomqvistplantskola.com\/fi\/wp-json\/wp\/v2\/product_cat?post=10196"},{"taxonomy":"product_tag","embeddable":true,"href":"https:\/\/www3.blomqvistplantskola.com\/fi\/wp-json\/wp\/v2\/product_tag?post=10196"}],"curies":[{"name":"wp","href":"https:\/\/api.w.org\/{rel}","templated":true}]}}