{"id":10197,"date":"2025-07-11T13:57:33","date_gmt":"2025-07-11T11:57:33","guid":{"rendered":"https:\/\/www3.blomqvistplantskola.com\/?post_type=product&#038;p=10197"},"modified":"2026-03-13T12:06:43","modified_gmt":"2026-03-13T10:06:43","slug":"itoh-pion-paeonia-itoh-hybr-julia-rose-intercontinental","status":"publish","type":"product","link":"https:\/\/www3.blomqvistplantskola.com\/fi\/product\/itoh-pion-paeonia-itoh-hybr-julia-rose-intercontinental\/","title":{"rendered":"<b>Itoh-pion <\/b><br>Paeonia itoh-hybr. `Julia Rose\u00b4 (Intercontinental)"},"content":{"rendered":"<p><strong>Kukan v\u00e4ri: <\/strong>ljusrosa nyanser (inslag av aprikos och orange<strong>)<br \/>\n<\/strong><strong>Kukinta-aika: <\/strong>medel<strong><br \/>\nKukan muoto: <\/strong>enkel\/halvdubbel<strong><br \/>\n<\/strong><strong>Tuoksu: <\/strong>ja svag<br \/>\n<strong>Korkeus: <\/strong>80-100 cm<br \/>\n<strong>Toimituskoko:<\/strong> 3\/5 \u00f6gon,\u00a0 barrot<br \/>\n<strong>Lukum\u00e4\u00e4r\u00e4\/paketti:<\/strong> 1 kpl<\/p>","protected":false},"excerpt":{"rendered":"<p>Vacker och rikblommande pion som bildar en kompakt buske. F\u00e4rgnyanser g\u00f6r att den ser flerf\u00e4rgad ut och \u00e4r mycket sv\u00e5r att beskriva. Knopparna \u00e4r f\u00f6rst r\u00f6daktiga, men \u00f6verg\u00e5r i en uts\u00f6kt laxorange ton som mixas med kr\u00e4mgult och ljusrosa n\u00e4r blomman sl\u00e5r ut.\u00a0 Itoh \u00e4r en korsning, en hybrid, av en \u00f6rtartad pion och en vedartad buskpion. Itoh-pionen \u00e4r h\u00e4rdig, har stadiga stj\u00e4lkar, \u00e4r frisk och blom sent under pions\u00e4songen. En fantastisk sort!<\/p>\n<p><span style=\"font-family: Arial, serif;\"><span style=\"font-size: medium;\">\u00a0<\/span><\/span><\/p>","protected":false},"featured_media":10233,"template":"","meta":[],"product_brand":[],"product_cat":[327],"product_tag":[],"class_list":{"0":"post-10197","1":"product","2":"type-product","3":"status-publish","4":"has-post-thumbnail","6":"product_cat-pioner","7":"product_shipping_class-postpaket","9":"first","10":"outofstock","11":"taxable","12":"shipping-taxable","13":"purchasable","14":"product-type-simple"},"_links":{"self":[{"href":"https:\/\/www3.blomqvistplantskola.com\/fi\/wp-json\/wp\/v2\/product\/10197","targetHints":{"allow":["GET"]}}],"collection":[{"href":"https:\/\/www3.blomqvistplantskola.com\/fi\/wp-json\/wp\/v2\/product"}],"about":[{"href":"https:\/\/www3.blomqvistplantskola.com\/fi\/wp-json\/wp\/v2\/types\/product"}],"wp:featuredmedia":[{"embeddable":true,"href":"https:\/\/www3.blomqvistplantskola.com\/fi\/wp-json\/wp\/v2\/media\/10233"}],"wp:attachment":[{"href":"https:\/\/www3.blomqvistplantskola.com\/fi\/wp-json\/wp\/v2\/media?parent=10197"}],"wp:term":[{"taxonomy":"product_brand","embeddable":true,"href":"https:\/\/www3.blomqvistplantskola.com\/fi\/wp-json\/wp\/v2\/product_brand?post=10197"},{"taxonomy":"product_cat","embeddable":true,"href":"https:\/\/www3.blomqvistplantskola.com\/fi\/wp-json\/wp\/v2\/product_cat?post=10197"},{"taxonomy":"product_tag","embeddable":true,"href":"https:\/\/www3.blomqvistplantskola.com\/fi\/wp-json\/wp\/v2\/product_tag?post=10197"}],"curies":[{"name":"wp","href":"https:\/\/api.w.org\/{rel}","templated":true}]}}