{"id":10216,"date":"2026-03-13T12:13:23","date_gmt":"2026-03-13T10:13:23","guid":{"rendered":"https:\/\/www3.blomqvistplantskola.com\/?post_type=product&#038;p=10216"},"modified":"2026-04-23T11:36:32","modified_gmt":"2026-04-23T09:36:32","slug":"jordgubbe-senga-sengana-3-stfragaria-x-ananassa-senga-sengana","status":"publish","type":"product","link":"https:\/\/www3.blomqvistplantskola.com\/fi\/product\/jordgubbe-senga-sengana-3-stfragaria-x-ananassa-senga-sengana\/","title":{"rendered":"<b>Mansikka Senga Sengana 3kpl, P11<\/b><br>Fragaria  x  ananassa ` Senga Sengana\u00b4"},"content":{"rendered":"<p>Viimein t\u00e4t\u00e4 saa taas! Pidetty vanha lajike, joka oli Suomessa aiemmin kaikista viljellyin. My\u00f6h\u00e4inen lajike, jolla suuret eritt\u00e4in maukkaat marjat, jotka sopivat niin tuorek\u00e4ytt\u00f6\u00f6n kuin pakastettavaksikin.. Kest\u00e4v\u00e4.<\/p>","protected":false},"excerpt":{"rendered":"<p><span style=\"font-family: Arial, serif;\"><span style=\"font-size: medium;\">Suuria jumbotaimia, jotka antavat hyv\u00e4n sadon jo samana kes\u00e4n\u00e4.<br \/>\nKysytty suosittu lajike suomalaisiin kotipuutarhoihin.<\/span><\/span><strong><span style=\"font-family: Arial, serif;\"><span style=\"font-size: medium;\"><br \/>\n<\/span><\/span><span style=\"font-family: Arial, serif;\"><span style=\"font-size: medium;\">3 st `Senga Sengana\u00b4<\/span><\/span><\/strong><span style=\"font-family: Arial, serif;\"><span style=\"font-size: medium;\"> p11<\/span><\/span><\/p>\n<p><span style=\"font-family: Arial, serif;\"><span style=\"font-size: medium;\">\u00a0<\/span><\/span><\/p>","protected":false},"featured_media":9270,"template":"","meta":[],"product_brand":[],"product_cat":[248,312],"product_tag":[],"class_list":{"0":"post-10216","1":"product","2":"type-product","3":"status-publish","4":"has-post-thumbnail","6":"product_cat-barvaxter","7":"product_cat-paketerbjudanden","8":"product_shipping_class-postpaket","10":"first","11":"instock","12":"sale","13":"taxable","14":"shipping-taxable","15":"purchasable","16":"product-type-simple"},"_links":{"self":[{"href":"https:\/\/www3.blomqvistplantskola.com\/fi\/wp-json\/wp\/v2\/product\/10216","targetHints":{"allow":["GET"]}}],"collection":[{"href":"https:\/\/www3.blomqvistplantskola.com\/fi\/wp-json\/wp\/v2\/product"}],"about":[{"href":"https:\/\/www3.blomqvistplantskola.com\/fi\/wp-json\/wp\/v2\/types\/product"}],"wp:featuredmedia":[{"embeddable":true,"href":"https:\/\/www3.blomqvistplantskola.com\/fi\/wp-json\/wp\/v2\/media\/9270"}],"wp:attachment":[{"href":"https:\/\/www3.blomqvistplantskola.com\/fi\/wp-json\/wp\/v2\/media?parent=10216"}],"wp:term":[{"taxonomy":"product_brand","embeddable":true,"href":"https:\/\/www3.blomqvistplantskola.com\/fi\/wp-json\/wp\/v2\/product_brand?post=10216"},{"taxonomy":"product_cat","embeddable":true,"href":"https:\/\/www3.blomqvistplantskola.com\/fi\/wp-json\/wp\/v2\/product_cat?post=10216"},{"taxonomy":"product_tag","embeddable":true,"href":"https:\/\/www3.blomqvistplantskola.com\/fi\/wp-json\/wp\/v2\/product_tag?post=10216"}],"curies":[{"name":"wp","href":"https:\/\/api.w.org\/{rel}","templated":true}]}}