{"id":10218,"date":"2026-03-13T12:13:23","date_gmt":"2026-03-13T10:13:23","guid":{"rendered":"https:\/\/www3.blomqvistplantskola.com\/?post_type=product&#038;p=10218"},"modified":"2026-04-17T07:40:20","modified_gmt":"2026-04-17T05:40:20","slug":"blabarstrypaket-honungsbarlonicera-c-aurora-blue-banana-gigants-heart","status":"publish","type":"product","link":"https:\/\/www3.blomqvistplantskola.com\/fi\/product\/blabarstrypaket-honungsbarlonicera-c-aurora-blue-banana-gigants-heart\/","title":{"rendered":"<b>MARJASINIKUUSAMAPAKETTI - Hunajamarja<\/b><br>Lonicera c. Aurora, Blue Banana, Gigant\u00b4s Heart<br>"},"content":{"rendered":"<p><strong>Aurora. <\/strong>Uusin kanadalaisista lajikkeista, vuodelta 2012. Pensas on korkeakasvuinen, mutta kapeahko. Marjat ovat suuria ja helposti poimittavia. Ne ovat eritt\u00e4in hyv\u00e4nmakuisia ja makeita, lis\u00e4ksi niiss\u00e4 on aavistuksen verran hapokkuutta. Sato kypsyy kes\u00e4kuun lopussa tai hein\u00e4kuun alussa, marjat eiv\u00e4t putoile helposti pensaista. Eritt\u00e4in runsassatoinen, jopa 5 kg\/pensas. Hyv\u00e4 p\u00f6lytt\u00e4j\u00e4lajike sek\u00e4 my\u00f6h\u00e4isemmille, ett\u00e4 aikaisemmille lajikkeille.<\/p>\n<p><strong>Blue Banana <\/strong>Uusi kanadalainen lajike, joka soveltuu erityisen hyvin itsepoimintaan. Lajike on keskiaikainen, marjat ovat pitki\u00e4 ja suuria, l\u00e4hes vailla hapokkuutta. Sokeripitoisuus on n.14%. T\u00e4m\u00e4n vuoksi saattaa tuntua, kuin lajike olisi kaikista makein, vaikka l\u00f6ytyy my\u00f6s lajikkeita, joiden sokeripitoisuus on korkeampi. Pensaasta tulee noin 1,5m korkea ja leve\u00e4.<\/p>\n<p><strong>Gigant\u00b4s Heart <\/strong>Todella uusi lajike Puolasta, kypsyy keskimy\u00f6h\u00e4\u00e4n. Marjat ovat 2,5-3cm pitki\u00e4, soikeita. Makeat, mehukkaat marjat, joiden makeudeksi on mitattu jopa 17 brix. Sadosta voi tulla suuri, jopa 3,6-4,5 kg\/ pemnsas. Pensaasta tulee n. 150x150cm.<\/p>\n<p>Kaikki valikoimamme lajikkeet ovat eritt\u00e4in kest\u00e4vi\u00e4 ja selvi\u00e4v\u00e4t vy\u00f6hykkeill\u00e4 FI 1-6 (Ruotsi 1-7).<br \/>\nSuuntaa-antava kuva monen lajikkeen paketista.<\/p>","protected":false},"excerpt":{"rendered":"<p><span style=\"font-family: Arial, serif;\"><span style=\"font-size: medium;\">Uusia makeita lajikkeita vailla kitker\u00e4\u00e4 j\u00e4lkimakua, soveltuvat yhdess\u00e4 istutettavaksi.<br \/>\n3 lajiketta, joilla hiukan eri kypsymisajankohta.<br \/>\n3-vuotiaita taimia 2 litran ruukussa.<br \/>\n<strong>1 kpl `Aurora\u00b4<\/strong><br \/>\n<strong>1 st `Gigant\u00b4s Heart\u00b4<\/strong><br \/>\n<strong>1 st `Blue Banana\u00b4<\/strong><\/span><\/span><\/p>","protected":false},"featured_media":4812,"template":"","meta":[],"product_brand":[],"product_cat":[248,312],"product_tag":[],"class_list":{"0":"post-10218","1":"product","2":"type-product","3":"status-publish","4":"has-post-thumbnail","6":"product_cat-barvaxter","7":"product_cat-paketerbjudanden","8":"product_shipping_class-postpaket","10":"first","11":"instock","12":"sale","13":"taxable","14":"shipping-taxable","15":"purchasable","16":"product-type-simple"},"_links":{"self":[{"href":"https:\/\/www3.blomqvistplantskola.com\/fi\/wp-json\/wp\/v2\/product\/10218","targetHints":{"allow":["GET"]}}],"collection":[{"href":"https:\/\/www3.blomqvistplantskola.com\/fi\/wp-json\/wp\/v2\/product"}],"about":[{"href":"https:\/\/www3.blomqvistplantskola.com\/fi\/wp-json\/wp\/v2\/types\/product"}],"wp:featuredmedia":[{"embeddable":true,"href":"https:\/\/www3.blomqvistplantskola.com\/fi\/wp-json\/wp\/v2\/media\/4812"}],"wp:attachment":[{"href":"https:\/\/www3.blomqvistplantskola.com\/fi\/wp-json\/wp\/v2\/media?parent=10218"}],"wp:term":[{"taxonomy":"product_brand","embeddable":true,"href":"https:\/\/www3.blomqvistplantskola.com\/fi\/wp-json\/wp\/v2\/product_brand?post=10218"},{"taxonomy":"product_cat","embeddable":true,"href":"https:\/\/www3.blomqvistplantskola.com\/fi\/wp-json\/wp\/v2\/product_cat?post=10218"},{"taxonomy":"product_tag","embeddable":true,"href":"https:\/\/www3.blomqvistplantskola.com\/fi\/wp-json\/wp\/v2\/product_tag?post=10218"}],"curies":[{"name":"wp","href":"https:\/\/api.w.org\/{rel}","templated":true}]}}