{"id":10411,"date":"2026-03-13T14:15:35","date_gmt":"2026-03-13T12:15:35","guid":{"rendered":"https:\/\/www3.blomqvistplantskola.com\/?post_type=product&#038;p=10411"},"modified":"2026-04-27T22:15:11","modified_gmt":"2026-04-27T20:15:11","slug":"choklad-buskkorsbarspoprunus-cerasus-chokoladnaja","status":"publish","type":"product","link":"https:\/\/www3.blomqvistplantskola.com\/fi\/product\/choklad-buskkorsbarspoprunus-cerasus-chokoladnaja\/","title":{"rendered":"<b>Suklaakirsikka<\/b>(ungsp\u00f6)<br>Prunus cerasus `Chokoladnaja\u00b4"},"content":{"rendered":"<p>Sp\u00f6planta i 9 cm kruka. Planth\u00f6jd ca. 50-75 cm, har ofta f\u00f6rgreningar.<\/p>","protected":false},"excerpt":{"rendered":"<p>Chokladk\u00f6rsb\u00e4r. S\u00f6tt, tidigt mognande buskk\u00f6rsb\u00e4r med mycket god, s\u00f6tsyrlig, kryddig arom. H\u00e4rdig. Sj\u00e4lvfertil. Blir ett l\u00e5gv\u00e4xande stamtr\u00e4d p\u00e5 egen rot. Sk\u00f6tselr\u00e5d medf\u00f6ljer.<br \/>\nFavorit p\u00e5 plantskolan!<\/p>\n<p><strong>Vy\u00f6hyke:<\/strong> FI 1-4(5). SE 1-6<br \/>\n<strong>Korkeus: <\/strong>2-2,5 m<\/p>","protected":false},"featured_media":5006,"template":"","meta":[],"product_brand":[],"product_cat":[189,243],"product_tag":[],"class_list":{"0":"post-10411","1":"product","2":"type-product","3":"status-publish","4":"has-post-thumbnail","6":"product_cat-frukttrad","7":"product_cat-korsbarstrad","8":"product_shipping_class-postpaket","10":"first","11":"instock","12":"taxable","13":"shipping-taxable","14":"purchasable","15":"product-type-simple"},"_links":{"self":[{"href":"https:\/\/www3.blomqvistplantskola.com\/fi\/wp-json\/wp\/v2\/product\/10411","targetHints":{"allow":["GET"]}}],"collection":[{"href":"https:\/\/www3.blomqvistplantskola.com\/fi\/wp-json\/wp\/v2\/product"}],"about":[{"href":"https:\/\/www3.blomqvistplantskola.com\/fi\/wp-json\/wp\/v2\/types\/product"}],"wp:featuredmedia":[{"embeddable":true,"href":"https:\/\/www3.blomqvistplantskola.com\/fi\/wp-json\/wp\/v2\/media\/5006"}],"wp:attachment":[{"href":"https:\/\/www3.blomqvistplantskola.com\/fi\/wp-json\/wp\/v2\/media?parent=10411"}],"wp:term":[{"taxonomy":"product_brand","embeddable":true,"href":"https:\/\/www3.blomqvistplantskola.com\/fi\/wp-json\/wp\/v2\/product_brand?post=10411"},{"taxonomy":"product_cat","embeddable":true,"href":"https:\/\/www3.blomqvistplantskola.com\/fi\/wp-json\/wp\/v2\/product_cat?post=10411"},{"taxonomy":"product_tag","embeddable":true,"href":"https:\/\/www3.blomqvistplantskola.com\/fi\/wp-json\/wp\/v2\/product_tag?post=10411"}],"curies":[{"name":"wp","href":"https:\/\/api.w.org\/{rel}","templated":true}]}}