{"id":10446,"date":"2026-03-13T14:23:03","date_gmt":"2026-03-13T12:23:03","guid":{"rendered":"https:\/\/www3.blomqvistplantskola.com\/?post_type=product&#038;p=10446"},"modified":"2026-04-13T21:00:41","modified_gmt":"2026-04-13T19:00:41","slug":"doftschersminphiladelphus-pearls-of-parfume","status":"publish","type":"product","link":"https:\/\/www3.blomqvistplantskola.com\/fi\/product\/doftschersminphiladelphus-pearls-of-parfume\/","title":{"rendered":"<b>Jasmike<\/b><br>Philadelphus `Pearls of Parfume\u00b4"},"content":{"rendered":"<p>Taimi 2 litran ruukussa.<\/p>","protected":false},"excerpt":{"rendered":"<p>Uutuus sek\u00e4 edellisvuoden ett\u00e4 saman vuoden versoilla kukkivien pensaiden joukossa, mik\u00e4 tarkoittaa, ett\u00e4 se saattaa kukkia kauden aikana my\u00f6hemmin viel\u00e4 uudestaan.P\u00e4\u00e4kukinta on kes\u00e4kuussa, kuten jasmikkeilla muutenkin. Kukkii suurin, t\u00e4ysin, valkoisin kukin. Kukilla on vahva, makea tuoksu, joka saattaa muistuttaa appelsiinin kukkaa.<\/p>\n<p><strong>Vy\u00f6hyke: <\/strong>FI 1 &#8211; 2\/3-. SE 1 &#8211; 3-.<br \/>\n<strong>Korkeus: <\/strong>\u00a01 &#8211; 1,2 m<\/p>\n<p>&nbsp;<\/p>\n<p><span style=\"font-family: Arial, serif;\"><span style=\"font-size: medium;\">\u00a0<\/span><\/span><\/p>","protected":false},"featured_media":0,"template":"","meta":[],"product_brand":[],"product_cat":[253],"product_tag":[],"class_list":{"0":"post-10446","1":"product","2":"type-product","3":"status-publish","5":"product_cat-prydnadsbuskar","6":"product_shipping_class-postpaket","8":"first","9":"instock","10":"taxable","11":"shipping-taxable","12":"purchasable","13":"product-type-simple"},"_links":{"self":[{"href":"https:\/\/www3.blomqvistplantskola.com\/fi\/wp-json\/wp\/v2\/product\/10446","targetHints":{"allow":["GET"]}}],"collection":[{"href":"https:\/\/www3.blomqvistplantskola.com\/fi\/wp-json\/wp\/v2\/product"}],"about":[{"href":"https:\/\/www3.blomqvistplantskola.com\/fi\/wp-json\/wp\/v2\/types\/product"}],"wp:attachment":[{"href":"https:\/\/www3.blomqvistplantskola.com\/fi\/wp-json\/wp\/v2\/media?parent=10446"}],"wp:term":[{"taxonomy":"product_brand","embeddable":true,"href":"https:\/\/www3.blomqvistplantskola.com\/fi\/wp-json\/wp\/v2\/product_brand?post=10446"},{"taxonomy":"product_cat","embeddable":true,"href":"https:\/\/www3.blomqvistplantskola.com\/fi\/wp-json\/wp\/v2\/product_cat?post=10446"},{"taxonomy":"product_tag","embeddable":true,"href":"https:\/\/www3.blomqvistplantskola.com\/fi\/wp-json\/wp\/v2\/product_tag?post=10446"}],"curies":[{"name":"wp","href":"https:\/\/api.w.org\/{rel}","templated":true}]}}