{"id":10447,"date":"2026-03-13T14:23:02","date_gmt":"2026-03-13T12:23:02","guid":{"rendered":"https:\/\/www3.blomqvistplantskola.com\/?post_type=product&#038;p=10447"},"modified":"2026-04-20T07:29:27","modified_gmt":"2026-04-20T05:29:27","slug":"schersminphiladelphus-petite-perfume-pink","status":"publish","type":"product","link":"https:\/\/www3.blomqvistplantskola.com\/fi\/product\/schersminphiladelphus-petite-perfume-pink\/","title":{"rendered":"<b>Jasmike<\/b><br>Philadelphus `Petite Perfume Pink\u00b4"},"content":{"rendered":"<p>Taimi 2 litran ruukussa.<\/p>","protected":false},"excerpt":{"rendered":"<p>Uusi jasmike, joka muodostaa tiiviin pensaan, josta tulee l\u00e4hes yht\u00e4 leve\u00e4 kuin korkeakin. Sen tunnistaa vaaleanpunaisista kukista, joissa on tummempi keskusta, piirre on ainutlaatuinen jasmikkeiden joukossa. Kukissa on vahva, miellytt\u00e4v\u00e4 tuoksu. Kukinta toukokuun loppu\/ kes\u00e4kuu, ja voi jatkua viikkoja, joidenkin l\u00e4hteiden mukaan jopa 6 viikkoa. Todellinen puutarhan kaunotar!<\/p>\n<p><strong>Vy\u00f6hyke:\u00a0 <\/strong>FI 1 &#8211; 3. SE 1-3\/4.<strong><br \/>\n<\/strong><strong>Korkeus: <\/strong>\u00a01 &#8211; 1,2 m<\/p>\n<p>&nbsp;<\/p>\n<p><span style=\"font-family: Arial, serif;\"><span style=\"font-size: medium;\">\u00a0<\/span><\/span><\/p>","protected":false},"featured_media":0,"template":"","meta":[],"product_brand":[],"product_cat":[253],"product_tag":[],"class_list":{"0":"post-10447","1":"product","2":"type-product","3":"status-publish","5":"product_cat-prydnadsbuskar","6":"product_shipping_class-postpaket","8":"first","9":"instock","10":"taxable","11":"shipping-taxable","12":"purchasable","13":"product-type-simple"},"_links":{"self":[{"href":"https:\/\/www3.blomqvistplantskola.com\/fi\/wp-json\/wp\/v2\/product\/10447","targetHints":{"allow":["GET"]}}],"collection":[{"href":"https:\/\/www3.blomqvistplantskola.com\/fi\/wp-json\/wp\/v2\/product"}],"about":[{"href":"https:\/\/www3.blomqvistplantskola.com\/fi\/wp-json\/wp\/v2\/types\/product"}],"wp:attachment":[{"href":"https:\/\/www3.blomqvistplantskola.com\/fi\/wp-json\/wp\/v2\/media?parent=10447"}],"wp:term":[{"taxonomy":"product_brand","embeddable":true,"href":"https:\/\/www3.blomqvistplantskola.com\/fi\/wp-json\/wp\/v2\/product_brand?post=10447"},{"taxonomy":"product_cat","embeddable":true,"href":"https:\/\/www3.blomqvistplantskola.com\/fi\/wp-json\/wp\/v2\/product_cat?post=10447"},{"taxonomy":"product_tag","embeddable":true,"href":"https:\/\/www3.blomqvistplantskola.com\/fi\/wp-json\/wp\/v2\/product_tag?post=10447"}],"curies":[{"name":"wp","href":"https:\/\/api.w.org\/{rel}","templated":true}]}}