{"id":10543,"date":"2026-03-13T14:23:02","date_gmt":"2026-03-13T12:23:02","guid":{"rendered":"https:\/\/www3.blomqvistplantskola.com\/?post_type=product&#038;p=10543"},"modified":"2026-03-13T14:23:02","modified_gmt":"2026-03-13T12:23:02","slug":"flickmagnoliamagnolia-betty","status":"publish","type":"product","link":"https:\/\/www3.blomqvistplantskola.com\/fi\/product\/flickmagnoliamagnolia-betty\/","title":{"rendered":"<b>Tytt\u00f6mangolia<\/b><br>Magnolia `Betty\u00b4"},"content":{"rendered":"<p>Kevyttaimi 12 cm:n ruukussa.<\/p>","protected":false},"excerpt":{"rendered":"<p>Pensas tai pieni puu, l\u00e4mpim\u00e4mmill\u00e4 vy\u00f6hykkeill\u00e4, jolla on ihastuttavat roosat kukat, jotka aukeavat kev\u00e4\u00e4ll\u00e4 ennen lehtien puhkeamista. T\u00e4hdenmuotoinen, tuoksuvat kukka. Kauniiden siemenkotien avautuessa n\u00e4kyv\u00e4t punaiset siemenet. Lehtiin muodostuu kaunis pronssinhohtoinen s\u00e4vy syksyll\u00e4. Varaa tuulensuojainen paikka, johon aurinko ei paahda, maan olisi hyv\u00e4 olla huokoista ja multavaa, pH matala. Magnolia on pintajuurinen, joten otathan t\u00e4m\u00e4n huomioon istutuksen ja hoidon yhteydess\u00e4.<br \/>\n<strong>Vy\u00f6hyke: <\/strong>FI 1-2\/3. SE 1-3\/4.<br \/>\n<strong>Korkeus:<\/strong> 1,5 &#8211; 3 m (l\u00e4gre zon 3-5 m)<\/p>\n<p>&nbsp;<\/p>\n<p><span style=\"font-family: Arial, serif;\"><span style=\"font-size: medium;\">\u00a0<\/span><\/span><\/p>","protected":false},"featured_media":0,"template":"","meta":[],"product_brand":[],"product_cat":[253],"product_tag":[],"class_list":{"0":"post-10543","1":"product","2":"type-product","3":"status-publish","5":"product_cat-prydnadsbuskar","6":"product_shipping_class-postpaket","8":"first","9":"instock","10":"taxable","11":"shipping-taxable","12":"purchasable","13":"product-type-simple"},"_links":{"self":[{"href":"https:\/\/www3.blomqvistplantskola.com\/fi\/wp-json\/wp\/v2\/product\/10543","targetHints":{"allow":["GET"]}}],"collection":[{"href":"https:\/\/www3.blomqvistplantskola.com\/fi\/wp-json\/wp\/v2\/product"}],"about":[{"href":"https:\/\/www3.blomqvistplantskola.com\/fi\/wp-json\/wp\/v2\/types\/product"}],"wp:attachment":[{"href":"https:\/\/www3.blomqvistplantskola.com\/fi\/wp-json\/wp\/v2\/media?parent=10543"}],"wp:term":[{"taxonomy":"product_brand","embeddable":true,"href":"https:\/\/www3.blomqvistplantskola.com\/fi\/wp-json\/wp\/v2\/product_brand?post=10543"},{"taxonomy":"product_cat","embeddable":true,"href":"https:\/\/www3.blomqvistplantskola.com\/fi\/wp-json\/wp\/v2\/product_cat?post=10543"},{"taxonomy":"product_tag","embeddable":true,"href":"https:\/\/www3.blomqvistplantskola.com\/fi\/wp-json\/wp\/v2\/product_tag?post=10543"}],"curies":[{"name":"wp","href":"https:\/\/api.w.org\/{rel}","templated":true}]}}