{"id":10657,"date":"2026-01-07T15:48:12","date_gmt":"2026-01-07T13:48:12","guid":{"rendered":"https:\/\/www3.blomqvistplantskola.com\/?post_type=product&#038;p=10657"},"modified":"2026-04-24T11:14:17","modified_gmt":"2026-04-24T09:14:17","slug":"puutarhan-marjat","status":"publish","type":"product","link":"https:\/\/www3.blomqvistplantskola.com\/fi\/product\/puutarhan-marjat\/","title":{"rendered":"<b>Puutarhan marjat<\/b>"},"content":{"rendered":"","protected":false},"excerpt":{"rendered":"<p><span style=\"color: #295218;\"><b><span class=\"EXTRA\">Suomalainen laaja marjakirja. *<\/span><\/b><\/span><\/p>\n<p>Leif Blomqvist, puutarhuri ja pomologi julkaisee kolmannen hy\u00f6tykasveihin liittyv\u00e4n kirjansa Puutarhan hedelm\u00e4puut. H\u00e4nen aikaisemmat kirjansa, Puutarhan marjat ja Pohjoisen marjat, olivat myyntimenestyksi\u00e4 sek\u00e4 Suomessa ett\u00e4 Ruotsissa.<\/p>","protected":false},"featured_media":5929,"template":"","meta":[],"product_brand":[],"product_cat":[257],"product_tag":[],"class_list":{"0":"post-10657","1":"product","2":"type-product","3":"status-publish","4":"has-post-thumbnail","6":"product_cat-bocker","7":"product_shipping_class-postpaket","9":"first","10":"instock","11":"sale","12":"taxable","13":"shipping-taxable","14":"purchasable","15":"product-type-simple"},"_links":{"self":[{"href":"https:\/\/www3.blomqvistplantskola.com\/fi\/wp-json\/wp\/v2\/product\/10657","targetHints":{"allow":["GET"]}}],"collection":[{"href":"https:\/\/www3.blomqvistplantskola.com\/fi\/wp-json\/wp\/v2\/product"}],"about":[{"href":"https:\/\/www3.blomqvistplantskola.com\/fi\/wp-json\/wp\/v2\/types\/product"}],"wp:featuredmedia":[{"embeddable":true,"href":"https:\/\/www3.blomqvistplantskola.com\/fi\/wp-json\/wp\/v2\/media\/5929"}],"wp:attachment":[{"href":"https:\/\/www3.blomqvistplantskola.com\/fi\/wp-json\/wp\/v2\/media?parent=10657"}],"wp:term":[{"taxonomy":"product_brand","embeddable":true,"href":"https:\/\/www3.blomqvistplantskola.com\/fi\/wp-json\/wp\/v2\/product_brand?post=10657"},{"taxonomy":"product_cat","embeddable":true,"href":"https:\/\/www3.blomqvistplantskola.com\/fi\/wp-json\/wp\/v2\/product_cat?post=10657"},{"taxonomy":"product_tag","embeddable":true,"href":"https:\/\/www3.blomqvistplantskola.com\/fi\/wp-json\/wp\/v2\/product_tag?post=10657"}],"curies":[{"name":"wp","href":"https:\/\/api.w.org\/{rel}","templated":true}]}}