{"id":10773,"date":"2026-02-12T15:49:25","date_gmt":"2026-02-12T13:49:25","guid":{"rendered":"https:\/\/www3.blomqvistplantskola.com\/?post_type=product&#038;p=10773"},"modified":"2026-03-31T11:31:02","modified_gmt":"2026-03-31T09:31:02","slug":"p60-appel-grundstam-5-st-10-12-mmmalus-domestica-p60","status":"publish","type":"product","link":"https:\/\/www3.blomqvistplantskola.com\/fi\/product\/p60-appel-grundstam-5-st-10-12-mmmalus-domestica-p60\/","title":{"rendered":"<b>P60 \u00e4ppel grundstam 5 st (10-12 mm)<\/b><br>Malus domestica `P60\u00b4"},"content":{"rendered":"<div class=\"x_elementToProof\" data-olk-copy-source=\"MessageBody\">- Hillittykasvuinen perusrunko<br \/>\n- Kasvaa vain noin 40% kokoiseksi verrattuna voimakaskasvuisiin perusrunkoihin.<br \/>\n- Antaa sadon nopeammin, kuin puu, joka on vartettu A2 perusrunkoon.<br \/>\n- Juuristo jonkin verran heikkokasvuinen, kasvi tarvitsee tukemista ja kastelua.<br \/>\n- Soveltuu s\u00e4leikk\u00f6puuksi<br \/>\n- P60 perusrunkoa k\u00e4ytet\u00e4\u00e4n ennen kaikkea Ruotsissa<br \/>\n- Leveys 2-3 m riippuen lajikkeesta ja paikasta<br \/>\n&#8211; FI zon 1-3 (4) Sverige zon 1-4 (5)<\/div>\n<p>Kaikki perusrunkomme ovat sertifioituja ja taatusti vapaita Erwiniasta (Tulipolte).<\/p>","protected":false},"excerpt":{"rendered":"<p>&nbsp;<\/p>\n<p><span style=\"font-family: Arial, serif;\"><span style=\"font-size: medium;\">\u00a0<\/span><\/span><\/p>","protected":false},"featured_media":5080,"template":"","meta":[],"product_brand":[],"product_cat":[250],"product_tag":[],"class_list":{"0":"post-10773","1":"product","2":"type-product","3":"status-publish","4":"has-post-thumbnail","6":"product_cat-grundstammar","7":"product_shipping_class-postpaket","9":"first","10":"instock","11":"taxable","12":"shipping-taxable","13":"purchasable","14":"product-type-simple"},"_links":{"self":[{"href":"https:\/\/www3.blomqvistplantskola.com\/fi\/wp-json\/wp\/v2\/product\/10773","targetHints":{"allow":["GET"]}}],"collection":[{"href":"https:\/\/www3.blomqvistplantskola.com\/fi\/wp-json\/wp\/v2\/product"}],"about":[{"href":"https:\/\/www3.blomqvistplantskola.com\/fi\/wp-json\/wp\/v2\/types\/product"}],"wp:featuredmedia":[{"embeddable":true,"href":"https:\/\/www3.blomqvistplantskola.com\/fi\/wp-json\/wp\/v2\/media\/5080"}],"wp:attachment":[{"href":"https:\/\/www3.blomqvistplantskola.com\/fi\/wp-json\/wp\/v2\/media?parent=10773"}],"wp:term":[{"taxonomy":"product_brand","embeddable":true,"href":"https:\/\/www3.blomqvistplantskola.com\/fi\/wp-json\/wp\/v2\/product_brand?post=10773"},{"taxonomy":"product_cat","embeddable":true,"href":"https:\/\/www3.blomqvistplantskola.com\/fi\/wp-json\/wp\/v2\/product_cat?post=10773"},{"taxonomy":"product_tag","embeddable":true,"href":"https:\/\/www3.blomqvistplantskola.com\/fi\/wp-json\/wp\/v2\/product_tag?post=10773"}],"curies":[{"name":"wp","href":"https:\/\/api.w.org\/{rel}","templated":true}]}}