{"id":10829,"date":"2026-02-26T17:50:05","date_gmt":"2026-02-26T15:50:05","guid":{"rendered":"https:\/\/www3.blomqvistplantskola.com\/?post_type=product&#038;p=10829"},"modified":"2026-03-20T13:23:40","modified_gmt":"2026-03-20T11:23:40","slug":"appel-grundstam-25-st-8-12mmmalus-domestica-antonovka-frogrundstam","status":"publish","type":"product","link":"https:\/\/www3.blomqvistplantskola.com\/fi\/product\/appel-grundstam-25-st-8-12mmmalus-domestica-antonovka-frogrundstam\/","title":{"rendered":"<b>\u00c4ppel grundstam 25 st (8-12mm)<\/b><br>Malus domestica `Antonovka fr\u00f6grundstam\u00b4"},"content":{"rendered":"<p>Kaikki perusrunkomme ovat sertifioituja ja taatusti vapaita Erwiniasta (Tulipolte).<br \/>\nPakkauksessa 25 kpl.<\/p>\n<p>M\u00e4\u00e4r\u00e4t yli 200 kpl tarjousten mukaan.<\/p>","protected":false},"excerpt":{"rendered":"<p>- Voimakaskasvuinen omenan perusrunko<br \/>\n- Uskotaan olevan talvenkest\u00e4vin omenan perusrunko Suomessa<br \/>\n- Suurikasvuinen, pitk\u00e4ik\u00e4inen puu<br \/>\n- Alkaa tuottaa satoa my\u00f6hemmin kuin k\u00e4\u00e4pi\u00f6runkoihin vartetut lajikkeet<br \/>\n- Tuottaa hyvin suhteessa puun kokoon.<br \/>\n- Hyv\u00e4 juuristo ja maakontakti<br \/>\n- Taimisto suosittelee. Perusrunko, jota k\u00e4yt\u00e4mme laajalti<br \/>\n- Leveys 10-12 m riippuen lajikkeesta ja paikasta<br \/>\n&#8211; FI zon 1-5\/6. SE zon 6\/7<\/p>","protected":false},"featured_media":3953,"template":"","meta":[],"product_brand":[],"product_cat":[250],"product_tag":[],"class_list":{"0":"post-10829","1":"product","2":"type-product","3":"status-publish","4":"has-post-thumbnail","6":"product_cat-grundstammar","7":"product_shipping_class-postpaket","9":"first","10":"outofstock","11":"taxable","12":"shipping-taxable","13":"purchasable","14":"product-type-simple"},"_links":{"self":[{"href":"https:\/\/www3.blomqvistplantskola.com\/fi\/wp-json\/wp\/v2\/product\/10829","targetHints":{"allow":["GET"]}}],"collection":[{"href":"https:\/\/www3.blomqvistplantskola.com\/fi\/wp-json\/wp\/v2\/product"}],"about":[{"href":"https:\/\/www3.blomqvistplantskola.com\/fi\/wp-json\/wp\/v2\/types\/product"}],"wp:featuredmedia":[{"embeddable":true,"href":"https:\/\/www3.blomqvistplantskola.com\/fi\/wp-json\/wp\/v2\/media\/3953"}],"wp:attachment":[{"href":"https:\/\/www3.blomqvistplantskola.com\/fi\/wp-json\/wp\/v2\/media?parent=10829"}],"wp:term":[{"taxonomy":"product_brand","embeddable":true,"href":"https:\/\/www3.blomqvistplantskola.com\/fi\/wp-json\/wp\/v2\/product_brand?post=10829"},{"taxonomy":"product_cat","embeddable":true,"href":"https:\/\/www3.blomqvistplantskola.com\/fi\/wp-json\/wp\/v2\/product_cat?post=10829"},{"taxonomy":"product_tag","embeddable":true,"href":"https:\/\/www3.blomqvistplantskola.com\/fi\/wp-json\/wp\/v2\/product_tag?post=10829"}],"curies":[{"name":"wp","href":"https:\/\/api.w.org\/{rel}","templated":true}]}}