{"id":10835,"date":"2026-03-13T14:08:32","date_gmt":"2026-03-13T12:08:32","guid":{"rendered":"https:\/\/www3.blomqvistplantskola.com\/?post_type=product&#038;p=10835"},"modified":"2026-04-25T13:00:40","modified_gmt":"2026-04-25T11:00:40","slug":"saskatoon-amerikansk-haggmispel-p9amelanchier-alnifolia-northline","status":"publish","type":"product","link":"https:\/\/www3.blomqvistplantskola.com\/fi\/product\/saskatoon-amerikansk-haggmispel-p9amelanchier-alnifolia-northline\/","title":{"rendered":"<b>Saskatoon - Marjatuomipihlaja P9<\/b><br>Amelanchier alnifolia `Northline\u00b4"},"content":{"rendered":"<p>Kevyttaimi \/ piiskataimi 9 cm:n ruukussa, 25+cm.<\/p>","protected":false},"excerpt":{"rendered":"<p>Pidetty runsasmarjainen, kest\u00e4v\u00e4 kanadalainen lajike, jolla makeat, hyv\u00e4t, aromikkaat marjat. Runsaasti valkoisia kukkia ja kaunis kasvutapa, mik\u00e4 tekee pensaasta koristeellisen. Marjat kypsyv\u00e4t v\u00e4hitellen ja sopivat mainiosti hyytel\u00f6ksi, kastikkeeksi, mehuksi ja hilloksi. Lajike kasvattaa melko runsaasti juuriversoja.Pensasta on kutsuttu my\u00f6s nimill\u00e4 Mustikkapuu ja Kanadan `viinimarja\u00b4.<\/p>\n<p><strong>Vy\u00f6hyke: <\/strong>FI 1-6. SE 1-7.<br \/>\n<strong>Korkeus: <\/strong>2,5-3 m<\/p>","protected":false},"featured_media":9267,"template":"","meta":[],"product_brand":[],"product_cat":[248],"product_tag":[],"class_list":{"0":"post-10835","1":"product","2":"type-product","3":"status-publish","4":"has-post-thumbnail","6":"product_cat-barvaxter","7":"product_shipping_class-postpaket","9":"first","10":"instock","11":"taxable","12":"shipping-taxable","13":"purchasable","14":"product-type-simple"},"_links":{"self":[{"href":"https:\/\/www3.blomqvistplantskola.com\/fi\/wp-json\/wp\/v2\/product\/10835","targetHints":{"allow":["GET"]}}],"collection":[{"href":"https:\/\/www3.blomqvistplantskola.com\/fi\/wp-json\/wp\/v2\/product"}],"about":[{"href":"https:\/\/www3.blomqvistplantskola.com\/fi\/wp-json\/wp\/v2\/types\/product"}],"wp:featuredmedia":[{"embeddable":true,"href":"https:\/\/www3.blomqvistplantskola.com\/fi\/wp-json\/wp\/v2\/media\/9267"}],"wp:attachment":[{"href":"https:\/\/www3.blomqvistplantskola.com\/fi\/wp-json\/wp\/v2\/media?parent=10835"}],"wp:term":[{"taxonomy":"product_brand","embeddable":true,"href":"https:\/\/www3.blomqvistplantskola.com\/fi\/wp-json\/wp\/v2\/product_brand?post=10835"},{"taxonomy":"product_cat","embeddable":true,"href":"https:\/\/www3.blomqvistplantskola.com\/fi\/wp-json\/wp\/v2\/product_cat?post=10835"},{"taxonomy":"product_tag","embeddable":true,"href":"https:\/\/www3.blomqvistplantskola.com\/fi\/wp-json\/wp\/v2\/product_tag?post=10835"}],"curies":[{"name":"wp","href":"https:\/\/api.w.org\/{rel}","templated":true}]}}