{"id":10836,"date":"2026-03-13T14:23:02","date_gmt":"2026-03-13T12:23:02","guid":{"rendered":"https:\/\/www3.blomqvistplantskola.com\/?post_type=product&#038;p=10836"},"modified":"2026-03-16T12:18:38","modified_gmt":"2026-03-16T10:18:38","slug":"berberisberberis-thunbergii-atropurpurea-nana","status":"publish","type":"product","link":"https:\/\/www3.blomqvistplantskola.com\/fi\/product\/berberisberberis-thunbergii-atropurpurea-nana\/","title":{"rendered":"<b>Purppurahappomarja<\/b><br>Berberis thunbergii `Atropurpurea Nana\u00b4"},"content":{"rendered":"<p>Haarottu kevyttaimi 9cm:n ruukussa.<\/p>","protected":false},"excerpt":{"rendered":"<p>Tiivis pieni pensas, jolla py\u00f6re\u00e4 kasvutapa, tummat viininpunaiset lehdet l\u00e4pi sesongin. Kes\u00e4ll\u00e4 keltaiset kukat, my\u00f6hemmin voi muodostua punertavat marjat. Eritt\u00e4in helppohoitoinen. Piikkinen, mutta siet\u00e4\u00e4 hyvin kuivuutta ja sopii hienosti katseenvangitsijaksi havukasvien sekaan tai kivikkoryhmiin. Kaunis syysv\u00e4ri.<\/p>\n<p><strong>Vy\u00f6hyke: <\/strong>FI 1-4. SE 1-5.<br \/>\n<strong>Korkeus:<\/strong> 0,3 m<\/p>\n<p>&nbsp;<\/p>\n<p><span style=\"font-family: Arial, serif;\"><span style=\"font-size: medium;\">\u00a0<\/span><\/span><\/p>","protected":false},"featured_media":0,"template":"","meta":[],"product_brand":[],"product_cat":[253],"product_tag":[],"class_list":{"0":"post-10836","1":"product","2":"type-product","3":"status-publish","5":"product_cat-prydnadsbuskar","6":"product_shipping_class-postpaket","8":"first","9":"instock","10":"taxable","11":"shipping-taxable","12":"purchasable","13":"product-type-simple"},"_links":{"self":[{"href":"https:\/\/www3.blomqvistplantskola.com\/fi\/wp-json\/wp\/v2\/product\/10836","targetHints":{"allow":["GET"]}}],"collection":[{"href":"https:\/\/www3.blomqvistplantskola.com\/fi\/wp-json\/wp\/v2\/product"}],"about":[{"href":"https:\/\/www3.blomqvistplantskola.com\/fi\/wp-json\/wp\/v2\/types\/product"}],"wp:attachment":[{"href":"https:\/\/www3.blomqvistplantskola.com\/fi\/wp-json\/wp\/v2\/media?parent=10836"}],"wp:term":[{"taxonomy":"product_brand","embeddable":true,"href":"https:\/\/www3.blomqvistplantskola.com\/fi\/wp-json\/wp\/v2\/product_brand?post=10836"},{"taxonomy":"product_cat","embeddable":true,"href":"https:\/\/www3.blomqvistplantskola.com\/fi\/wp-json\/wp\/v2\/product_cat?post=10836"},{"taxonomy":"product_tag","embeddable":true,"href":"https:\/\/www3.blomqvistplantskola.com\/fi\/wp-json\/wp\/v2\/product_tag?post=10836"}],"curies":[{"name":"wp","href":"https:\/\/api.w.org\/{rel}","templated":true}]}}