{"id":10837,"date":"2026-03-13T14:23:02","date_gmt":"2026-03-13T12:23:02","guid":{"rendered":"https:\/\/www3.blomqvistplantskola.com\/?post_type=product&#038;p=10837"},"modified":"2026-03-13T14:23:02","modified_gmt":"2026-03-13T12:23:02","slug":"buxbombuxus-sempervirens-osterbotten","status":"publish","type":"product","link":"https:\/\/www3.blomqvistplantskola.com\/fi\/product\/buxbombuxus-sempervirens-osterbotten\/","title":{"rendered":"<b>Puksipuu<\/b><br>Buxus sempervirens &#8221;\u00d6sterbotten&#8221;"},"content":{"rendered":"<p>Haaroittunut kevyttaimi 10cm:n ruukussa, 5-15 cm.<\/p>","protected":false},"excerpt":{"rendered":"<p>Tuntematon puksipuulajike, joka opn selvinnyt Pohjanmaan talvista jo noin 10 vuoden ajan ilman mainittavia talvivaurioita. Kasvaa eritt\u00e4in hitaasti, muitta muodostaa ajan my\u00f6t\u00e4 kauniin ikivihre\u00e4n pensaan. Voidaan muotoleikata, mutta kasvaa py\u00f6re\u00e4hk\u00f6ksi my\u00f6s ilman leikkuuta. Istutetaan tuulensuojaiseen puolivarjoisaan paikkaan, jossa se on suojassa kev\u00e4tauringolta (tai peittely kev\u00e4\u00e4ll\u00e4), l\u00e4p\u00e4isev\u00e4 ja kosteuttapid\u00e4tt\u00e4v\u00e4 maa. Erikoisuus testattavaksi k\u00e4rsiv\u00e4llisille.<\/p>\n<p><strong>Vy\u00f6hyke: <\/strong>FI 1-3? SE 1-4?<br \/>\n<strong>Korkeus:<\/strong> 1-1,5 m<\/p>\n<p>&nbsp;<\/p>\n<p><span style=\"font-family: Arial, serif;\"><span style=\"font-size: medium;\">\u00a0<\/span><\/span><\/p>","protected":false},"featured_media":0,"template":"","meta":[],"product_brand":[],"product_cat":[253],"product_tag":[],"class_list":{"0":"post-10837","1":"product","2":"type-product","3":"status-publish","5":"product_cat-prydnadsbuskar","6":"product_shipping_class-postpaket","8":"first","9":"instock","10":"taxable","11":"shipping-taxable","12":"purchasable","13":"product-type-simple"},"_links":{"self":[{"href":"https:\/\/www3.blomqvistplantskola.com\/fi\/wp-json\/wp\/v2\/product\/10837","targetHints":{"allow":["GET"]}}],"collection":[{"href":"https:\/\/www3.blomqvistplantskola.com\/fi\/wp-json\/wp\/v2\/product"}],"about":[{"href":"https:\/\/www3.blomqvistplantskola.com\/fi\/wp-json\/wp\/v2\/types\/product"}],"wp:attachment":[{"href":"https:\/\/www3.blomqvistplantskola.com\/fi\/wp-json\/wp\/v2\/media?parent=10837"}],"wp:term":[{"taxonomy":"product_brand","embeddable":true,"href":"https:\/\/www3.blomqvistplantskola.com\/fi\/wp-json\/wp\/v2\/product_brand?post=10837"},{"taxonomy":"product_cat","embeddable":true,"href":"https:\/\/www3.blomqvistplantskola.com\/fi\/wp-json\/wp\/v2\/product_cat?post=10837"},{"taxonomy":"product_tag","embeddable":true,"href":"https:\/\/www3.blomqvistplantskola.com\/fi\/wp-json\/wp\/v2\/product_tag?post=10837"}],"curies":[{"name":"wp","href":"https:\/\/api.w.org\/{rel}","templated":true}]}}