{"id":10840,"date":"2026-02-27T14:40:24","date_gmt":"2026-02-27T12:40:24","guid":{"rendered":"https:\/\/www3.blomqvistplantskola.com\/?post_type=product&#038;p=10840"},"modified":"2026-03-13T14:23:02","modified_gmt":"2026-03-13T12:23:02","slug":"benvedeuonymus-europaeus-red-cascade","status":"publish","type":"product","link":"https:\/\/www3.blomqvistplantskola.com\/fi\/product\/benvedeuonymus-europaeus-red-cascade\/","title":{"rendered":"<b>Euroopansorvarinpensas<\/b><br>Euonymus europaeus `Red Cascade\u00b4"},"content":{"rendered":"<p>Kevyttaimi 9 cm:n ruukussa.<\/p>","protected":false},"excerpt":{"rendered":"<p>Kaunis pensas, joka on upea sek\u00e4 yksitt\u00e4in ett\u00e4 pensamuodostelmissa. Leve\u00e4 kasvutapa, kauniit lehtisilmut sek\u00e4 oksat, joissa korkkimainen rakenne. Kukkii my\u00f6h\u00e4iskes\u00e4ll\u00e4 runsain, pienin, vaaleankeltaisin kukin. Syksyll\u00e4 koristeelliset punertavat\/oranssit hedelm\u00e4t ja kirjava syysv\u00e4ri, mik\u00e4li kasvaa avoimella\/aurinkoisella paikalla. Terve ja kest\u00e4v\u00e4 lajike.<\/p>\n<p><strong>Vy\u00f6hyke: <\/strong>FI 1-4. SE 1-5.<br \/>\n<strong>Korkeus: <\/strong>2,5-4 m<\/p>\n<p>&nbsp;<\/p>\n<p><span style=\"font-family: Arial, serif;\"><span style=\"font-size: medium;\">\u00a0<\/span><\/span><\/p>","protected":false},"featured_media":0,"template":"","meta":[],"product_brand":[],"product_cat":[253],"product_tag":[],"class_list":{"0":"post-10840","1":"product","2":"type-product","3":"status-publish","5":"product_cat-prydnadsbuskar","6":"product_shipping_class-postpaket","8":"first","9":"instock","10":"taxable","11":"shipping-taxable","12":"purchasable","13":"product-type-simple"},"_links":{"self":[{"href":"https:\/\/www3.blomqvistplantskola.com\/fi\/wp-json\/wp\/v2\/product\/10840","targetHints":{"allow":["GET"]}}],"collection":[{"href":"https:\/\/www3.blomqvistplantskola.com\/fi\/wp-json\/wp\/v2\/product"}],"about":[{"href":"https:\/\/www3.blomqvistplantskola.com\/fi\/wp-json\/wp\/v2\/types\/product"}],"wp:attachment":[{"href":"https:\/\/www3.blomqvistplantskola.com\/fi\/wp-json\/wp\/v2\/media?parent=10840"}],"wp:term":[{"taxonomy":"product_brand","embeddable":true,"href":"https:\/\/www3.blomqvistplantskola.com\/fi\/wp-json\/wp\/v2\/product_brand?post=10840"},{"taxonomy":"product_cat","embeddable":true,"href":"https:\/\/www3.blomqvistplantskola.com\/fi\/wp-json\/wp\/v2\/product_cat?post=10840"},{"taxonomy":"product_tag","embeddable":true,"href":"https:\/\/www3.blomqvistplantskola.com\/fi\/wp-json\/wp\/v2\/product_tag?post=10840"}],"curies":[{"name":"wp","href":"https:\/\/api.w.org\/{rel}","templated":true}]}}