{"id":10866,"date":"2026-03-13T12:13:22","date_gmt":"2026-03-13T10:13:22","guid":{"rendered":"https:\/\/www3.blomqvistplantskola.com\/?post_type=product&#038;p=10866"},"modified":"2026-04-26T18:40:20","modified_gmt":"2026-04-26T16:40:20","slug":"blabarstrypaket-honungsbar-5-olika-ungplant-p9lonicera-c-aurora-gigants-heart-vostorg-boreal-blizzard-honeybee","status":"publish","type":"product","link":"https:\/\/www3.blomqvistplantskola.com\/fi\/product\/blabarstrypaket-honungsbar-5-olika-ungplant-p9lonicera-c-aurora-gigants-heart-vostorg-boreal-blizzard-honeybee\/","title":{"rendered":"<b>MARJASINIKUUSAMAPAKETTI - Hunajamarja, 5 erilaista kevyttainta P9<\/b><br>Lonicera c. Aurora, Gigant\u00b4s Heart, Vostorg, Boreal Blizzard, Honeybee<br>"},"content":{"rendered":"<p><strong>Aurora. <\/strong>Uusin kanadalaisista lajikkeista, vuodelta 2012. Pensas on korkeakasvuinen, mutta kapeahko. Marjat ovat suuria ja helposti poimittavia. Ne ovat eritt\u00e4in hyv\u00e4nmakuisia ja makeita, lis\u00e4ksi niiss\u00e4 on aavistuksen verran hapokkuutta. Sato kypsyy kes\u00e4kuun lopussa tai hein\u00e4kuun alussa, marjat eiv\u00e4t putoile helposti pensaista. Eritt\u00e4in runsassatoinen, jopa 5 kg\/pensas. Hyv\u00e4 p\u00f6lytt\u00e4j\u00e4lajike sek\u00e4 my\u00f6h\u00e4isemmille, ett\u00e4 aikaisemmille lajikkeille.<\/p>\n<p><strong>Gigant\u00b4s Heart <\/strong>Todella uusi lajike Puolasta, kypsyy keskimy\u00f6h\u00e4\u00e4n. Marjat ovat 2,5-3cm pitki\u00e4, soikeita. Makeat, mehukkaat marjat, joiden makeudeksi on mitattu jopa 17 brix. Sadosta voi tulla suuri, jopa 3,6-4,5 kg\/ pemnsas. Pensaasta tulee n. 150x150cm.<\/p>\n<p><strong>Vostorg <\/strong>Ny rysk sort fr\u00e5n 2012. Mycket stora b\u00e4r (upptill 5 cm) som mognar i b\u00f6rjan av juli. Smaken \u00e4r v\u00e4lbalanserat s\u00f6t med en aning syra och mycket h\u00f6g sockerhalt. H\u00e5llbarheten p\u00e5 b\u00e4ren \u00e4r god d\u00e5 b\u00e4rskaftet l\u00e4mnar fast i b\u00e4ret vid sk\u00f6rd och skalet \u00e4r lite tjockare. Delikatessb\u00e4r som \u00e4ven passar f\u00f6r infrysning.<\/p>\n<p><strong>Honeybee <\/strong>Kanadalainen lajike, jolla on sylinterin muotoiset, makeanhappamat, mehukkaat ja herkulliset marjat. Eiv\u00e4t putoa pensaasta, vaan pysyv\u00e4t kiinni kunnes kuivuvat. Satoisa, 4-5 kg\/pensas. Kypsyy kes\u00e4kuun puoliv\u00e4liss\u00e4. Hyvin pidetty makutesteiss\u00e4. Ei itsep\u00f6lyttyv\u00e4, istutetaan toisen lajikkeen kanssa sadon saamiseksi.<\/p>\n<p><strong>Boreal Blizzard <\/strong>Uusi kanadalainen lajike, joka sek\u00e4 kukkii ett\u00e4 kypsyy my\u00f6hemmin, kuin \"tavalliset\" sinimarjakuusamat. Huolimatta siit\u00e4, ett\u00e4 kysess\u00e4 on kanadalainen risteytys, tulevat molemmat vanhemmat Ven\u00e4j\u00e4lt\u00e4.  Boreal Blizzard kuuluu samaan sarjaan, kuin Boreal Beauty ja Boreal Beast, mutta kypsyy hiukan niit\u00e4 aiemmin. Maku on makeanhapan ja marja keskisuuri.<\/p>\n<p>Kaikki valikoimamme lajikkeet ovat eritt\u00e4in kest\u00e4vi\u00e4 ja selvi\u00e4v\u00e4t vy\u00f6hykkeill\u00e4 FI 1-6 (Ruotsi 1-7).<br \/>\nSuuntaa-antava kuva monen lajikkeen paketista.<\/p>","protected":false},"excerpt":{"rendered":"<p><span style=\"font-family: Arial, serif;\"><span style=\"font-size: medium;\">Uusia makeita lajikkeita vailla kitker\u00e4\u00e4 j\u00e4lkimakua, soveltuvat yhdess\u00e4 istutettavaksi.<br \/>\n<strong><em>5 lajiketta<\/em><\/strong> , joilla hiukan eri kypsymisajankohta.<br \/>\n2-vuotiaita kevyttaimia 9 cm:n ruukussa.<br \/>\n<strong>1 st `Gigant\u00b4s Heart\u00b4<br \/>\n1 kpl `Aurora\u00b4<\/strong><br \/>\n<strong>1 st `Vostorg<\/strong>\u00b4<br \/>\n<strong>1 kpl `Honeybee\u00b4<br \/>\n1 st `Boreal Blizzard\u00b4<\/strong><\/span><\/span><\/p>","protected":false},"featured_media":4812,"template":"","meta":[],"product_brand":[],"product_cat":[248,312],"product_tag":[],"class_list":{"0":"post-10866","1":"product","2":"type-product","3":"status-publish","4":"has-post-thumbnail","6":"product_cat-barvaxter","7":"product_cat-paketerbjudanden","8":"product_shipping_class-postpaket","10":"first","11":"instock","12":"sale","13":"taxable","14":"shipping-taxable","15":"purchasable","16":"product-type-simple"},"_links":{"self":[{"href":"https:\/\/www3.blomqvistplantskola.com\/fi\/wp-json\/wp\/v2\/product\/10866","targetHints":{"allow":["GET"]}}],"collection":[{"href":"https:\/\/www3.blomqvistplantskola.com\/fi\/wp-json\/wp\/v2\/product"}],"about":[{"href":"https:\/\/www3.blomqvistplantskola.com\/fi\/wp-json\/wp\/v2\/types\/product"}],"wp:featuredmedia":[{"embeddable":true,"href":"https:\/\/www3.blomqvistplantskola.com\/fi\/wp-json\/wp\/v2\/media\/4812"}],"wp:attachment":[{"href":"https:\/\/www3.blomqvistplantskola.com\/fi\/wp-json\/wp\/v2\/media?parent=10866"}],"wp:term":[{"taxonomy":"product_brand","embeddable":true,"href":"https:\/\/www3.blomqvistplantskola.com\/fi\/wp-json\/wp\/v2\/product_brand?post=10866"},{"taxonomy":"product_cat","embeddable":true,"href":"https:\/\/www3.blomqvistplantskola.com\/fi\/wp-json\/wp\/v2\/product_cat?post=10866"},{"taxonomy":"product_tag","embeddable":true,"href":"https:\/\/www3.blomqvistplantskola.com\/fi\/wp-json\/wp\/v2\/product_tag?post=10866"}],"curies":[{"name":"wp","href":"https:\/\/api.w.org\/{rel}","templated":true}]}}