{"id":10867,"date":"2026-03-13T12:13:22","date_gmt":"2026-03-13T10:13:22","guid":{"rendered":"https:\/\/www3.blomqvistplantskola.com\/?post_type=product&#038;p=10867"},"modified":"2026-04-25T21:50:33","modified_gmt":"2026-04-25T19:50:33","slug":"blabarstrypaket-honungsbar-4-olika-ungplant-p9lonicera-c-aurora-boreal-blizzard-boreal-beauty-giants-heart","status":"publish","type":"product","link":"https:\/\/www3.blomqvistplantskola.com\/fi\/product\/blabarstrypaket-honungsbar-4-olika-ungplant-p9lonicera-c-aurora-boreal-blizzard-boreal-beauty-giants-heart\/","title":{"rendered":"<b>MARJASINIKUUSAMAPAKETTI - Hunajamarja, 4 erilaista kevyttainta P9<\/b><br>Lonicera c. Aurora, Boreal Blizzard, Boreal Beauty, Giant\u00b4s Heart"},"content":{"rendered":"<p><strong>Aurora. <\/strong>Uusin kanadalaisista lajikkeista, vuodelta 2012. Pensas on korkeakasvuinen, mutta kapeahko. Marjat ovat suuria ja helposti poimittavia. Ne ovat eritt\u00e4in hyv\u00e4nmakuisia ja makeita, lis\u00e4ksi niiss\u00e4 on aavistuksen verran hapokkuutta. Sato kypsyy kes\u00e4kuun lopussa tai hein\u00e4kuun alussa, marjat eiv\u00e4t putoile helposti pensaista. Eritt\u00e4in runsassatoinen, jopa 5 kg\/pensas. Hyv\u00e4 p\u00f6lytt\u00e4j\u00e4lajike sek\u00e4 my\u00f6h\u00e4isemmille, ett\u00e4 aikaisemmille lajikkeille.<\/p>\n<p><strong>Boreal Blizzard <\/strong>Ny kanadensisk sort som b\u00e5de mognar och blommar senare \u00e4n &#8221;vanligare&#8221; bl\u00e5b\u00e4rstryn. Trots att det \u00e4r en kanadensisk korsning, kommer b\u00e5da f\u00f6r\u00e4ldrarna fr\u00e5n Ryssland. Boreal Blizzard h\u00f6r till samma serie som Boreal Beauty och Boreal Beast, men mognar lite tidigare \u00e4n andra Boreal-sorter. Smaken \u00e4r s\u00f6tsyrlig och b\u00e4ren medelstora.<\/p>\n<p><strong>Boreal Beauty <\/strong>Ny kanadensisk sort som h\u00f6r till samma serie som Boreal Blizzard och Boreal Beast. Boreal sorter mognar 2-3 veckor senare \u00e4n &#8221;vanligare&#8221; bl\u00e5b\u00e4rstryssorter. B\u00e4ren \u00e4r stora, s\u00f6ta och med endast lite vinsyrlighet. B\u00e4ren \u00e4r riktigt stora, 2,7-3,7 g. B\u00e4ren skal \u00e4r tjockt varf\u00f6r h\u00e5llbarheten \u00e4r god. Mycket omtyckt i smaktester.<\/p>\n<p><strong>Giant\u00b4s Heart <\/strong>Todella uusi lajike Puolasta, kypsyy keskimy\u00f6h\u00e4\u00e4n. Marjat ovat 2,5-3cm pitki\u00e4, soikeita. Makeat, mehukkaat marjat, joiden makeudeksi on mitattu jopa 17 brix. Sadosta voi tulla suuri, jopa 3,6-4,5 kg\/ pemnsas. Pensaasta tulee n. 150x150cm.<\/p>\n<p>Kaikki valikoimamme lajikkeet ovat eritt\u00e4in kest\u00e4vi\u00e4 ja selvi\u00e4v\u00e4t vy\u00f6hykkeill\u00e4 FI 1-6 (Ruotsi 1-7).<br \/>\nSuuntaa-antava kuva monen lajikkeen paketista.<\/p>","protected":false},"excerpt":{"rendered":"<p><span style=\"font-family: Arial, serif;\" data-mce-style=\"font-family: Arial, serif;\"><span style=\"font-size: medium;\" data-mce-style=\"font-size: medium;\">Uusia makeita lajikkeita vailla kitker\u00e4\u00e4 j\u00e4lkimakua, soveltuvat yhdess\u00e4 istutettavaksi.<br \/><strong><em>4 lajiketta<\/em><\/strong> , joilla keskimy\u00f6h\u00e4inen \/ my\u00f6h\u00e4inen kypsymisaika.<br \/>2-vuotiaita kevyttaimia 9 cm:n ruukussa.<br \/><strong>1 st `Giant\u00b4s Heart\u00b4<br \/>1 kpl `Aurora\u00b4<\/strong><br \/><strong>1 kpl `Boreal Blizzard<\/strong>\u00b4<br \/><strong>1 kpl `Boreal Beauty\u00b4<\/strong><\/span><\/span><\/p>","protected":false},"featured_media":4812,"template":"","meta":[],"product_brand":[],"product_cat":[248,312],"product_tag":[],"class_list":{"0":"post-10867","1":"product","2":"type-product","3":"status-publish","4":"has-post-thumbnail","6":"product_cat-barvaxter","7":"product_cat-paketerbjudanden","8":"product_shipping_class-postpaket","10":"first","11":"instock","12":"sale","13":"taxable","14":"shipping-taxable","15":"purchasable","16":"product-type-simple"},"_links":{"self":[{"href":"https:\/\/www3.blomqvistplantskola.com\/fi\/wp-json\/wp\/v2\/product\/10867","targetHints":{"allow":["GET"]}}],"collection":[{"href":"https:\/\/www3.blomqvistplantskola.com\/fi\/wp-json\/wp\/v2\/product"}],"about":[{"href":"https:\/\/www3.blomqvistplantskola.com\/fi\/wp-json\/wp\/v2\/types\/product"}],"wp:featuredmedia":[{"embeddable":true,"href":"https:\/\/www3.blomqvistplantskola.com\/fi\/wp-json\/wp\/v2\/media\/4812"}],"wp:attachment":[{"href":"https:\/\/www3.blomqvistplantskola.com\/fi\/wp-json\/wp\/v2\/media?parent=10867"}],"wp:term":[{"taxonomy":"product_brand","embeddable":true,"href":"https:\/\/www3.blomqvistplantskola.com\/fi\/wp-json\/wp\/v2\/product_brand?post=10867"},{"taxonomy":"product_cat","embeddable":true,"href":"https:\/\/www3.blomqvistplantskola.com\/fi\/wp-json\/wp\/v2\/product_cat?post=10867"},{"taxonomy":"product_tag","embeddable":true,"href":"https:\/\/www3.blomqvistplantskola.com\/fi\/wp-json\/wp\/v2\/product_tag?post=10867"}],"curies":[{"name":"wp","href":"https:\/\/api.w.org\/{rel}","templated":true}]}}