{"id":10910,"date":"2026-03-13T12:13:22","date_gmt":"2026-03-13T10:13:22","guid":{"rendered":"https:\/\/www3.blomqvistplantskola.com\/?post_type=product&#038;p=10910"},"modified":"2026-04-18T10:10:27","modified_gmt":"2026-04-18T08:10:27","slug":"hardigt-startpaket-med-hallon-och-bjornbar-3-olika-sorter-4-plantor","status":"publish","type":"product","link":"https:\/\/www3.blomqvistplantskola.com\/fi\/product\/hardigt-startpaket-med-hallon-och-bjornbar-3-olika-sorter-4-plantor\/","title":{"rendered":"<b>KEST\u00c4V\u00c4 ALOITUSPAKETTI VADELMISTA JA KARHUNVADELMASTA <\/b><br>3 eri lajiketta, 4 tainta"},"content":{"rendered":"<p><strong>Rubus idaeus `Ottawa\u00b4<\/strong>\u00a0Yksi viljellyimmist\u00e4 vadelmalajikkeista Suomessa. Kotoisin Kanadasta. Marjat ovat kirkkaanpunaisia, melko suuria, pitk\u00e4nmallisia ja ne irtoavat helposti kannasta. Maku on makeanhapan ja mieto. Tekee v\u00e4hemm\u00e4n uusia versoja kuin Muskoka. Runsasmarjainen ja vastustuskykyinen versotautia vastaan. Sopii sek\u00e4 tuorek\u00e4ytt\u00f6\u00f6n ett\u00e4 pakastemarjaksi. Taimiv\u00e4li 50 cm. Vy\u00f6hyke: : FI 1-5. SE 1-6.<\/p>\n<p><strong>Rubus `Glencoe\u00b4<\/strong> Ep\u00e4tavanomainen lajike Skotlannista, jolla on sinivioletit vadelmat. Pensas on piikit\u00f6n, marjoissa runsaasti makua tavalliseen vadelmaan verrattuna. Mustavadelman ja tavallisen vadelman risteytys. Voimakaskasvuinen, pensasmainen.. Eritt\u00e4in pidetty taimistolla henkil\u00f6kunnan ja asiakkaiden keskuudessa. Kysytty lajike, jota harvoin l\u00f6ytyy!  FI vy\u00f6hyke 1 \u2013 4. SE vy\u00f6hyke 1 \u2013 5.<\/p>\n<p><strong>Rubus fruticosus `sibirisk\u00b4<\/strong>. Siperialainen runsasmarjainen lajike, jolla suuret, maukkaat marjat, upea aromi. Monien mielest\u00e4 paras karhunvadelma huolimatta piikikk\u00e4ist\u00e4 oksista. Satokausi on varsin pitk\u00e4. Viljell\u00e4\u00e4n kuten k\u00e4ynn\u00f6skasvi tuen kera, mielell\u00e4\u00e4n vasten l\u00e4mmint\u00e4 etel\u00e4sein\u00e4\u00e4 parhaan mahdollisen sadon saamiseksi viel\u00e4 my\u00f6h\u00e4issyksyn aikana. Luultavasti kaikkein talvenkest\u00e4vin karhunvadelmalajike. Vy\u00f6hyke: FI 1-5. SE 1-6.<\/p>","protected":false},"excerpt":{"rendered":"<p><span style=\"font-family: Arial, serif;\"><span style=\"font-size: medium;\">Aloituspaketti, jossa kaksi vadelmalajiketta ja yksi karhunvadelma.<br \/>\nKest\u00e4vi\u00e4 lajikkeita, jotka sopivat hy\u00f6typuutarhaan.<br \/>\n<strong>1 kpl siperialainen karhunvadelma<\/strong> (1,4 l)<strong><br \/>\n2 kpl `Ottawa\u00b4 puutarhavadelma\u00a0<\/strong> (kevyttaimi p9)<br \/>\n<strong>1 kpl `Glen Coe\u00b4 purppuravadelma<\/strong> (kevyttaimi p9)<\/span><\/span><\/p>\n<p><span style=\"font-family: Arial, serif;\"><span style=\"font-size: medium;\">\u00a0<\/span><\/span><\/p>","protected":false},"featured_media":4831,"template":"","meta":[],"product_brand":[],"product_cat":[248,312],"product_tag":[],"class_list":{"0":"post-10910","1":"product","2":"type-product","3":"status-publish","4":"has-post-thumbnail","6":"product_cat-barvaxter","7":"product_cat-paketerbjudanden","8":"product_shipping_class-postpaket","10":"first","11":"instock","12":"sale","13":"taxable","14":"shipping-taxable","15":"purchasable","16":"product-type-simple"},"_links":{"self":[{"href":"https:\/\/www3.blomqvistplantskola.com\/fi\/wp-json\/wp\/v2\/product\/10910","targetHints":{"allow":["GET"]}}],"collection":[{"href":"https:\/\/www3.blomqvistplantskola.com\/fi\/wp-json\/wp\/v2\/product"}],"about":[{"href":"https:\/\/www3.blomqvistplantskola.com\/fi\/wp-json\/wp\/v2\/types\/product"}],"wp:featuredmedia":[{"embeddable":true,"href":"https:\/\/www3.blomqvistplantskola.com\/fi\/wp-json\/wp\/v2\/media\/4831"}],"wp:attachment":[{"href":"https:\/\/www3.blomqvistplantskola.com\/fi\/wp-json\/wp\/v2\/media?parent=10910"}],"wp:term":[{"taxonomy":"product_brand","embeddable":true,"href":"https:\/\/www3.blomqvistplantskola.com\/fi\/wp-json\/wp\/v2\/product_brand?post=10910"},{"taxonomy":"product_cat","embeddable":true,"href":"https:\/\/www3.blomqvistplantskola.com\/fi\/wp-json\/wp\/v2\/product_cat?post=10910"},{"taxonomy":"product_tag","embeddable":true,"href":"https:\/\/www3.blomqvistplantskola.com\/fi\/wp-json\/wp\/v2\/product_tag?post=10910"}],"curies":[{"name":"wp","href":"https:\/\/api.w.org\/{rel}","templated":true}]}}