{"id":10911,"date":"2026-03-13T12:13:21","date_gmt":"2026-03-13T10:13:21","guid":{"rendered":"https:\/\/www3.blomqvistplantskola.com\/?post_type=product&#038;p=10911"},"modified":"2026-04-26T16:19:51","modified_gmt":"2026-04-26T14:19:51","slug":"tradgardshallon-2-st-rubus-idaeus-stiora","status":"publish","type":"product","link":"https:\/\/www3.blomqvistplantskola.com\/fi\/product\/tradgardshallon-2-st-rubus-idaeus-stiora\/","title":{"rendered":"<b>PUUTARHAVADELMA, 2 KPL <\/b><br>Rubus idaeus `Stiora\u00b4"},"content":{"rendered":"<p>2kpl kevyttaimia 9 cm:n ruukussa.<\/p>","protected":false},"excerpt":{"rendered":"<p><strong>Rubus idaeus `Stiora\u00b4 2<\/strong>\u00a0st. Omtyckt ny sort bland v\u00e5ra hallonsorter. Denna sort h\u00e4rstammar fr\u00e5n Norge, \u00e4r extra rikb\u00e4rande med mycket stora, fasta, delikata r\u00f6da hallon. M\u00e5nga omn\u00e4mner dem som &#8221;j\u00e4ttehallon&#8221;. B\u00e4ren \u00e4r mycket goda och smakliga. Passar utm\u00e4rkt som f\u00e4rska, men \u00e4ven till saft och sylt. En av de storfruktiga sorterna som har \u00f6vervintrat b\u00e4st i f\u00f6rs\u00f6k, dock ej lika l\u00e4nge provodlad som gamla kanadensiska sorterna Ottawa och Muskoka. En klar favorit bland v\u00e5ra kunder! Plantavst\u00e5nd 50 cm.<\/p>\n<p><strong>Vy\u00f6hyke: <\/strong>FI 1-4\/5. SE 1-5\/6.<br \/>\n<strong>Korkeus:<\/strong> 2-2,5 m<\/p>","protected":false},"featured_media":7719,"template":"","meta":[],"product_brand":[],"product_cat":[248,312],"product_tag":[],"class_list":{"0":"post-10911","1":"product","2":"type-product","3":"status-publish","4":"has-post-thumbnail","6":"product_cat-barvaxter","7":"product_cat-paketerbjudanden","8":"product_shipping_class-postpaket","10":"first","11":"instock","12":"taxable","13":"shipping-taxable","14":"purchasable","15":"product-type-simple"},"_links":{"self":[{"href":"https:\/\/www3.blomqvistplantskola.com\/fi\/wp-json\/wp\/v2\/product\/10911","targetHints":{"allow":["GET"]}}],"collection":[{"href":"https:\/\/www3.blomqvistplantskola.com\/fi\/wp-json\/wp\/v2\/product"}],"about":[{"href":"https:\/\/www3.blomqvistplantskola.com\/fi\/wp-json\/wp\/v2\/types\/product"}],"wp:featuredmedia":[{"embeddable":true,"href":"https:\/\/www3.blomqvistplantskola.com\/fi\/wp-json\/wp\/v2\/media\/7719"}],"wp:attachment":[{"href":"https:\/\/www3.blomqvistplantskola.com\/fi\/wp-json\/wp\/v2\/media?parent=10911"}],"wp:term":[{"taxonomy":"product_brand","embeddable":true,"href":"https:\/\/www3.blomqvistplantskola.com\/fi\/wp-json\/wp\/v2\/product_brand?post=10911"},{"taxonomy":"product_cat","embeddable":true,"href":"https:\/\/www3.blomqvistplantskola.com\/fi\/wp-json\/wp\/v2\/product_cat?post=10911"},{"taxonomy":"product_tag","embeddable":true,"href":"https:\/\/www3.blomqvistplantskola.com\/fi\/wp-json\/wp\/v2\/product_tag?post=10911"}],"curies":[{"name":"wp","href":"https:\/\/api.w.org\/{rel}","templated":true}]}}