{"id":10913,"date":"2026-03-13T14:07:32","date_gmt":"2026-03-13T12:07:32","guid":{"rendered":"https:\/\/www3.blomqvistplantskola.com\/?post_type=product&#038;p=10913"},"modified":"2026-04-23T21:57:58","modified_gmt":"2026-04-23T19:57:58","slug":"minikiwi-hane-actinidia-kolomikta-adam","status":"publish","type":"product","link":"https:\/\/www3.blomqvistplantskola.com\/fi\/product\/minikiwi-hane-actinidia-kolomikta-adam\/","title":{"rendered":"<b>MINIKIIVI, p\u00f6lytt\u00e4j\u00e4 <br><\/b>Actinidia kolomikta `Adam\u00b4"},"content":{"rendered":"<p>Taimi 2 litran ruukussa.<\/p>","protected":false},"excerpt":{"rendered":"<p>\"Poikataimi\", p\u00f6lytt\u00e4j\u00e4, joka p\u00f6lytt\u00e4\u00e4 emotaimia ryhm\u00e4st\u00e4 Actinidia kolomikta esim. Vitakola ja Anna. Kiipeilev\u00e4 kasvutapa. Kun taimi on noin 3 vuotias, muodostuu lehtiin v\u00e4hitellen kauniin kirjava v\u00e4ritys (vihre\u00e4-roosa-valkoinen), samoihin aikoihin, kun emotaimelta voi alkaa odottaa satoa, mik\u00e4li ovat samaan aikaan istutetut. Voidaan k\u00e4ytt\u00e4\u00e4 my\u00f6s n\u00e4ytt\u00e4v\u00e4n\u00e4 k\u00e4ynn\u00f6skasvina peitt\u00e4m\u00e4\u00e4n pergoloita ym. Lajiketta kutsutaan my\u00f6s kameleonttipensaaksi \/ kiinanlaikkuk\u00f6ynn\u00f6kseksi, mutta myyd\u00e4\u00e4n useimmiten ilman lajikenime\u00e4.<\/p>\n<p><span style=\"font-family: Arial, serif;\"><span style=\"font-size: medium;\">\u00a0<\/span><\/span><\/p>","protected":false},"featured_media":0,"template":"","meta":[],"product_brand":[],"product_cat":[248],"product_tag":[],"class_list":{"0":"post-10913","1":"product","2":"type-product","3":"status-publish","5":"product_cat-barvaxter","6":"product_shipping_class-postpaket","8":"first","9":"instock","10":"taxable","11":"shipping-taxable","12":"purchasable","13":"product-type-simple"},"_links":{"self":[{"href":"https:\/\/www3.blomqvistplantskola.com\/fi\/wp-json\/wp\/v2\/product\/10913","targetHints":{"allow":["GET"]}}],"collection":[{"href":"https:\/\/www3.blomqvistplantskola.com\/fi\/wp-json\/wp\/v2\/product"}],"about":[{"href":"https:\/\/www3.blomqvistplantskola.com\/fi\/wp-json\/wp\/v2\/types\/product"}],"wp:attachment":[{"href":"https:\/\/www3.blomqvistplantskola.com\/fi\/wp-json\/wp\/v2\/media?parent=10913"}],"wp:term":[{"taxonomy":"product_brand","embeddable":true,"href":"https:\/\/www3.blomqvistplantskola.com\/fi\/wp-json\/wp\/v2\/product_brand?post=10913"},{"taxonomy":"product_cat","embeddable":true,"href":"https:\/\/www3.blomqvistplantskola.com\/fi\/wp-json\/wp\/v2\/product_cat?post=10913"},{"taxonomy":"product_tag","embeddable":true,"href":"https:\/\/www3.blomqvistplantskola.com\/fi\/wp-json\/wp\/v2\/product_tag?post=10913"}],"curies":[{"name":"wp","href":"https:\/\/api.w.org\/{rel}","templated":true}]}}